{"id":14179,"date":"2025-11-12T14:36:20","date_gmt":"2025-11-12T06:36:20","guid":{"rendered":"https:\/\/www.gatorlamination.com\/product\/enduksiyon-motoru-cekirdegi\/"},"modified":"2025-11-27T10:01:11","modified_gmt":"2025-11-27T02:01:11","slug":"enduksiyon-motoru-cekirdegi","status":"publish","type":"product","link":"https:\/\/www.gatorlamination.com\/tr\/enduksiyon-motoru-cekirdegi\/","title":{"rendered":"End\u00fcksiyon Motoru \u00c7ekirde\u011fi"},"content":{"rendered":"<h2>Teknik \u00d6zellikler<\/h2>\n<table>\n<tbody>\n<tr>\n<td>Parametre<\/td>\n<td>\u015eartname<\/td>\n<\/tr>\n<tr>\n<td>Malzeme<\/td>\n<td>Y\u00f6nlendirilmemi\u015f Silisyum \u00c7elik<\/td>\n<\/tr>\n<tr>\n<td>Laminasyon Kal\u0131nl\u0131\u011f\u0131<\/td>\n<td>0.2\u20130.5 mm<\/td>\n<\/tr>\n<tr>\n<td>D\u0131\u015f \u00c7ap (Stator \u00c7ekirde\u011fi)<\/td>\n<td>50\u2013800 mm<\/td>\n<\/tr>\n<tr>\n<td>D\u0131\u015f \u00c7ap (Rotor \u00c7ekirde\u011fi)<\/td>\n<td>30\u2013700 mm<\/td>\n<\/tr>\n<tr>\n<td>Y\u0131\u011f\u0131n Y\u00fcksekli\u011fi<\/td>\n<td>10\u2013600 mm<\/td>\n<\/tr>\n<tr>\n<td>Kaplama T\u00fcr\u00fc<\/td>\n<td>C-3, C-5 veya \u00d6zel<\/td>\n<\/tr>\n<tr>\n<td>\u00c7apak Tolerans\u0131<\/td>\n<td>\u22640.02 mm<\/td>\n<\/tr>\n<tr>\n<td>Montaj Y\u00f6ntemi<\/td>\n<td>Kilitleme \/ Ba\u011flama \/ Per\u00e7in \/ Kaynak<\/td>\n<\/tr>\n<\/tbody>\n<\/table>\n<h2>\u00d6zelle\u015ftirme ve OEM Hizmeti<\/h2>\n<ul>\n<li>\u00d6zel laminasyon derecesi ve kaplama t\u00fcr\u00fc.<\/li>\n<li>Yuva\/kutup say\u0131s\u0131 ve e\u011fik a\u00e7\u0131 tasar\u0131m\u0131.<\/li>\n<li>Lazer kesim ile prototip geli\u015ftirme.<\/li>\n<li>\u00d6rneklerden veya \u00e7izimlerden tersine m\u00fchendislik.<\/li>\n<li>Tam DFM deste\u011fi ve PPAP dok\u00fcmantasyonu.<\/li>\n<\/ul>\n<h2>Uygulamalar<\/h2>\n<ul>\n<li>End\u00fcstriyel Pompalar ve Kompres\u00f6rler<\/li>\n<li>HVAC Motorlar\u0131 ve Fanlar\u0131<\/li>\n<li>Tak\u0131m Tezgahlar\u0131 ve Konvey\u00f6rler<\/li>\n<li>Asans\u00f6rler ve Kald\u0131rma Makineleri<\/li>\n<li>Tar\u0131m ve Madencilik Ekipmanlar\u0131<\/li>\n<\/ul>\n","protected":false},"excerpt":{"rendered":"<ul>\n<li><strong>S\u0131k\u0131 Toleranslar:<\/strong> Hassas damgalama\/lazer kesim, tutarl\u0131l\u0131k i\u00e7in \u00e7apak \u22640,02 mm&#8217;yi kontrol eder.<\/li>\n<li><strong>\u00d6zelle\u015ftirilebilir Tasar\u0131m:<\/strong> \u0130htiyaca g\u00f6re yuva, direk, e\u011fik ve havaland\u0131rma se\u00e7enekleri.<\/li>\n<li><strong>Geni\u015f Boyut Aral\u0131\u011f\u0131:<\/strong> Stator \u00d8 50\u2013800 mm, Rotor \u00d8 30\u2013700 mm.<\/li>\n<li><strong>Dayan\u0131kl\u0131 Kaplama:<\/strong> Y\u00fcksek s\u0131cakl\u0131k yal\u0131t\u0131m\u0131 performans kararl\u0131l\u0131\u011f\u0131n\u0131 art\u0131r\u0131r.<\/li>\n<li><strong>Esnek \u00dcretim:<\/strong> Hem k\u00fc\u00e7\u00fck parti prototiplerini hem de y\u00fcksek hacimli \u00e7al\u0131\u015fmalar\u0131 destekler.<\/li>\n<\/ul>\n","protected":false},"featured_media":13309,"comment_status":"closed","ping_status":"closed","template":"","meta":{"site-sidebar-layout":"default","site-content-layout":"","ast-site-content-layout":"default","site-content-style":"default","site-sidebar-style":"default","ast-global-header-display":"","ast-banner-title-visibility":"","ast-main-header-display":"","ast-hfb-above-header-display":"","ast-hfb-below-header-display":"","ast-hfb-mobile-header-display":"","site-post-title":"","ast-breadcrumbs-content":"","ast-featured-img":"","footer-sml-layout":"","theme-transparent-header-meta":"default","adv-header-id-meta":"","stick-header-meta":"","header-above-stick-meta":"","header-main-stick-meta":"","header-below-stick-meta":"","astra-migrate-meta-layouts":"set","ast-page-background-enabled":"default","ast-page-background-meta":{"desktop":{"background-color":"var(--ast-global-color-4)","background-image":"","background-repeat":"repeat","background-position":"center center","background-size":"auto","background-attachment":"scroll","background-type":"","background-media":"","overlay-type":"","overlay-color":"","overlay-opacity":"","overlay-gradient":""},"tablet":{"background-color":"","background-image":"","background-repeat":"repeat","background-position":"center center","background-size":"auto","background-attachment":"scroll","background-type":"","background-media":"","overlay-type":"","overlay-color":"","overlay-opacity":"","overlay-gradient":""},"mobile":{"background-color":"","background-image":"","background-repeat":"repeat","background-position":"center center","background-size":"auto","background-attachment":"scroll","background-type":"","background-media":"","overlay-type":"","overlay-color":"","overlay-opacity":"","overlay-gradient":""}},"ast-content-background-meta":{"desktop":{"background-color":"var(--ast-global-color-5)","background-image":"","background-repeat":"repeat","background-position":"center center","background-size":"auto","background-attachment":"scroll","background-type":"","background-media":"","overlay-type":"","overlay-color":"","overlay-opacity":"","overlay-gradient":""},"tablet":{"background-color":"var(--ast-global-color-5)","background-image":"","background-repeat":"repeat","background-position":"center center","background-size":"auto","background-attachment":"scroll","background-type":"","background-media":"","overlay-type":"","overlay-color":"","overlay-opacity":"","overlay-gradient":""},"mobile":{"background-color":"var(--ast-global-color-5)","background-image":"","background-repeat":"repeat","background-position":"center center","background-size":"auto","background-attachment":"scroll","background-type":"","background-media":"","overlay-type":"","overlay-color":"","overlay-opacity":"","overlay-gradient":""}}},"product_brand":[],"product_cat":[84],"product_tag":[],"class_list":{"0":"post-14179","1":"product","2":"type-product","3":"status-publish","4":"has-post-thumbnail","6":"product_cat-yiginlar","7":"desktop-align-left","8":"tablet-align-left","9":"mobile-align-left","11":"first","12":"instock","13":"shipping-taxable","14":"product-type-simple"},"_links":{"self":[{"href":"https:\/\/www.gatorlamination.com\/tr\/wp-json\/wp\/v2\/product\/14179","targetHints":{"allow":["GET"]}}],"collection":[{"href":"https:\/\/www.gatorlamination.com\/tr\/wp-json\/wp\/v2\/product"}],"about":[{"href":"https:\/\/www.gatorlamination.com\/tr\/wp-json\/wp\/v2\/types\/product"}],"replies":[{"embeddable":true,"href":"https:\/\/www.gatorlamination.com\/tr\/wp-json\/wp\/v2\/comments?post=14179"}],"wp:featuredmedia":[{"embeddable":true,"href":"https:\/\/www.gatorlamination.com\/tr\/wp-json\/wp\/v2\/media\/13309"}],"wp:attachment":[{"href":"https:\/\/www.gatorlamination.com\/tr\/wp-json\/wp\/v2\/media?parent=14179"}],"wp:term":[{"taxonomy":"product_brand","embeddable":true,"href":"https:\/\/www.gatorlamination.com\/tr\/wp-json\/wp\/v2\/product_brand?post=14179"},{"taxonomy":"product_cat","embeddable":true,"href":"https:\/\/www.gatorlamination.com\/tr\/wp-json\/wp\/v2\/product_cat?post=14179"},{"taxonomy":"product_tag","embeddable":true,"href":"https:\/\/www.gatorlamination.com\/tr\/wp-json\/wp\/v2\/product_tag?post=14179"}],"curies":[{"name":"wp","href":"https:\/\/api.w.org\/{rel}","templated":true}]}}