{"id":14055,"date":"2025-11-12T09:33:12","date_gmt":"2025-11-12T01:33:12","guid":{"rendered":"https:\/\/www.gatorlamination.com\/product\/dogrusal-motor-laminasyonu\/"},"modified":"2025-11-26T17:34:58","modified_gmt":"2025-11-26T09:34:58","slug":"dogrusal-motor-laminasyonu","status":"publish","type":"product","link":"https:\/\/www.gatorlamination.com\/tr\/dogrusal-motor-laminasyonu\/","title":{"rendered":"Do\u011frusal Motor Laminasyonu"},"content":{"rendered":"<h2>Teknik \u00d6zellikler<\/h2>\n<table>\n<tbody>\n<tr>\n<td>Parametre<\/td>\n<td>\u015eartname<\/td>\n<\/tr>\n<tr>\n<td>Malzeme<\/td>\n<td>Silikon \u00c7elik Sac<\/td>\n<\/tr>\n<tr>\n<td>Boyut Aral\u0131\u011f\u0131<\/td>\n<td>150\u20131500 mm<\/td>\n<\/tr>\n<tr>\n<td>Ba\u015fvuru<\/td>\n<td>Servo, \u0130steksizlik, Ta\u015f\u0131ma, Hidrolik, Asans\u00f6r, Yeni Enerji<\/td>\n<\/tr>\n<tr>\n<td>Tip<\/td>\n<td>Damgalama Laminasyonu<\/td>\n<\/tr>\n<tr>\n<td>Kullan\u0131m<\/td>\n<td>DC ve AC Motor<\/td>\n<\/tr>\n<tr>\n<td>Sertifikasyon<\/td>\n<td>ISO9001, IATF16949<\/td>\n<\/tr>\n<tr>\n<td>\u00dcretim S\u00fcreci<\/td>\n<td>Y\u00fcksek h\u0131zl\u0131 hassas damgalama<\/td>\n<\/tr>\n<\/tbody>\n<\/table>\n<h2>\u00d6zelle\u015ftirme ve OEM Hizmeti<\/h2>\n<ul>\n<li><strong>Boyut Se\u00e7enekleri:<\/strong> Uzunluk 150 \u2013 1500 mm, \u00f6zelle\u015ftirilebilir \u00e7ekirdek geni\u015fli\u011fi ve kal\u0131nl\u0131\u011f\u0131.<\/li>\n<li><strong>Kaplama Se\u00e7imi:<\/strong> Geli\u015fmi\u015f dayan\u0131kl\u0131l\u0131k i\u00e7in iste\u011fe ba\u011fl\u0131 yal\u0131t\u0131m kaplamalar\u0131.<\/li>\n<li><strong>Malzeme S\u0131n\u0131flar\u0131:<\/strong> Manyetik performans ihtiya\u00e7lar\u0131n\u0131 kar\u015f\u0131lamak i\u00e7in \u00e7e\u015fitli silikon-\u00e7elik s\u0131n\u0131flar\u0131nda mevcuttur.<\/li>\n<li><strong>Delme T\u00fcrleri:<\/strong> Bile\u015fik, y\u00fcksek h\u0131zl\u0131 ve hassas tek yuval\u0131 damgalama deste\u011fi.<\/li>\n<li><strong>Prototip ve Seri \u00dcretim:<\/strong> Ar-Ge veya seri \u00fcretim i\u00e7in esnek hacimler.<\/li>\n<li><strong>M\u00fchendislik Deste\u011fi:<\/strong> Laminasyon tasar\u0131m\u0131, termal kontrol ve montaj uyumlulu\u011fu konusunda yard\u0131m.<\/li>\n<\/ul>\n<h2>Uygulama Alanlar\u0131<\/h2>\n<ul>\n<li><strong>Servo Motorlar:<\/strong> Y\u00fcksek hassasiyetli hareket kontrol sistemleri.<\/li>\n<li><strong>Ta\u015f\u0131ma Sistemleri:<\/strong> Rayl\u0131 veya manyetik levitasyonlu tasar\u0131mlar i\u00e7in do\u011frusal tahrik \u00e7\u00f6z\u00fcmleri.<\/li>\n<li><strong>Asans\u00f6r Tahrikleri:<\/strong> Verimli \u00e7eki\u015f ve yumu\u015fak kald\u0131rma hareketi.<\/li>\n<li><strong>Hidrolik Sistemler:<\/strong> End\u00fcstriyel otomasyonda hassas konumland\u0131rma.<\/li>\n<li><strong>Yeni Enerji Ekipmanlar\u0131:<\/strong> Enerji tasarruflu ve s\u00fcrd\u00fcr\u00fclebilir do\u011frusal hareket motorlar\u0131.<\/li>\n<\/ul>\n","protected":false},"excerpt":{"rendered":"<ul>\n<li><strong>Basit Yap\u0131:<\/strong> Basitle\u015ftirilmi\u015f tasar\u0131m, kolay montaj, bak\u0131m ve g\u00fcvenilir performans sa\u011flar.<\/li>\n<li><strong>Y\u00fcksek H\u0131zl\u0131 Hareket:<\/strong> Verimli, h\u0131zl\u0131 ve d\u00fczg\u00fcn do\u011frusal yer de\u011fi\u015ftirme i\u00e7in optimize edilmi\u015ftir.<\/li>\n<li><strong>Y\u00fcksek Primer Sarg\u0131 Kullan\u0131m\u0131:<\/strong> Enerji kayb\u0131n\u0131 en aza indirirken elektromanyetik verimlili\u011fi en \u00fcst d\u00fczeye \u00e7\u0131kar\u0131r.<\/li>\n<li><strong>Dengeli Manyetik Kuvvet:<\/strong> Hassasiyeti ve dengeyi art\u0131rmak i\u00e7in tek tarafl\u0131 manyetik gerilimi ortadan kald\u0131r\u0131r.<\/li>\n<li><strong>Yanal Kenar Etkisi Yok: <\/strong> D\u00fczg\u00fcn manyetik alan da\u011f\u0131l\u0131m\u0131 ve tutarl\u0131 do\u011frusal hareket sa\u011flar.<\/li>\n<li><strong>Kolay Ayarlama ve Kontrol:<\/strong> \u00c7e\u015fitli uygulamalar i\u00e7in kurulumu, kalibrasyonu ve operasyonel ayarlamay\u0131 basitle\u015ftirir.<\/li>\n<\/ul>\n","protected":false},"featured_media":13388,"comment_status":"closed","ping_status":"closed","template":"","meta":{"site-sidebar-layout":"default","site-content-layout":"","ast-site-content-layout":"default","site-content-style":"default","site-sidebar-style":"default","ast-global-header-display":"","ast-banner-title-visibility":"","ast-main-header-display":"","ast-hfb-above-header-display":"","ast-hfb-below-header-display":"","ast-hfb-mobile-header-display":"","site-post-title":"","ast-breadcrumbs-content":"","ast-featured-img":"","footer-sml-layout":"","theme-transparent-header-meta":"default","adv-header-id-meta":"","stick-header-meta":"","header-above-stick-meta":"","header-main-stick-meta":"","header-below-stick-meta":"","astra-migrate-meta-layouts":"set","ast-page-background-enabled":"default","ast-page-background-meta":{"desktop":{"background-color":"var(--ast-global-color-4)","background-image":"","background-repeat":"repeat","background-position":"center center","background-size":"auto","background-attachment":"scroll","background-type":"","background-media":"","overlay-type":"","overlay-color":"","overlay-opacity":"","overlay-gradient":""},"tablet":{"background-color":"","background-image":"","background-repeat":"repeat","background-position":"center center","background-size":"auto","background-attachment":"scroll","background-type":"","background-media":"","overlay-type":"","overlay-color":"","overlay-opacity":"","overlay-gradient":""},"mobile":{"background-color":"","background-image":"","background-repeat":"repeat","background-position":"center center","background-size":"auto","background-attachment":"scroll","background-type":"","background-media":"","overlay-type":"","overlay-color":"","overlay-opacity":"","overlay-gradient":""}},"ast-content-background-meta":{"desktop":{"background-color":"var(--ast-global-color-5)","background-image":"","background-repeat":"repeat","background-position":"center center","background-size":"auto","background-attachment":"scroll","background-type":"","background-media":"","overlay-type":"","overlay-color":"","overlay-opacity":"","overlay-gradient":""},"tablet":{"background-color":"var(--ast-global-color-5)","background-image":"","background-repeat":"repeat","background-position":"center center","background-size":"auto","background-attachment":"scroll","background-type":"","background-media":"","overlay-type":"","overlay-color":"","overlay-opacity":"","overlay-gradient":""},"mobile":{"background-color":"var(--ast-global-color-5)","background-image":"","background-repeat":"repeat","background-position":"center center","background-size":"auto","background-attachment":"scroll","background-type":"","background-media":"","overlay-type":"","overlay-color":"","overlay-opacity":"","overlay-gradient":""}}},"product_brand":[],"product_cat":[79],"product_tag":[],"class_list":{"0":"post-14055","1":"product","2":"type-product","3":"status-publish","4":"has-post-thumbnail","6":"product_cat-laminasyon","7":"desktop-align-left","8":"tablet-align-left","9":"mobile-align-left","11":"first","12":"instock","13":"shipping-taxable","14":"product-type-simple"},"_links":{"self":[{"href":"https:\/\/www.gatorlamination.com\/tr\/wp-json\/wp\/v2\/product\/14055","targetHints":{"allow":["GET"]}}],"collection":[{"href":"https:\/\/www.gatorlamination.com\/tr\/wp-json\/wp\/v2\/product"}],"about":[{"href":"https:\/\/www.gatorlamination.com\/tr\/wp-json\/wp\/v2\/types\/product"}],"replies":[{"embeddable":true,"href":"https:\/\/www.gatorlamination.com\/tr\/wp-json\/wp\/v2\/comments?post=14055"}],"wp:featuredmedia":[{"embeddable":true,"href":"https:\/\/www.gatorlamination.com\/tr\/wp-json\/wp\/v2\/media\/13388"}],"wp:attachment":[{"href":"https:\/\/www.gatorlamination.com\/tr\/wp-json\/wp\/v2\/media?parent=14055"}],"wp:term":[{"taxonomy":"product_brand","embeddable":true,"href":"https:\/\/www.gatorlamination.com\/tr\/wp-json\/wp\/v2\/product_brand?post=14055"},{"taxonomy":"product_cat","embeddable":true,"href":"https:\/\/www.gatorlamination.com\/tr\/wp-json\/wp\/v2\/product_cat?post=14055"},{"taxonomy":"product_tag","embeddable":true,"href":"https:\/\/www.gatorlamination.com\/tr\/wp-json\/wp\/v2\/product_tag?post=14055"}],"curies":[{"name":"wp","href":"https:\/\/api.w.org\/{rel}","templated":true}]}}