{"id":10527,"date":"2024-12-17T11:17:17","date_gmt":"2024-12-17T03:17:17","guid":{"rendered":"https:\/\/www.gatorlamination.com\/bize-ulasin\/"},"modified":"2025-12-19T10:54:54","modified_gmt":"2025-12-19T02:54:54","slug":"bize-ulasin","status":"publish","type":"page","link":"https:\/\/www.gatorlamination.com\/tr\/bize-ulasin\/","title":{"rendered":"Bize Ula\u015f\u0131n"},"content":{"rendered":"\t\t<div data-elementor-type=\"wp-page\" data-elementor-id=\"10527\" class=\"elementor elementor-10527 elementor-1559\" data-elementor-post-type=\"page\">\n\t\t\t\t<div class=\"elementor-element elementor-element-43559ad e-flex e-con-boxed e-con e-parent\" data-id=\"43559ad\" data-element_type=\"container\" data-settings=\"{&quot;background_background&quot;:&quot;classic&quot;}\">\n\t\t\t\t\t<div class=\"e-con-inner\">\n\t\t<div class=\"elementor-element elementor-element-1731717 e-con-full e-flex e-con e-child\" data-id=\"1731717\" data-element_type=\"container\">\n\t\t<div class=\"elementor-element elementor-element-f09d743 e-con-full e-flex e-con e-child\" data-id=\"f09d743\" data-element_type=\"container\">\n\t\t\t\t<div class=\"elementor-element elementor-element-e2785fa elementor-widget elementor-widget-heading\" data-id=\"e2785fa\" data-element_type=\"widget\" data-widget_type=\"heading.default\">\n\t\t\t\t<div class=\"elementor-widget-container\">\n\t\t\t<h2 class=\"elementor-heading-title elementor-size-default\">Bizimle \u0130leti\u015fime Ge\u00e7in<\/h2>\t\t<\/div>\n\t\t\t\t<\/div>\n\t\t\t\t<div class=\"elementor-element elementor-element-1095f34 elementor-icon-list--layout-traditional elementor-list-item-link-full_width elementor-widget elementor-widget-icon-list\" data-id=\"1095f34\" data-element_type=\"widget\" data-widget_type=\"icon-list.default\">\n\t\t\t\t<div class=\"elementor-widget-container\">\n\t\t\t\t\t<ul class=\"elementor-icon-list-items\">\n\t\t\t\t\t\t\t<li class=\"elementor-icon-list-item\">\n\t\t\t\t\t\t\t\t\t\t\t<span class=\"elementor-icon-list-icon\">\n\t\t\t\t\t\t\t<svg aria-hidden=\"true\" class=\"e-font-icon-svg e-far-dot-circle\" viewBox=\"0 0 512 512\" xmlns=\"http:\/\/www.w3.org\/2000\/svg\"><path d=\"M256 56c110.532 0 200 89.451 200 200 0 110.532-89.451 200-200 200-110.532 0-200-89.451-200-200 0-110.532 89.451-200 200-200m0-48C119.033 8 8 119.033 8 256s111.033 248 248 248 248-111.033 248-248S392.967 8 256 8zm0 168c-44.183 0-80 35.817-80 80s35.817 80 80 80 80-35.817 80-80-35.817-80-80-80z\"><\/path><\/svg>\t\t\t\t\t\t<\/span>\n\t\t\t\t\t\t\t\t\t\t<span class=\"elementor-icon-list-text\">Motorlar ve jenerat\u00f6rler i\u00e7in lamine sa\u00e7lar, y\u0131\u011f\u0131n \u00e7ekirdekler, statorlar ve rotorlarda uzman\u0131z.<\/span>\n\t\t\t\t\t\t\t\t\t<\/li>\n\t\t\t\t\t\t\t\t<li class=\"elementor-icon-list-item\">\n\t\t\t\t\t\t\t\t\t\t\t<span class=\"elementor-icon-list-icon\">\n\t\t\t\t\t\t\t<svg aria-hidden=\"true\" class=\"e-font-icon-svg e-far-dot-circle\" viewBox=\"0 0 512 512\" xmlns=\"http:\/\/www.w3.org\/2000\/svg\"><path d=\"M256 56c110.532 0 200 89.451 200 200 0 110.532-89.451 200-200 200-110.532 0-200-89.451-200-200 0-110.532 89.451-200 200-200m0-48C119.033 8 8 119.033 8 256s111.033 248 248 248 248-111.033 248-248S392.967 8 256 8zm0 168c-44.183 0-80 35.817-80 80s35.817 80 80 80 80-35.817 80-80-35.817-80-80-80z\"><\/path><\/svg>\t\t\t\t\t\t<\/span>\n\t\t\t\t\t\t\t\t\t\t<span class=\"elementor-icon-list-text\">Ayr\u0131nt\u0131l\u0131 \u00fcr\u00fcn bilgisi ar\u0131yorsan\u0131z, belirli bir sorunuz varsa veya \u00f6zel bir projeyi g\u00f6r\u00fc\u015fmek istiyorsan\u0131z, ekibimiz kapsaml\u0131 yard\u0131m sa\u011flamaya haz\u0131r.<\/span>\n\t\t\t\t\t\t\t\t\t<\/li>\n\t\t\t\t\t\t<\/ul>\n\t\t\t\t<\/div>\n\t\t\t\t<\/div>\n\t\t\t\t<\/div>\n\t\t<div class=\"elementor-element elementor-element-d53f7ae e-con-full e-flex e-con e-child\" data-id=\"d53f7ae\" data-element_type=\"container\">\n\t\t\t\t<div class=\"elementor-element elementor-element-b9b4492 elementor-view-framed elementor-position-left elementor-vertical-align-middle elementor-tablet_extra-position-left elementor-vertical-align-middle elementor-mobile-position-left elementor-vertical-align-middle elementor-widget-mobile_extra__width-initial elementor-shape-circle elementor-widget elementor-widget-icon-box\" data-id=\"b9b4492\" data-element_type=\"widget\" data-widget_type=\"icon-box.default\">\n\t\t\t\t<div class=\"elementor-widget-container\">\n\t\t\t\t\t<div class=\"elementor-icon-box-wrapper\">\n\n\t\t\t\t\t\t<div class=\"elementor-icon-box-icon\">\n\t\t\t\t<span  class=\"elementor-icon elementor-animation-\">\n\t\t\t\t<svg xmlns=\"http:\/\/www.w3.org\/2000\/svg\" xmlns:xlink=\"http:\/\/www.w3.org\/1999\/xlink\" class=\"icon\" viewBox=\"0 0 1365 1024\" width=\"26.66015625\" height=\"20\"><path d=\"M1359.35 962.136l-408.149-474.71 408.625-423.363c2.912 8.736 4.933 17.888 4.933 27.515v841.616c0 10.163-2.199 19.79-5.408 28.942zM817.727 483.564L682.41 589.524l-134.9-105.722-68.521-53.604L67.926 4.933C76.424 2.496 85.219 0.773 94.49 0.773h1175.957c9.27 0 18.007 1.723 26.505 4.16L886.128 429.9l-68.402 53.663zM5.586 962.136a85.635 85.635 0 0 1-5.408-28.942V91.578c0-9.627 2.02-18.779 4.933-27.515l408.863 423.542L5.586 962.135zM682.41 697.92L882.74 541.03l413.142 479.107a94.728 94.728 0 0 1-25.435 3.863H94.49c-8.855 0-17.293-1.605-25.435-3.803l413.38-478.929L682.409 697.92z\" fill=\"#f1281f\"><\/path><\/svg>\t\t\t\t<\/span>\n\t\t\t<\/div>\n\t\t\t\n\t\t\t\t\t\t<div class=\"elementor-icon-box-content\">\n\n\t\t\t\t\t\t\t\t\t<h3 class=\"elementor-icon-box-title\">\n\t\t\t\t\t\t<span  >\n\t\t\t\t\t\t\tE-posta\t\t\t\t\t\t<\/span>\n\t\t\t\t\t<\/h3>\n\t\t\t\t\n\t\t\t\t\t\t\t\t\t<p class=\"elementor-icon-box-description\">\n\t\t\t\t\t\t<a href=\"mailto:sd12@jygtr.com\">sd12@jygtr.com<\/a>\t\t\t\t\t<\/p>\n\t\t\t\t\n\t\t\t<\/div>\n\t\t\t\n\t\t<\/div>\n\t\t\t\t<\/div>\n\t\t\t\t<\/div>\n\t\t\t\t<div class=\"elementor-element elementor-element-58ce45d elementor-view-framed elementor-position-left elementor-vertical-align-middle elementor-tablet_extra-position-left elementor-vertical-align-middle elementor-mobile-position-left elementor-vertical-align-middle elementor-widget-mobile_extra__width-initial elementor-shape-circle elementor-widget elementor-widget-icon-box\" data-id=\"58ce45d\" data-element_type=\"widget\" data-widget_type=\"icon-box.default\">\n\t\t\t\t<div class=\"elementor-widget-container\">\n\t\t\t\t\t<div class=\"elementor-icon-box-wrapper\">\n\n\t\t\t\t\t\t<div class=\"elementor-icon-box-icon\">\n\t\t\t\t<span  class=\"elementor-icon elementor-animation-\">\n\t\t\t\t<svg xmlns=\"http:\/\/www.w3.org\/2000\/svg\" xmlns:xlink=\"http:\/\/www.w3.org\/1999\/xlink\" class=\"icon\" viewBox=\"0 0 1024 1024\" id=\"mx_n_1734491845160\" width=\"36\" height=\"36\"><path d=\"M996.651 807.26L839.924 650.15c-31.211-31.147-82.907-30.197-115.208 2.175L645.76 731.46a4390.23 4390.23 0 0 1-15.582-8.703c-49.844-27.69-118.1-65.624-189.917-137.669-72.005-72.17-109.925-140.672-137.62-190.678-2.941-5.299-5.743-10.405-8.492-15.249l52.994-53.023 26.033-26.162c32.372-32.427 33.264-84.225 2.101-115.475L218.557 27.389c-31.128-31.212-82.86-30.265-115.213 2.177 0 0-70.147 86.504-79.339 110.069-8.492 22.424-13.797 43.813-16.213 65.255-20.677 171.954 57.703 329.1 270.465 542.341 294.099 294.747 531.104 272.496 541.331 271.392 22.27-2.668 43.609-8.001 65.302-16.438 23.317-9.143 109.681-79.383 109.681-79.383 32.295-32.444 33.204-84.242 2.08-115.542z\" fill=\"#040000\"><\/path><\/svg>\t\t\t\t<\/span>\n\t\t\t<\/div>\n\t\t\t\n\t\t\t\t\t\t<div class=\"elementor-icon-box-content\">\n\n\t\t\t\t\t\t\t\t\t<h3 class=\"elementor-icon-box-title\">\n\t\t\t\t\t\t<span  >\n\t\t\t\t\t\t\tBizi aray\u0131n\t\t\t\t\t\t<\/span>\n\t\t\t\t\t<\/h3>\n\t\t\t\t\n\t\t\t\t\t\t\t\t\t<p class=\"elementor-icon-box-description\">\n\t\t\t\t\t\t+86 19539944134\t\t\t\t\t<\/p>\n\t\t\t\t\n\t\t\t<\/div>\n\t\t\t\n\t\t<\/div>\n\t\t\t\t<\/div>\n\t\t\t\t<\/div>\n\t\t\t\t<div class=\"elementor-element elementor-element-849d7f0 elementor-view-framed elementor-position-left elementor-vertical-align-middle elementor-tablet_extra-position-left elementor-vertical-align-middle elementor-mobile-position-left elementor-vertical-align-middle elementor-widget-mobile_extra__width-initial elementor-shape-circle elementor-widget elementor-widget-icon-box\" data-id=\"849d7f0\" data-element_type=\"widget\" data-widget_type=\"icon-box.default\">\n\t\t\t\t<div class=\"elementor-widget-container\">\n\t\t\t\t\t<div class=\"elementor-icon-box-wrapper\">\n\n\t\t\t\t\t\t<div class=\"elementor-icon-box-icon\">\n\t\t\t\t<span  class=\"elementor-icon elementor-animation-\">\n\t\t\t\t<svg xmlns=\"http:\/\/www.w3.org\/2000\/svg\" xmlns:xlink=\"http:\/\/www.w3.org\/1999\/xlink\" class=\"icon\" viewBox=\"0 0 1024 1024\" id=\"mx_n_1734491770032\" width=\"36\" height=\"36\"><path d=\"M511.872427 0h0.256C794.45376 0 1024.000427 229.674667 1024.000427 512s-229.589333 512-511.872 512c-104.106667 0-200.704-31.018667-281.6-84.565333L33.707093 1002.325333l63.786667-190.250666A508.245333 508.245333 0 0 1 0.000427 512C0.000427 229.674667 229.58976 0 511.872427 0zM365.39776 281.429333c-9.770667-23.338667-17.194667-24.234667-32-24.832A285.525333 285.525333 0 0 0 316.50176 256c-19.285333 0-39.424 5.632-51.626667 18.048C250.155093 289.109333 213.33376 324.266667 213.33376 396.501333c0 72.149333 52.778667 141.952 59.861333 151.722667 7.424 9.728 102.912 160 251.093334 221.226667 115.925333 47.914667 150.314667 43.477333 176.725333 37.845333 38.528-8.277333 86.826667-36.693333 98.986667-70.954667 12.16-34.346667 12.16-63.616 8.618666-69.845333-3.584-6.186667-13.354667-9.728-28.16-17.152-14.848-7.381333-86.869333-42.88-100.522666-47.616-13.354667-4.992-26.069333-3.242667-36.138667 10.965333-14.250667 19.797333-28.16 39.936-39.466667 52.053334-8.874667 9.472-23.424 10.666667-35.541333 5.632-16.298667-6.826667-61.952-22.784-118.314667-72.789334-43.562667-38.741333-73.216-86.954667-81.792-101.418666-8.618667-14.805333-0.896-23.381333 5.930667-31.36 7.381333-9.173333 14.506667-15.658667 21.930667-24.234667 7.424-8.576 11.52-13.013333 16.298666-23.082667 5.034667-9.770667 1.493333-19.84-2.090666-27.221333-3.541333-7.381333-33.194667-79.573333-45.354667-108.8z\" fill=\"#25D366\"><\/path><\/svg>\t\t\t\t<\/span>\n\t\t\t<\/div>\n\t\t\t\n\t\t\t\t\t\t<div class=\"elementor-icon-box-content\">\n\n\t\t\t\t\t\t\t\t\t<h3 class=\"elementor-icon-box-title\">\n\t\t\t\t\t\t<span  >\n\t\t\t\t\t\t\tWhatsapp\t\t\t\t\t\t<\/span>\n\t\t\t\t\t<\/h3>\n\t\t\t\t\n\t\t\t\t\t\t\t\t\t<p class=\"elementor-icon-box-description\">\n\t\t\t\t\t\t+86 19539944134\t\t\t\t\t<\/p>\n\t\t\t\t\n\t\t\t<\/div>\n\t\t\t\n\t\t<\/div>\n\t\t\t\t<\/div>\n\t\t\t\t<\/div>\n\t\t\t\t<div class=\"elementor-element elementor-element-2c8cb19 elementor-view-framed elementor-position-left elementor-tablet_extra-position-left elementor-vertical-align-middle elementor-mobile-position-left elementor-widget-mobile_extra__width-initial elementor-shape-circle elementor-vertical-align-top elementor-widget elementor-widget-icon-box\" data-id=\"2c8cb19\" data-element_type=\"widget\" data-widget_type=\"icon-box.default\">\n\t\t\t\t<div class=\"elementor-widget-container\">\n\t\t\t\t\t<div class=\"elementor-icon-box-wrapper\">\n\n\t\t\t\t\t\t<div class=\"elementor-icon-box-icon\">\n\t\t\t\t<span  class=\"elementor-icon elementor-animation-\">\n\t\t\t\t<svg xmlns=\"http:\/\/www.w3.org\/2000\/svg\" xmlns:xlink=\"http:\/\/www.w3.org\/1999\/xlink\" class=\"icon\" viewBox=\"0 0 1024 1024\" id=\"mx_n_1734491883076\" width=\"36\" height=\"36\"><path d=\"M511.449009 213.858462a179.278769 179.278769 0 1 1 0 358.557538 179.278769 179.278769 0 0 1 0-358.557538z m393.294769 179.357538A393.294769 393.294769 0 1 0 182.036086 608.098462l294.203077 392.270769a39.384615 39.384615 0 0 0 70.498462 0l294.754461-392.270769c39.699692-61.912615 63.251692-135.483077 63.251692-214.882462z\" fill=\"#222222\"><\/path><\/svg>\t\t\t\t<\/span>\n\t\t\t<\/div>\n\t\t\t\n\t\t\t\t\t\t<div class=\"elementor-icon-box-content\">\n\n\t\t\t\t\t\t\t\t\t<h3 class=\"elementor-icon-box-title\">\n\t\t\t\t\t\t<span  >\n\t\t\t\t\t\t\tAdres\t\t\t\t\t\t<\/span>\n\t\t\t\t\t<\/h3>\n\t\t\t\t\n\t\t\t\t\t\t\t\t\t<p class=\"elementor-icon-box-description\">\n\t\t\t\t\t\tNo.228 Sugang Yolu, Lingang Caddesi, Jiangyin \u015eehri, Jaingsu, \u00c7in. PO.214431  \t\t\t\t\t<\/p>\n\t\t\t\t\n\t\t\t<\/div>\n\t\t\t\n\t\t<\/div>\n\t\t\t\t<\/div>\n\t\t\t\t<\/div>\n\t\t\t\t<\/div>\n\t\t\t\t<\/div>\n\t\t<div class=\"elementor-element elementor-element-ba0ed5d e-con-full e-flex e-con e-child\" data-id=\"ba0ed5d\" data-element_type=\"container\" data-settings=\"{&quot;background_background&quot;:&quot;classic&quot;}\">\n\t\t\t\t<div class=\"elementor-element elementor-element-67e5473 elementor-widget elementor-widget-shortcode\" data-id=\"67e5473\" data-element_type=\"widget\" data-widget_type=\"shortcode.default\">\n\t\t\t\t<div class=\"elementor-widget-container\">\n\t\t\t\t\t<div class=\"elementor-shortcode\">\n<div class=\"wpcf7 no-js\" id=\"wpcf7-f10475-o1\" lang=\"tr-TR\" dir=\"ltr\" data-wpcf7-id=\"10475\">\n<div class=\"screen-reader-response\"><p role=\"status\" aria-live=\"polite\" aria-atomic=\"true\"><\/p> <ul><\/ul><\/div>\n<form action=\"\/tr\/wp-json\/wp\/v2\/pages\/10527#wpcf7-f10475-o1\" method=\"post\" class=\"wpcf7-form init\" aria-label=\"\u0130leti\u015fim Formu\" enctype=\"multipart\/form-data\" novalidate=\"novalidate\" data-status=\"init\">\n<fieldset class=\"hidden-fields-container\"><input type=\"hidden\" name=\"_wpcf7\" value=\"10475\" \/><input type=\"hidden\" name=\"_wpcf7_version\" value=\"6.1.5\" \/><input type=\"hidden\" name=\"_wpcf7_locale\" value=\"tr_TR\" \/><input type=\"hidden\" name=\"_wpcf7_unit_tag\" value=\"wpcf7-f10475-o1\" \/><input type=\"hidden\" name=\"_wpcf7_container_post\" value=\"0\" \/><input type=\"hidden\" name=\"_wpcf7_posted_data_hash\" value=\"\" \/><input type=\"hidden\" name=\"_wpcf7_recaptcha_response\" value=\"\" \/>\n<\/fieldset>\n<p><span class=\"wpcf7-form-control-wrap\" data-name=\"Name\"><input size=\"40\" maxlength=\"400\" class=\"wpcf7-form-control wpcf7-text wpcf7-validates-as-required\" aria-required=\"true\" aria-invalid=\"false\" placeholder=\"* \u0130sim\" value=\"\" type=\"text\" name=\"Name\" \/><\/span><span class=\"wpcf7-form-control-wrap\" data-name=\"E-mail\"><input size=\"40\" maxlength=\"400\" class=\"wpcf7-form-control wpcf7-email wpcf7-validates-as-required wpcf7-text wpcf7-validates-as-email\" aria-required=\"true\" aria-invalid=\"false\" placeholder=\"* E-posta (24 saat i\u00e7inde size e-posta yoluyla cevap verece\u011fiz)\" value=\"\" type=\"email\" name=\"E-mail\" \/><\/span><span class=\"wpcf7-form-control-wrap\" data-name=\"Tel\"><input size=\"40\" maxlength=\"400\" class=\"wpcf7-form-control wpcf7-tel wpcf7-text wpcf7-validates-as-tel\" aria-invalid=\"false\" placeholder=\"Telefon\/WhatsApp\/WeChat (\u00c7ok \u00f6nemli)\" value=\"\" type=\"tel\" name=\"Tel\" \/><\/span><span class=\"wpcf7-form-control-wrap\" data-name=\"Message\"><textarea cols=\"40\" rows=\"10\" maxlength=\"2000\" class=\"wpcf7-form-control wpcf7-textarea\" aria-invalid=\"false\" placeholder=\"* Do\u011fru bir teklif almak i\u00e7in boyut, renk, malzeme vb. gibi \u00fcr\u00fcn ayr\u0131nt\u0131lar\u0131n\u0131 ve di\u011fer \u00f6zel gereksinimleri girin.\" name=\"Message\"><\/textarea><\/span><span class=\"wpcf7-form-control-wrap\" data-name=\"file-773\"><input size=\"40\" class=\"wpcf7-form-control wpcf7-file\" accept=\"audio\/*,video\/*,image\/*\" aria-invalid=\"false\" type=\"file\" name=\"file-773\" \/><\/span><span class=\"wpcf7-form-control-wrap\" data-name=\"quiz-491\"><label><span class=\"wpcf7-quiz-label\">3+4=<\/span> <input size=\"40\" class=\"wpcf7-form-control wpcf7-quiz\" autocomplete=\"off\" aria-required=\"true\" aria-invalid=\"false\" type=\"text\" name=\"quiz-491\" \/><\/label><input type=\"hidden\" name=\"_wpcf7_quiz_answer_quiz-491\" value=\"f8bc98b141a426176039e79867b6de14\" \/><\/span><input class=\"wpcf7-form-control wpcf7-submit has-spinner\" type=\"submit\" value=\"G\u00f6ndermek\" \/>\n<\/p><div class=\"wpcf7-response-output\" aria-hidden=\"true\"><\/div>\n<\/form>\n<\/div>\n<\/div>\n\t\t\t\t<\/div>\n\t\t\t\t<\/div>\n\t\t\t\t<\/div>\n\t\t\t\t\t<\/div>\n\t\t\t\t<\/div>\n\t\t<div class=\"elementor-element elementor-element-54a61c5 e-con-full e-flex e-con e-parent\" data-id=\"54a61c5\" data-element_type=\"container\">\n\t\t\t\t<div class=\"elementor-element elementor-element-c1153dc elementor-widget elementor-widget-google_maps\" data-id=\"c1153dc\" data-element_type=\"widget\" data-widget_type=\"google_maps.default\">\n\t\t\t\t<div class=\"elementor-widget-container\">\n\t\t\t\t\t<div class=\"elementor-custom-embed\">\n\t\t\t<iframe loading=\"lazy\"\n\t\t\t\t\tsrc=\"https:\/\/maps.google.com\/maps?q=No.228%20Sugang%20Road%2C%20Lingang%20Street%2C%20Jiangyin%20City%2C%20Jaingsu%2C%20China&#038;t=m&#038;z=10&#038;output=embed&#038;iwloc=near\"\n\t\t\t\t\ttitle=\"No.228 Sugang Road, Lingang Street, Jiangyin City, Jaingsu, China\"\n\t\t\t\t\taria-label=\"No.228 Sugang Road, Lingang Street, Jiangyin City, Jaingsu, China\"\n\t\t\t><\/iframe>\n\t\t<\/div>\n\t\t\t\t<\/div>\n\t\t\t\t<\/div>\n\t\t\t\t<\/div>\n\t\t\t\t<\/div>\n\t\t","protected":false},"excerpt":{"rendered":"<p>Bizimle \u0130leti\u015fime Ge\u00e7in Motorlar ve jenerat\u00f6rler i\u00e7in lamine sa\u00e7lar, y\u0131\u011f\u0131n \u00e7ekirdekler, statorlar ve rotorlarda uzman\u0131z. Ayr\u0131nt\u0131l\u0131 \u00fcr\u00fcn bilgisi ar\u0131yorsan\u0131z, belirli [&hellip;]<\/p>\n","protected":false},"author":1,"featured_media":0,"parent":0,"menu_order":0,"comment_status":"closed","ping_status":"closed","template":"","meta":{"site-sidebar-layout":"no-sidebar","site-content-layout":"","ast-site-content-layout":"full-width-container","site-content-style":"default","site-sidebar-style":"default","ast-global-header-display":"","ast-banner-title-visibility":"","ast-main-header-display":"","ast-hfb-above-header-display":"","ast-hfb-below-header-display":"","ast-hfb-mobile-header-display":"","site-post-title":"disabled","ast-breadcrumbs-content":"","ast-featured-img":"disabled","footer-sml-layout":"","theme-transparent-header-meta":"default","adv-header-id-meta":"","stick-header-meta":"","header-above-stick-meta":"","header-main-stick-meta":"","header-below-stick-meta":"","astra-migrate-meta-layouts":"default","ast-page-background-enabled":"default","ast-page-background-meta":{"desktop":{"background-color":"var(--ast-global-color-4)","background-image":"","background-repeat":"repeat","background-position":"center center","background-size":"auto","background-attachment":"scroll","background-type":"","background-media":"","overlay-type":"","overlay-color":"","overlay-opacity":"","overlay-gradient":""},"tablet":{"background-color":"","background-image":"","background-repeat":"repeat","background-position":"center center","background-size":"auto","background-attachment":"scroll","background-type":"","background-media":"","overlay-type":"","overlay-color":"","overlay-opacity":"","overlay-gradient":""},"mobile":{"background-color":"","background-image":"","background-repeat":"repeat","background-position":"center center","background-size":"auto","background-attachment":"scroll","background-type":"","background-media":"","overlay-type":"","overlay-color":"","overlay-opacity":"","overlay-gradient":""}},"ast-content-background-meta":{"desktop":{"background-color":"var(--ast-global-color-5)","background-image":"","background-repeat":"repeat","background-position":"center center","background-size":"auto","background-attachment":"scroll","background-type":"","background-media":"","overlay-type":"","overlay-color":"","overlay-opacity":"","overlay-gradient":""},"tablet":{"background-color":"var(--ast-global-color-5)","background-image":"","background-repeat":"repeat","background-position":"center center","background-size":"auto","background-attachment":"scroll","background-type":"","background-media":"","overlay-type":"","overlay-color":"","overlay-opacity":"","overlay-gradient":""},"mobile":{"background-color":"var(--ast-global-color-5)","background-image":"","background-repeat":"repeat","background-position":"center center","background-size":"auto","background-attachment":"scroll","background-type":"","background-media":"","overlay-type":"","overlay-color":"","overlay-opacity":"","overlay-gradient":""}},"footnotes":""},"class_list":["post-10527","page","type-page","status-publish","hentry"],"_links":{"self":[{"href":"https:\/\/www.gatorlamination.com\/tr\/wp-json\/wp\/v2\/pages\/10527","targetHints":{"allow":["GET"]}}],"collection":[{"href":"https:\/\/www.gatorlamination.com\/tr\/wp-json\/wp\/v2\/pages"}],"about":[{"href":"https:\/\/www.gatorlamination.com\/tr\/wp-json\/wp\/v2\/types\/page"}],"author":[{"embeddable":true,"href":"https:\/\/www.gatorlamination.com\/tr\/wp-json\/wp\/v2\/users\/1"}],"replies":[{"embeddable":true,"href":"https:\/\/www.gatorlamination.com\/tr\/wp-json\/wp\/v2\/comments?post=10527"}],"version-history":[{"count":1,"href":"https:\/\/www.gatorlamination.com\/tr\/wp-json\/wp\/v2\/pages\/10527\/revisions"}],"predecessor-version":[{"id":10529,"href":"https:\/\/www.gatorlamination.com\/tr\/wp-json\/wp\/v2\/pages\/10527\/revisions\/10529"}],"wp:attachment":[{"href":"https:\/\/www.gatorlamination.com\/tr\/wp-json\/wp\/v2\/media?parent=10527"}],"curies":[{"name":"wp","href":"https:\/\/api.w.org\/{rel}","templated":true}]}}