{"id":9880,"date":"2025-01-21T15:23:58","date_gmt":"2025-01-21T07:23:58","guid":{"rendered":"https:\/\/www.gatorlamination.com\/politica-sulla-riservatezza\/"},"modified":"2025-04-30T17:12:18","modified_gmt":"2025-04-30T09:12:18","slug":"politica-sulla-riservatezza","status":"publish","type":"page","link":"https:\/\/www.gatorlamination.com\/it\/politica-sulla-riservatezza\/","title":{"rendered":"politica sulla riservatezza"},"content":{"rendered":"<p>Benvenuti da Gator Lamination! Visitando il nostro negozio, accetti automaticamente tutti i presenti termini e condizioni. Ti preghiamo di leggere attentamente tutte le informazioni relative alle nostre linee guida, termini e accordi.<\/p>\n<p>\u00c8 fondamentale prendersi cura delle informazioni, perch\u00e9 viviamo in una societ\u00e0 informatica e non si pu\u00f2 sottovalutare il modo in cui queste vengono utilizzate e condivise.<\/p>\n<p>La fiducia \u00e8 la pietra angolare dell&#8217;amicizia e apprezziamo la tua decisione di scegliere il nostro negozio. Ti diamo pieno accesso a diversi tipi di informazioni relative al tuo account.<\/p>\n<p>Ti preghiamo inoltre di notare che il nostro sito web contiene numerosi marchi commerciali che possono appartenere sia alla nostra azienda che a societ\u00e0 terze.<\/p>\n<p>L&#8217;utilizzo di loghi, icone e nomi di servizi \u00e8 vietato in qualsiasi modo che possa causare confusione tra i nostri clienti e sar\u00e0 considerato una violazione della legge sul copyright.<br \/>\nCi riserviamo il diritto di apportare modifiche ai presenti termini e condizioni in qualsiasi momento senza preavviso.<\/p>\n<p>Utilizzando questo sito web, accetti i termini della versione pi\u00f9 recente della presente Informativa sulla privacy. Ti preghiamo di leggere i nostri Termini di utilizzo per comprendere le regole generali sull&#8217;utilizzo di questo sito web. Salvo quanto diversamente specificato in altre dichiarazioni di non responsabilit\u00e0, politiche, Termini di utilizzo o altri avvisi presenti su questo sito web, la presente Informativa sulla privacy e i Termini di utilizzo costituiscono l&#8217;intero accordo tra te e gatorlamination.com in merito all&#8217;utilizzo di questo sito web. Potresti essere soggetto a termini aggiuntivi applicabili quando accedi a determinati servizi o materiali in determinate aree di questo sito web o seguendo un link presente su questo sito web.<\/p>\n<h2>Introduzione<\/h2>\n<p>Le informazioni che riceviamo e il modo in cui le utilizziamo dipendono dalle tue azioni quando visiti il \u200b\u200bnostro sito web. Raccogliamo e utilizziamo le tue informazioni non personali (informazioni che non ti identificano personalmente) in modo diverso dalle tue informazioni personali.<\/p>\n<p>Cosa si intende per informazioni non personali?<\/p>\n<p>Le informazioni non personali sono le informazioni che raccogliamo tramite questo sito web e che non ci identificano come individui. Possono includere informazioni come le seguenti:<\/p>\n<ol>\n<li>(a) il tipo di browser web che utilizzi (ad esempio, Netscape Navigator o Internet Explorer).<\/li>\n<li>(b) il nome del dominio da cui accedi a Internet.<\/li>\n<li>(c) l&#8217;indirizzo Internet del sito web da cui hai effettuato il collegamento diretto al nostro sito web.<\/li>\n<li>(d) la data e l&#8217;ora di accesso al nostro sito web.<\/li>\n<li>(e) le pagine che hai visitato sul nostro sito web.<\/li>\n<li>(f) i termini di ricerca utilizzati.<\/li>\n<li>(g) i link su cui hai cliccato.<\/li>\n<li>(h) informazioni personali che sono state rese non personali o anonimizzate (ovvero informazioni che non riflettono o non fanno pi\u00f9 riferimento a un utente identificabile individualmente).<\/li>\n<\/ol>\n<p>Se visiti il \u200b\u200bnostro sito web per leggere o scaricare informazioni, come informazioni su una condizione di salute o su uno dei nostri prodotti, potremmo raccogliere alcune informazioni non personali su di te dal tuo computer. Queste informazioni vengono raccolte dal browser web del tuo computer: se ti limiti a leggere o scaricare informazioni sul nostro sito web, non raccogliamo n\u00e9 veniamo a conoscenza del tuo nome, indirizzo e-mail, indirizzo di casa o altre informazioni personali su di te. Potremmo inserire un file di testo chiamato cookie nei file del browser del tuo computer quando visiti il \u200b\u200bnostro sito. Il cookie potrebbe essere memorizzato sul disco rigido del tuo computer. Le informazioni che raccogliamo tramite i cookie sono informazioni non personali. Puoi sempre rifiutare i nostri cookie se il tuo browser lo consente, ma alcune parti del nostro sito web potrebbero non funzionare correttamente in tal caso. Non consentiremo a terze parti, ad eccezione delle aziende da noi incaricate di svolgere servizi o funzioni per nostro conto, di inserire cookie sul nostro sito web.<\/p>\n<h2>Come vengono utilizzate le informazioni non personali da gatorlamination.com?<\/h2>\n<p>Poich\u00e9 le informazioni non personali non possono identificarti n\u00e9 essere in alcun modo riconducibili a te, non ci sono restrizioni sulle modalit\u00e0 con cui possiamo utilizzarle o condividerle. Siamo costantemente alla ricerca di modi per offrirti un servizio migliore e migliorare questo sito web. Utilizzeremo le tue informazioni non personali per rendere questo sito web pi\u00f9 utile per i visitatori. Utilizzeremo inoltre le informazioni non personali per altri scopi aziendali. Ad esempio, potremmo utilizzare o aggregare informazioni non personali per:<\/p>\n<ol>\n<li>(a) creare report per uso interno per sviluppare programmi, prodotti, servizi o contenuti.<\/li>\n<li>(b) personalizzare le informazioni o i servizi di tuo interesse.<\/li>\n<li>(c) condividerle o venderle a terzi.<\/li>\n<li>(d) fornire &#8220;statistiche sul traffico&#8221; e &#8220;tassi di risposta&#8221; aggregati a terzi.<\/li>\n<\/ol>\n<h2>Cosa si intende per informazioni personali?<\/h2>\n<p>I dati personali sono le informazioni che raccogliamo tramite questo sito web e che possiamo utilizzare per identificarti in modo specifico, come:<\/p>\n<ol>\n<li>(a) nome<\/li>\n<li>(b) numero di telefono<\/li>\n<li>(c) indirizzo e-mail<\/li>\n<li>(d) numero di serie del dispositivo medico<\/li>\n<li>(e) informazioni sanitarie personali<\/li>\n<li>(f) data di nascita<\/li>\n<\/ol>\n<p>In alcune sezioni di questo sito web, hai la possibilit\u00e0 di inviarci informazioni personali, di scegliere di ricevere informazioni specifiche o di partecipare a un&#8217;attivit\u00e0. Ad esempio, puoi compilare un modulo di registrazione, un sondaggio o un modulo e-mail e puoi scegliere di ricevere materiale informativo sui nostri prodotti e terapie.<\/p>\n<p>Puoi anche scegliere di consentirci di personalizzare le tue visite al sito web, nel qual caso ti chiederemo alcune informazioni personali per rendere le tue visite al nostro sito web pi\u00f9 utili. Quando queste informazioni vengono combinate con le informazioni non personali che raccogliamo tramite i cookie (descritte sopra), saremo in grado di sapere che hai gi\u00e0 visitato il nostro sito web e di personalizzare il tuo accesso al nostro sito web, ad esempio, informandoti di nuove funzionalit\u00e0 che potrebbero interessarti.<\/p>\n<h2>Come conserva e utilizza gatorlamination.com le informazioni personali?<\/h2>\n<p>Potremmo conservare e utilizzare le informazioni personali che raccogliamo da te tramite questo sito web per fornirti l&#8217;accesso a questo sito web. Inoltre, potremmo conservare e utilizzare le tue informazioni personali:<\/p>\n<ol>\n<li>(a) per rispondere alle tue richieste.<\/li>\n<li>(b) per personalizzare il tuo accesso al nostro sito web, ad esempio, informandoti di nuove funzionalit\u00e0 che potrebbero interessarti.<\/li>\n<li>(c) per sviluppare registri, inclusi i tuoi dati personali.<\/li>\n<li>(d) per contattarti con informazioni che potrebbero interessarti, incluse informazioni sugli studi clinici e sui prodotti e servizi nostri e di terzi.<\/li>\n<li>(e) per scopi analitici e per ricercare, sviluppare e migliorare programmi, prodotti, servizi e contenuti.<\/li>\n<li>(f) per rimuovere i tuoi identificativi personali (nome, indirizzo e-mail, codice fiscale, ecc.). In questo caso, non saresti pi\u00f9 identificato come un singolo individuo unico. Una volta che abbiamo de<\/li>\n<li>(g) identificato le informazioni, queste non sono pi\u00f9 informazioni personali e potremmo trattarle come altre informazioni non personali.<\/li>\n<li>(h) per far rispettare la presente Informativa sulla privacy e altre regole relative all&#8217;utilizzo di questo sito web.<\/li>\n<li>(i) per proteggere i nostri diritti o la nostra propriet\u00e0.<\/li>\n<li>(j) per proteggere la salute, la sicurezza o il benessere di qualcuno.<\/li>\n<li>(k) per rispettare una legge o un regolamento, un&#8217;ordinanza del tribunale o altri procedimenti legali.<\/li>\n<\/ol>\n<p>Non disponiamo di un metodo per esaminare le informazioni personali o non personali raccolte tramite questo sito.<\/p>\n<h2>gatorlamination.com condivide mai informazioni personali con terze parti?<\/h2>\n<p>gatorlamination.com non condivider\u00e0 le tue informazioni personali raccolte da questo sito web con terze parti non correlate senza la tua autorizzazione, salvo quanto diversamente previsto nella presente Informativa sulla privacy.<\/p>\n<p>Nel normale corso degli affari, potremmo condividere alcune informazioni personali con aziende che incarichiamo di svolgere servizi o funzioni per nostro conto. In tutti i casi in cui condividiamo le tue informazioni personali con terze parti, non le autorizziamo a conservare, divulgare o utilizzare le tue informazioni con altri, se non allo scopo di fornire i servizi che abbiamo richiesto loro di fornire. Non venderemo, scambieremo o pubblicheremo le tue informazioni personali, se non in concomitanza con una vendita aziendale, una fusione, uno scioglimento o un&#8217;acquisizione.<\/p>\n<p>Potremmo essere legalmente obbligati a divulgare le tue informazioni personali in risposta a un&#8217;ordinanza del tribunale, una citazione in giudizio, un mandato di perquisizione, una legge o un regolamento. Potremmo collaborare con le forze dell&#8217;ordine per indagare e perseguire i visitatori del sito web che violano le nostre regole o adottano comportamenti dannosi per gli altri visitatori (o illegali).<\/p>\n<p>Qual \u00e8 la privacy su altri siti web? Questo sito web potrebbe contenere link ad altri siti web. Alcuni di questi siti web potrebbero essere gestiti da Gator Lamination, mentre altri potrebbero essere gestiti da terze parti. Forniamo i link per vostra comodit\u00e0, ma non esaminiamo, controlliamo o monitoriamo le pratiche sulla privacy dei siti web gestiti da altri. La presente Informativa sulla privacy non si applica ad altri siti web, nemmeno agli altri siti web di gatorlamination.com. Non siamo responsabili delle prestazioni dei siti web gestiti da terze parti n\u00e9 dei vostri rapporti commerciali con essi. Pertanto, ogni volta che lasciate questo sito web, vi consigliamo di esaminare le pratiche sulla privacy di ciascun sito web e di trarre le vostre conclusioni in merito all&#8217;adeguatezza di tali pratiche.<\/p>\n<h2>Che dire della privacy su altri siti web?<\/h2>\n<p>Questo sito web potrebbe contenere link ad altri siti web. Alcuni di questi siti web potrebbero essere gestiti da Gator Lamination, mentre altri potrebbero essere gestiti da terze parti. Forniamo i link per vostra comodit\u00e0, ma non esaminiamo, controlliamo o monitoriamo le pratiche sulla privacy dei siti web gestiti da altri. La presente Informativa sulla privacy non si applica ad altri siti web, nemmeno agli altri siti web di gatorlamination.com. Non siamo responsabili delle prestazioni dei siti web gestiti da terze parti n\u00e9 dei vostri rapporti commerciali con essi. Pertanto, ogni volta che lasciate questo sito web, vi consigliamo di esaminare le pratiche sulla privacy di ciascun sito web e di trarre le vostre conclusioni in merito all&#8217;adeguatezza di tali pratiche.<\/p>\n<h2>gatorlamination.com comunica mai direttamente con i visitatori di questo sito web?<\/h2>\n<p>Potremmo contattarvi periodicamente tramite e-mail, posta o telefono, se acconsentite a tale contatto, per fornirvi informazioni su programmi, prodotti, servizi e contenuti che potrebbero interessarvi. Inoltre, alcune delle funzionalit\u00e0 di questo sito web vi consentono di comunicare con noi tramite un modulo online. Se la tua comunicazione richiede una risposta da parte nostra, ti invieremo una risposta via e-mail. La risposta o la conferma via e-mail potrebbero includere i tuoi dati personali, inclusi dati personali relativi al tuo stato di salute, nome, indirizzo, ecc. Non possiamo garantire che le nostre e-mail siano protette da intercettazioni non autorizzate.<\/p>\n<h2>E per quanto riguarda la sicurezza del sito web?<\/h2>\n<p>La sicurezza \u00e8 molto importante per noi. Sappiamo che la sicurezza \u00e8 importante anche per te. Adottiamo misure ragionevoli per proteggere i tuoi dati personali da perdita, uso improprio e accesso, divulgazione, alterazione o distruzione non autorizzati. Tieni presente che nessuna trasmissione Internet \u00e8 mai sicura al 100% o priva di errori. In particolare, le e-mail inviate da o verso questo sito potrebbero non essere sicure, pertanto ti consigliamo di prestare particolare attenzione nel decidere quali informazioni inviarci via e-mail.<\/p>\n","protected":false},"excerpt":{"rendered":"<p>Benvenuti da Gator Lamination! Visitando il nostro negozio, accetti automaticamente tutti i presenti termini e condizioni. Ti preghiamo di leggere [&hellip;]<\/p>\n","protected":false},"author":1,"featured_media":0,"parent":0,"menu_order":0,"comment_status":"closed","ping_status":"closed","template":"","meta":{"site-sidebar-layout":"default","site-content-layout":"","ast-site-content-layout":"default","site-content-style":"default","site-sidebar-style":"default","ast-global-header-display":"","ast-banner-title-visibility":"","ast-main-header-display":"","ast-hfb-above-header-display":"","ast-hfb-below-header-display":"","ast-hfb-mobile-header-display":"disabled","site-post-title":"disabled","ast-breadcrumbs-content":"","ast-featured-img":"","footer-sml-layout":"","theme-transparent-header-meta":"default","adv-header-id-meta":"","stick-header-meta":"","header-above-stick-meta":"","header-main-stick-meta":"","header-below-stick-meta":"","astra-migrate-meta-layouts":"set","ast-page-background-enabled":"default","ast-page-background-meta":{"desktop":{"background-color":"var(--ast-global-color-4)","background-image":"","background-repeat":"repeat","background-position":"center center","background-size":"auto","background-attachment":"scroll","background-type":"","background-media":"","overlay-type":"","overlay-color":"","overlay-opacity":"","overlay-gradient":""},"tablet":{"background-color":"","background-image":"","background-repeat":"repeat","background-position":"center center","background-size":"auto","background-attachment":"scroll","background-type":"","background-media":"","overlay-type":"","overlay-color":"","overlay-opacity":"","overlay-gradient":""},"mobile":{"background-color":"","background-image":"","background-repeat":"repeat","background-position":"center center","background-size":"auto","background-attachment":"scroll","background-type":"","background-media":"","overlay-type":"","overlay-color":"","overlay-opacity":"","overlay-gradient":""}},"ast-content-background-meta":{"desktop":{"background-color":"var(--ast-global-color-5)","background-image":"","background-repeat":"repeat","background-position":"center center","background-size":"auto","background-attachment":"scroll","background-type":"","background-media":"","overlay-type":"","overlay-color":"","overlay-opacity":"","overlay-gradient":""},"tablet":{"background-color":"var(--ast-global-color-5)","background-image":"","background-repeat":"repeat","background-position":"center center","background-size":"auto","background-attachment":"scroll","background-type":"","background-media":"","overlay-type":"","overlay-color":"","overlay-opacity":"","overlay-gradient":""},"mobile":{"background-color":"var(--ast-global-color-5)","background-image":"","background-repeat":"repeat","background-position":"center center","background-size":"auto","background-attachment":"scroll","background-type":"","background-media":"","overlay-type":"","overlay-color":"","overlay-opacity":"","overlay-gradient":""}},"footnotes":""},"class_list":["post-9880","page","type-page","status-publish","hentry"],"_links":{"self":[{"href":"https:\/\/www.gatorlamination.com\/it\/wp-json\/wp\/v2\/pages\/9880","targetHints":{"allow":["GET"]}}],"collection":[{"href":"https:\/\/www.gatorlamination.com\/it\/wp-json\/wp\/v2\/pages"}],"about":[{"href":"https:\/\/www.gatorlamination.com\/it\/wp-json\/wp\/v2\/types\/page"}],"author":[{"embeddable":true,"href":"https:\/\/www.gatorlamination.com\/it\/wp-json\/wp\/v2\/users\/1"}],"replies":[{"embeddable":true,"href":"https:\/\/www.gatorlamination.com\/it\/wp-json\/wp\/v2\/comments?post=9880"}],"version-history":[{"count":2,"href":"https:\/\/www.gatorlamination.com\/it\/wp-json\/wp\/v2\/pages\/9880\/revisions"}],"predecessor-version":[{"id":9882,"href":"https:\/\/www.gatorlamination.com\/it\/wp-json\/wp\/v2\/pages\/9880\/revisions\/9882"}],"wp:attachment":[{"href":"https:\/\/www.gatorlamination.com\/it\/wp-json\/wp\/v2\/media?parent=9880"}],"curies":[{"name":"wp","href":"https:\/\/api.w.org\/{rel}","templated":true}]}}