{"id":14174,"date":"2025-11-12T14:36:20","date_gmt":"2025-11-12T06:36:20","guid":{"rendered":"https:\/\/www.gatorlamination.com\/product\/noyau-de-moteur-a-induction\/"},"modified":"2025-11-27T09:56:16","modified_gmt":"2025-11-27T01:56:16","slug":"noyau-de-moteur-a-induction","status":"publish","type":"product","link":"https:\/\/www.gatorlamination.com\/fr\/noyau-de-moteur-a-induction\/","title":{"rendered":"Noyau de moteur \u00e0 induction"},"content":{"rendered":"<h2>Sp\u00e9cifications techniques<\/h2>\n<table>\n<tbody>\n<tr>\n<td>Param\u00e8tres<\/td>\n<td>Sp\u00e9cification<\/td>\n<\/tr>\n<tr>\n<td>Mat\u00e9riel<\/td>\n<td>Acier au silicium non orient\u00e9<\/td>\n<\/tr>\n<tr>\n<td>\u00c9paisseur de la stratification<\/td>\n<td>0,2\u20130,5 mm<\/td>\n<\/tr>\n<tr>\n<td>Diam\u00e8tre ext\u00e9rieur (noyau du stator)<\/td>\n<td>50\u2013800 mm<\/td>\n<\/tr>\n<tr>\n<td>Diam\u00e8tre ext\u00e9rieur (noyau du rotor)<\/td>\n<td>30\u2013700 mm<\/td>\n<\/tr>\n<tr>\n<td>Hauteur de la pile<\/td>\n<td>10\u2013600 mm<\/td>\n<\/tr>\n<tr>\n<td>Type de rev\u00eatement<\/td>\n<td>C-3, C-5 ou sur mesure<\/td>\n<\/tr>\n<tr>\n<td>Tol\u00e9rance aux bavures<\/td>\n<td>\u22640.02 mm<\/td>\n<\/tr>\n<tr>\n<td>M\u00e9thode d&rsquo;assemblage<\/td>\n<td>Verrouillage \/ Collage \/ Rivetage \/ Soudure<\/td>\n<\/tr>\n<\/tbody>\n<\/table>\n<h2>Service de personnalisation et OEM<\/h2>\n<ul>\n<li>Qualit\u00e9 de stratification et type de rev\u00eatement personnalis\u00e9s.<\/li>\n<li>Conception du nombre de fentes\/p\u00f4les et de l&rsquo;angle d&rsquo;inclinaison.<\/li>\n<li>D\u00e9veloppement de prototypes par d\u00e9coupe laser.<\/li>\n<li>R\u00e9tro-ing\u00e9nierie \u00e0 partir d&rsquo;\u00e9chantillons ou de dessins.<\/li>\n<li>Support DFM complet et documentation PPAP.<\/li>\n<\/ul>\n<h2>Applications<\/h2>\n<ul>\n<li>Pompes et compresseurs industriels<\/li>\n<li>Moteurs et ventilateurs de syst\u00e8mes de chauffage, ventilation et climatisation<\/li>\n<li>Machines-outils et convoyeurs<\/li>\n<li>Ascenseurs et monte-charges<\/li>\n<li>\u00c9quipements agricoles et miniers<\/li>\n<\/ul>\n","protected":false},"excerpt":{"rendered":"<ul>\n<li><strong>Tol\u00e9rances serr\u00e9es :<\/strong> L&rsquo;estampage de pr\u00e9cision\/la d\u00e9coupe laser contr\u00f4le les bavures \u22640,02 mm pour une r\u00e9gularit\u00e9 optimale.<\/li>\n<li><strong>Conception personnalisable : <\/strong> options de fente, de poteau, d\u2019inclinaison et de ventilation selon les besoins.<\/li>\n<li><strong>Large gamme de tailles :<\/strong> Stator \u00d8 50\u2013800 mm, Rotor \u00d8 30\u2013700 mm.<\/li>\n<li><strong>Rev\u00eatement durable :<\/strong> L&rsquo;isolation haute temp\u00e9rature am\u00e9liore la stabilit\u00e9 des performances.<\/li>\n<li><strong>Production flexible :<\/strong> Prend en charge aussi bien les prototypes en petites s\u00e9ries que les productions en grande s\u00e9rie.<\/li>\n<\/ul>\n","protected":false},"featured_media":13304,"comment_status":"closed","ping_status":"closed","template":"","meta":{"site-sidebar-layout":"default","site-content-layout":"","ast-site-content-layout":"default","site-content-style":"default","site-sidebar-style":"default","ast-global-header-display":"","ast-banner-title-visibility":"","ast-main-header-display":"","ast-hfb-above-header-display":"","ast-hfb-below-header-display":"","ast-hfb-mobile-header-display":"","site-post-title":"","ast-breadcrumbs-content":"","ast-featured-img":"","footer-sml-layout":"","theme-transparent-header-meta":"default","adv-header-id-meta":"","stick-header-meta":"","header-above-stick-meta":"","header-main-stick-meta":"","header-below-stick-meta":"","astra-migrate-meta-layouts":"set","ast-page-background-enabled":"default","ast-page-background-meta":{"desktop":{"background-color":"var(--ast-global-color-4)","background-image":"","background-repeat":"repeat","background-position":"center center","background-size":"auto","background-attachment":"scroll","background-type":"","background-media":"","overlay-type":"","overlay-color":"","overlay-opacity":"","overlay-gradient":""},"tablet":{"background-color":"","background-image":"","background-repeat":"repeat","background-position":"center center","background-size":"auto","background-attachment":"scroll","background-type":"","background-media":"","overlay-type":"","overlay-color":"","overlay-opacity":"","overlay-gradient":""},"mobile":{"background-color":"","background-image":"","background-repeat":"repeat","background-position":"center center","background-size":"auto","background-attachment":"scroll","background-type":"","background-media":"","overlay-type":"","overlay-color":"","overlay-opacity":"","overlay-gradient":""}},"ast-content-background-meta":{"desktop":{"background-color":"var(--ast-global-color-5)","background-image":"","background-repeat":"repeat","background-position":"center center","background-size":"auto","background-attachment":"scroll","background-type":"","background-media":"","overlay-type":"","overlay-color":"","overlay-opacity":"","overlay-gradient":""},"tablet":{"background-color":"var(--ast-global-color-5)","background-image":"","background-repeat":"repeat","background-position":"center center","background-size":"auto","background-attachment":"scroll","background-type":"","background-media":"","overlay-type":"","overlay-color":"","overlay-opacity":"","overlay-gradient":""},"mobile":{"background-color":"var(--ast-global-color-5)","background-image":"","background-repeat":"repeat","background-position":"center center","background-size":"auto","background-attachment":"scroll","background-type":"","background-media":"","overlay-type":"","overlay-color":"","overlay-opacity":"","overlay-gradient":""}}},"product_brand":[],"product_cat":[80],"product_tag":[],"class_list":{"0":"post-14174","1":"product","2":"type-product","3":"status-publish","4":"has-post-thumbnail","6":"product_cat-piles","7":"desktop-align-left","8":"tablet-align-left","9":"mobile-align-left","11":"first","12":"instock","13":"shipping-taxable","14":"product-type-simple"},"_links":{"self":[{"href":"https:\/\/www.gatorlamination.com\/fr\/wp-json\/wp\/v2\/product\/14174","targetHints":{"allow":["GET"]}}],"collection":[{"href":"https:\/\/www.gatorlamination.com\/fr\/wp-json\/wp\/v2\/product"}],"about":[{"href":"https:\/\/www.gatorlamination.com\/fr\/wp-json\/wp\/v2\/types\/product"}],"replies":[{"embeddable":true,"href":"https:\/\/www.gatorlamination.com\/fr\/wp-json\/wp\/v2\/comments?post=14174"}],"wp:featuredmedia":[{"embeddable":true,"href":"https:\/\/www.gatorlamination.com\/fr\/wp-json\/wp\/v2\/media\/13304"}],"wp:attachment":[{"href":"https:\/\/www.gatorlamination.com\/fr\/wp-json\/wp\/v2\/media?parent=14174"}],"wp:term":[{"taxonomy":"product_brand","embeddable":true,"href":"https:\/\/www.gatorlamination.com\/fr\/wp-json\/wp\/v2\/product_brand?post=14174"},{"taxonomy":"product_cat","embeddable":true,"href":"https:\/\/www.gatorlamination.com\/fr\/wp-json\/wp\/v2\/product_cat?post=14174"},{"taxonomy":"product_tag","embeddable":true,"href":"https:\/\/www.gatorlamination.com\/fr\/wp-json\/wp\/v2\/product_tag?post=14174"}],"curies":[{"name":"wp","href":"https:\/\/api.w.org\/{rel}","templated":true}]}}