{"id":14050,"date":"2025-11-12T09:33:12","date_gmt":"2025-11-12T01:33:12","guid":{"rendered":"https:\/\/www.gatorlamination.com\/product\/lamination-du-moteur-lineaire\/"},"modified":"2025-11-26T17:32:46","modified_gmt":"2025-11-26T09:32:46","slug":"lamination-du-moteur-lineaire","status":"publish","type":"product","link":"https:\/\/www.gatorlamination.com\/fr\/lamination-du-moteur-lineaire\/","title":{"rendered":"Lamination du moteur lin\u00e9aire"},"content":{"rendered":"<h2>Sp\u00e9cifications techniques<\/h2>\n<table>\n<tbody>\n<tr>\n<td>Param\u00e8tres<\/td>\n<td>Sp\u00e9cification<\/td>\n<\/tr>\n<tr>\n<td>Mat\u00e9riau<\/td>\n<td>T\u00f4le d&rsquo;acier au silicium<\/td>\n<\/tr>\n<tr>\n<td>Gamme de tailles<\/td>\n<td>150\u20131500 mm<\/td>\n<\/tr>\n<tr>\n<td>Application<\/td>\n<td>Servomoteur, r\u00e9luctance, transport, hydraulique, ascenseur, \u00e9nergies nouvelles<\/td>\n<\/tr>\n<tr>\n<td>Taper<\/td>\n<td>Lamination par estampage<\/td>\n<\/tr>\n<tr>\n<td>Usage<\/td>\n<td>Moteurs CC et CA<\/td>\n<\/tr>\n<tr>\n<td>Certification<\/td>\n<td>ISO9001, IATF16949<\/td>\n<\/tr>\n<tr>\n<td>Processus de fabrication<\/td>\n<td>Estampage de pr\u00e9cision \u00e0 grande vitesse<\/td>\n<\/tr>\n<\/tbody>\n<\/table>\n<h2>Service de personnalisation et OEM<\/h2>\n<ul>\n<li><strong>Options dimensionnelles :<\/strong> Longueur 150 \u2013 1500 mm, largeur et \u00e9paisseur du noyau personnalisables.<\/li>\n<li><strong>Choix du rev\u00eatement :<\/strong> Rev\u00eatements isolants optionnels pour une durabilit\u00e9 accrue.<\/li>\n<li><strong>Qualit\u00e9s de mat\u00e9riaux :<\/strong> Disponibles en diff\u00e9rentes qualit\u00e9s d\u2019acier au silicium pour r\u00e9pondre aux besoins en mati\u00e8re de performances magn\u00e9tiques.<\/li>\n<li><strong>Types de poin\u00e7onnage :<\/strong> Prise en charge du poin\u00e7onnage compos\u00e9, \u00e0 grande vitesse et de pr\u00e9cision \u00e0 une seule fente.<\/li>\n<li><strong>Production de prototypes et par lots :<\/strong> volumes flexibles pour la R&amp;D ou la production de masse.<\/li>\n<li><strong>Assistance technique :<\/strong> Aide \u00e0 la conception des laminations, au contr\u00f4le thermique et \u00e0 la compatibilit\u00e9 d&rsquo;assemblage.<\/li>\n<\/ul>\n<h2>Domaines d&rsquo;application<\/h2>\n<ul>\n<li><strong>Servomoteurs :<\/strong> Syst\u00e8mes de contr\u00f4le de mouvement de haute pr\u00e9cision.<\/li>\n<li><strong>Syst\u00e8mes de transport :<\/strong> Solutions d&rsquo;entra\u00eenement lin\u00e9aire pour les syst\u00e8mes ferroviaires ou \u00e0 sustentation magn\u00e9tique.<\/li>\n<li><strong>Syst\u00e8mes d&rsquo;entra\u00eenement d&rsquo;ascenseur :<\/strong> traction efficace et mouvement de levage fluide.<\/li>\n<li><strong>Syst\u00e8mes hydrauliques :<\/strong> positionnement pr\u00e9cis pour l\u2019automatisation industrielle.<\/li>\n<li><strong>\u00c9quipements pour les nouvelles \u00e9nergies :<\/strong> Moteurs \u00e0 mouvement lin\u00e9aire \u00e9conomes en \u00e9nergie et durables.<\/li>\n<\/ul>\n","protected":false},"excerpt":{"rendered":"<ul>\n<li><strong>Structure simple :<\/strong> sa conception \u00e9pur\u00e9e garantit un assemblage et un entretien faciles, ainsi que des performances fiables.<\/li>\n<li><strong>Mouvement \u00e0 grande vitesse :<\/strong> optimis\u00e9 pour un d\u00e9placement lin\u00e9aire efficace, rapide et fluide.<\/li>\n<li><strong>Utilisation \u00e9lev\u00e9e de l&rsquo;enroulement primaire :<\/strong> maximise l&rsquo;efficacit\u00e9 \u00e9lectromagn\u00e9tique tout en minimisant les pertes d&rsquo;\u00e9nergie.<\/li>\n<li><strong>Force magn\u00e9tique \u00e9quilibr\u00e9e :<\/strong> \u00e9limine la tension magn\u00e9tique unilat\u00e9rale pour am\u00e9liorer la pr\u00e9cision et la stabilit\u00e9.<\/li>\n<li><strong>Absence d&rsquo;effet de bord lat\u00e9ral : <\/strong> assure une distribution uniforme du champ magn\u00e9tique et un mouvement lin\u00e9aire constant.<\/li>\n<li><strong>R\u00e9glage et contr\u00f4le faciles :<\/strong> simplifie l\u2019installation, l\u2019\u00e9talonnage et le r\u00e9glage op\u00e9rationnel pour diverses applications.<\/li>\n<\/ul>\n","protected":false},"featured_media":13383,"comment_status":"closed","ping_status":"closed","template":"","meta":{"site-sidebar-layout":"default","site-content-layout":"","ast-site-content-layout":"default","site-content-style":"default","site-sidebar-style":"default","ast-global-header-display":"","ast-banner-title-visibility":"","ast-main-header-display":"","ast-hfb-above-header-display":"","ast-hfb-below-header-display":"","ast-hfb-mobile-header-display":"","site-post-title":"","ast-breadcrumbs-content":"","ast-featured-img":"","footer-sml-layout":"","theme-transparent-header-meta":"default","adv-header-id-meta":"","stick-header-meta":"","header-above-stick-meta":"","header-main-stick-meta":"","header-below-stick-meta":"","astra-migrate-meta-layouts":"set","ast-page-background-enabled":"default","ast-page-background-meta":{"desktop":{"background-color":"var(--ast-global-color-4)","background-image":"","background-repeat":"repeat","background-position":"center center","background-size":"auto","background-attachment":"scroll","background-type":"","background-media":"","overlay-type":"","overlay-color":"","overlay-opacity":"","overlay-gradient":""},"tablet":{"background-color":"","background-image":"","background-repeat":"repeat","background-position":"center center","background-size":"auto","background-attachment":"scroll","background-type":"","background-media":"","overlay-type":"","overlay-color":"","overlay-opacity":"","overlay-gradient":""},"mobile":{"background-color":"","background-image":"","background-repeat":"repeat","background-position":"center center","background-size":"auto","background-attachment":"scroll","background-type":"","background-media":"","overlay-type":"","overlay-color":"","overlay-opacity":"","overlay-gradient":""}},"ast-content-background-meta":{"desktop":{"background-color":"var(--ast-global-color-5)","background-image":"","background-repeat":"repeat","background-position":"center center","background-size":"auto","background-attachment":"scroll","background-type":"","background-media":"","overlay-type":"","overlay-color":"","overlay-opacity":"","overlay-gradient":""},"tablet":{"background-color":"var(--ast-global-color-5)","background-image":"","background-repeat":"repeat","background-position":"center center","background-size":"auto","background-attachment":"scroll","background-type":"","background-media":"","overlay-type":"","overlay-color":"","overlay-opacity":"","overlay-gradient":""},"mobile":{"background-color":"var(--ast-global-color-5)","background-image":"","background-repeat":"repeat","background-position":"center center","background-size":"auto","background-attachment":"scroll","background-type":"","background-media":"","overlay-type":"","overlay-color":"","overlay-opacity":"","overlay-gradient":""}}},"product_brand":[],"product_cat":[73],"product_tag":[],"class_list":{"0":"post-14050","1":"product","2":"type-product","3":"status-publish","4":"has-post-thumbnail","6":"product_cat-laminage","7":"desktop-align-left","8":"tablet-align-left","9":"mobile-align-left","11":"first","12":"instock","13":"shipping-taxable","14":"product-type-simple"},"_links":{"self":[{"href":"https:\/\/www.gatorlamination.com\/fr\/wp-json\/wp\/v2\/product\/14050","targetHints":{"allow":["GET"]}}],"collection":[{"href":"https:\/\/www.gatorlamination.com\/fr\/wp-json\/wp\/v2\/product"}],"about":[{"href":"https:\/\/www.gatorlamination.com\/fr\/wp-json\/wp\/v2\/types\/product"}],"replies":[{"embeddable":true,"href":"https:\/\/www.gatorlamination.com\/fr\/wp-json\/wp\/v2\/comments?post=14050"}],"wp:featuredmedia":[{"embeddable":true,"href":"https:\/\/www.gatorlamination.com\/fr\/wp-json\/wp\/v2\/media\/13383"}],"wp:attachment":[{"href":"https:\/\/www.gatorlamination.com\/fr\/wp-json\/wp\/v2\/media?parent=14050"}],"wp:term":[{"taxonomy":"product_brand","embeddable":true,"href":"https:\/\/www.gatorlamination.com\/fr\/wp-json\/wp\/v2\/product_brand?post=14050"},{"taxonomy":"product_cat","embeddable":true,"href":"https:\/\/www.gatorlamination.com\/fr\/wp-json\/wp\/v2\/product_cat?post=14050"},{"taxonomy":"product_tag","embeddable":true,"href":"https:\/\/www.gatorlamination.com\/fr\/wp-json\/wp\/v2\/product_tag?post=14050"}],"curies":[{"name":"wp","href":"https:\/\/api.w.org\/{rel}","templated":true}]}}