{"id":14029,"date":"2025-11-10T14:03:31","date_gmt":"2025-11-10T06:03:31","guid":{"rendered":"https:\/\/www.gatorlamination.com\/product\/lamination-du-stator-et-du-rotor-pour-groupe-electrogene-diesel\/"},"modified":"2025-11-26T17:46:09","modified_gmt":"2025-11-26T09:46:09","slug":"lamination-du-stator-et-du-rotor-pour-groupe-electrogene-diesel","status":"publish","type":"product","link":"https:\/\/www.gatorlamination.com\/fr\/lamination-du-stator-et-du-rotor-pour-groupe-electrogene-diesel\/","title":{"rendered":"Lamination du stator et du rotor pour groupe \u00e9lectrog\u00e8ne diesel"},"content":{"rendered":"<h2>Sp\u00e9cifications techniques<\/h2>\n<table>\n<tbody>\n<tr>\n<td>Param\u00e8tres<\/td>\n<td>Sp\u00e9cification<\/td>\n<\/tr>\n<tr>\n<td>Mat\u00e9riau<\/td>\n<td>T\u00f4le d&rsquo;acier au silicium<\/td>\n<\/tr>\n<tr>\n<td>Diam\u00e8tre ext\u00e9rieur (stator)<\/td>\n<td>Gamme personnalis\u00e9e (mm)<\/td>\n<\/tr>\n<tr>\n<td>Diam\u00e8tre ext\u00e9rieur (rotor)<\/td>\n<td>Gamme personnalis\u00e9e (mm)<\/td>\n<\/tr>\n<tr>\n<td>\u00c9paisseur par lamination<\/td>\n<td>0,35-0,5 mm<\/td>\n<\/tr>\n<tr>\n<td>Hauteur de la pile<\/td>\n<td>Jusqu&rsquo;\u00e0 400 mm<\/td>\n<\/tr>\n<tr>\n<td>Type de poin\u00e7onnage<\/td>\n<td>Compound \/ Haute vitesse \/ Simple fente<\/td>\n<\/tr>\n<tr>\n<td>Application<\/td>\n<td>Alternateur de g\u00e9n\u00e9rateur diesel<\/td>\n<\/tr>\n<tr>\n<td>Certification<\/td>\n<td>ISO9001, IATF16949<\/td>\n<\/tr>\n<tr>\n<td>Marque<\/td>\n<td>OEM &amp; ODM<\/td>\n<\/tr>\n<\/tbody>\n<\/table>\n<h2>Personnalisation et service OEM\/ODM<\/h2>\n<ul>\n<li>Dimensions et conceptions de matrices de poin\u00e7onnage personnalis\u00e9es selon le mod\u00e8le de g\u00e9n\u00e9rateur.<\/li>\n<li>Assistance OEM et ODM avec services de co-ing\u00e9nierie et de prototypage.<\/li>\n<li>D\u00e9veloppement rapide des moules par l&rsquo;\u00e9quipe R&amp;D interne.<\/li>\n<li>Compatible avec les groupes \u00e9lectrog\u00e8nes AC\/DC pour applications industrielles et commerciales.<\/li>\n<\/ul>\n<h2>Domaines d&rsquo;application<\/h2>\n<ul>\n<li>Groupes \u00e9lectrog\u00e8nes diesel pour installations industrielles et chantiers de construction.<\/li>\n<li>Alimentation de secours pour les h\u00f4pitaux, les t\u00e9l\u00e9communications et les centres de donn\u00e9es.<\/li>\n<li>Syst\u00e8mes de g\u00e9n\u00e9rateurs marins et de transport.<\/li>\n<li>Groupes hydrauliques et syst\u00e8mes de secours pour ascenseurs.<\/li>\n<li>Nouveaux syst\u00e8mes hybrides \u00e0 \u00e9nergies nouvelles utilisant l&rsquo;int\u00e9gration diesel-\u00e9lectrique.<\/li>\n<\/ul>\n","protected":false},"excerpt":{"rendered":"<ul>\n<li><strong>Haute efficacit\u00e9 magn\u00e9tique :<\/strong> les t\u00f4les d\u2019acier au silicium optimis\u00e9es minimisent les pertes par courants de Foucault.<\/li>\n<li><strong>Pr\u00e9cision dimensionnelle : <\/strong> des tol\u00e9rances serr\u00e9es garantissent une distribution stable du flux magn\u00e9tique.<\/li>\n<li><strong>Application polyvalente :<\/strong> Convient aux moteurs CC et CA utilis\u00e9s dans les syst\u00e8mes de g\u00e9n\u00e9rateurs diesel.<\/li>\n<li><strong>Conception personnalis\u00e9e : <\/strong> Prise en charge des matrices de poin\u00e7onnage compos\u00e9es, \u00e0 grande vitesse et \u00e0 fente unique.<\/li>\n<li><strong>Fabrication flexible :<\/strong> Presses de tonnage diff\u00e9rent pour r\u00e9pondre aux besoins sp\u00e9cifiques des mod\u00e8les de g\u00e9n\u00e9rateurs.<\/li>\n<li><strong>Protection contre la corrosion :<\/strong> Les rev\u00eatements isolants (C3, C5, C6) assurent une durabilit\u00e9 \u00e0 long terme.<\/li>\n<\/ul>\n","protected":false},"featured_media":13178,"comment_status":"open","ping_status":"closed","template":"","meta":{"site-sidebar-layout":"default","site-content-layout":"","ast-site-content-layout":"default","site-content-style":"default","site-sidebar-style":"default","ast-global-header-display":"","ast-banner-title-visibility":"","ast-main-header-display":"","ast-hfb-above-header-display":"","ast-hfb-below-header-display":"","ast-hfb-mobile-header-display":"","site-post-title":"","ast-breadcrumbs-content":"","ast-featured-img":"","footer-sml-layout":"","theme-transparent-header-meta":"default","adv-header-id-meta":"","stick-header-meta":"","header-above-stick-meta":"","header-main-stick-meta":"","header-below-stick-meta":"","astra-migrate-meta-layouts":"set","ast-page-background-enabled":"default","ast-page-background-meta":{"desktop":{"background-color":"var(--ast-global-color-4)","background-image":"","background-repeat":"repeat","background-position":"center center","background-size":"auto","background-attachment":"scroll","background-type":"","background-media":"","overlay-type":"","overlay-color":"","overlay-opacity":"","overlay-gradient":""},"tablet":{"background-color":"","background-image":"","background-repeat":"repeat","background-position":"center center","background-size":"auto","background-attachment":"scroll","background-type":"","background-media":"","overlay-type":"","overlay-color":"","overlay-opacity":"","overlay-gradient":""},"mobile":{"background-color":"","background-image":"","background-repeat":"repeat","background-position":"center center","background-size":"auto","background-attachment":"scroll","background-type":"","background-media":"","overlay-type":"","overlay-color":"","overlay-opacity":"","overlay-gradient":""}},"ast-content-background-meta":{"desktop":{"background-color":"var(--ast-global-color-5)","background-image":"","background-repeat":"repeat","background-position":"center center","background-size":"auto","background-attachment":"scroll","background-type":"","background-media":"","overlay-type":"","overlay-color":"","overlay-opacity":"","overlay-gradient":""},"tablet":{"background-color":"var(--ast-global-color-5)","background-image":"","background-repeat":"repeat","background-position":"center center","background-size":"auto","background-attachment":"scroll","background-type":"","background-media":"","overlay-type":"","overlay-color":"","overlay-opacity":"","overlay-gradient":""},"mobile":{"background-color":"var(--ast-global-color-5)","background-image":"","background-repeat":"repeat","background-position":"center center","background-size":"auto","background-attachment":"scroll","background-type":"","background-media":"","overlay-type":"","overlay-color":"","overlay-opacity":"","overlay-gradient":""}}},"product_brand":[],"product_cat":[73],"product_tag":[],"class_list":{"0":"post-14029","1":"product","2":"type-product","3":"status-publish","4":"has-post-thumbnail","6":"product_cat-laminage","7":"desktop-align-left","8":"tablet-align-left","9":"mobile-align-left","11":"first","12":"instock","13":"shipping-taxable","14":"product-type-simple"},"_links":{"self":[{"href":"https:\/\/www.gatorlamination.com\/fr\/wp-json\/wp\/v2\/product\/14029","targetHints":{"allow":["GET"]}}],"collection":[{"href":"https:\/\/www.gatorlamination.com\/fr\/wp-json\/wp\/v2\/product"}],"about":[{"href":"https:\/\/www.gatorlamination.com\/fr\/wp-json\/wp\/v2\/types\/product"}],"replies":[{"embeddable":true,"href":"https:\/\/www.gatorlamination.com\/fr\/wp-json\/wp\/v2\/comments?post=14029"}],"wp:featuredmedia":[{"embeddable":true,"href":"https:\/\/www.gatorlamination.com\/fr\/wp-json\/wp\/v2\/media\/13178"}],"wp:attachment":[{"href":"https:\/\/www.gatorlamination.com\/fr\/wp-json\/wp\/v2\/media?parent=14029"}],"wp:term":[{"taxonomy":"product_brand","embeddable":true,"href":"https:\/\/www.gatorlamination.com\/fr\/wp-json\/wp\/v2\/product_brand?post=14029"},{"taxonomy":"product_cat","embeddable":true,"href":"https:\/\/www.gatorlamination.com\/fr\/wp-json\/wp\/v2\/product_cat?post=14029"},{"taxonomy":"product_tag","embeddable":true,"href":"https:\/\/www.gatorlamination.com\/fr\/wp-json\/wp\/v2\/product_tag?post=14029"}],"curies":[{"name":"wp","href":"https:\/\/api.w.org\/{rel}","templated":true}]}}