{"id":14227,"date":"2025-11-13T18:00:19","date_gmt":"2025-11-13T10:00:19","guid":{"rendered":"https:\/\/www.gatorlamination.com\/product\/nucleo-del-estator-del-motor-de-cc\/"},"modified":"2025-11-27T16:31:09","modified_gmt":"2025-11-27T08:31:09","slug":"nucleo-del-estator-del-motor-de-cc","status":"publish","type":"product","link":"https:\/\/www.gatorlamination.com\/es\/nucleo-del-estator-del-motor-de-cc\/","title":{"rendered":"N\u00facleo del estator del motor de CC"},"content":{"rendered":"<h2>Especificaciones t\u00e9cnicas<\/h2>\n<table>\n<tbody>\n<tr>\n<td>Par\u00e1metro<\/td>\n<td>Especificaci\u00f3n<\/td>\n<\/tr>\n<tr>\n<td>Material<\/td>\n<td>Acero al silicio \/ Aleaci\u00f3n de n\u00edquel \/ Aleaci\u00f3n de cobalto<\/td>\n<\/tr>\n<tr>\n<td>Espesor de la laminaci\u00f3n<\/td>\n<td>0.1 \u2013 0.5 mm<\/td>\n<\/tr>\n<tr>\n<td>Rango de di\u00e1metro exterior<\/td>\n<td>30 \u2013 600 mm<\/td>\n<\/tr>\n<tr>\n<td>Tipo de n\u00facleo<\/td>\n<td>Yugo \/ Ranurado \/ Anillo completo<\/td>\n<\/tr>\n<tr>\n<td>Altura de la pila<\/td>\n<td>Personalizable<\/td>\n<\/tr>\n<tr>\n<td>P\u00e9rdida de n\u00facleo<\/td>\n<td>\u2264 2,4 W\/kg a 50 Hz<\/td>\n<\/tr>\n<tr>\n<td>Temperatura de funcionamiento<\/td>\n<td>\u201340 \u00b0C ~ +180 \u00b0C<\/td>\n<\/tr>\n<tr>\n<td>M\u00e9todo de fabricaci\u00f3n<\/td>\n<td>Estampaci\u00f3n progresiva \/ Corte l\u00e1ser \/ Uni\u00f3n<\/td>\n<\/tr>\n<tr>\n<td>Aplicaciones<\/td>\n<td>Motores para veh\u00edculos el\u00e9ctricos \/ Variadores de CC industriales \/ Rob\u00f3tica \/ Actuadores<\/td>\n<\/tr>\n<\/tbody>\n<\/table>\n<h2>Personalizaci\u00f3n y servicio OEM<\/h2>\n<ul>\n<li>Adapte los di\u00e1metros exteriores e interiores a dise\u00f1os de motores de CC espec\u00edficos.<\/li>\n<li>Elija entre configuraciones de n\u00facleo de yugo, ranurado o de anillo completo.<\/li>\n<li>Seleccione el espesor de laminaci\u00f3n y el grado del material para la resistencia magn\u00e9tica deseada.<\/li>\n<li>Ofrecemos m\u00faltiples recubrimientos de aislamiento para diferentes clases de voltaje.<\/li>\n<li>Proporciona opciones de apilamiento adherido, soldado o remachado.<\/li>\n<li>Marca OEM, marcado l\u00e1ser y embalaje de exportaci\u00f3n disponibles.<\/li>\n<\/ul>\n<h2>Campos de aplicaci\u00f3n<\/h2>\n<ul>\n<li>Veh\u00edculos el\u00e9ctricos y motores de corriente continua de tracci\u00f3n h\u00edbrida.<\/li>\n<li>Variadores de frecuencia de CC y herramientas el\u00e9ctricas industriales.<\/li>\n<li>Actuadores de control de movimiento y rob\u00f3tica.<\/li>\n<li>Sistemas de control de energ\u00edas renovables.<\/li>\n<li>Maquinaria y equipos port\u00e1tiles alimentados por bater\u00edas.<\/li>\n<\/ul>\n","protected":false},"excerpt":{"rendered":"<ul>\n<li><strong>Estampado de alta velocidad: <\/strong> uso de prensas SCHULER o AIDA para lograr una geometr\u00eda de diente consistente y una concentricidad ajustada.<\/li>\n<li><strong>Control de rebabas:<\/strong> \u2264 0,02 mm para garantizar una inserci\u00f3n de bobinado suave y baja vibraci\u00f3n.<\/li>\n<li><strong>Alineaci\u00f3n de laminaci\u00f3n:<\/strong> apilamiento asistido por l\u00e1ser para uniformidad de campo y estabilidad de forma.<\/li>\n<li><strong>Uni\u00f3n y remachado:<\/strong> Estructura reforzada adaptada a carcasas DC compactas.<\/li>\n<\/ul>\n","protected":false},"featured_media":13508,"comment_status":"closed","ping_status":"closed","template":"","meta":{"site-sidebar-layout":"default","site-content-layout":"","ast-site-content-layout":"default","site-content-style":"default","site-sidebar-style":"default","ast-global-header-display":"","ast-banner-title-visibility":"","ast-main-header-display":"","ast-hfb-above-header-display":"","ast-hfb-below-header-display":"","ast-hfb-mobile-header-display":"","site-post-title":"","ast-breadcrumbs-content":"","ast-featured-img":"","footer-sml-layout":"","theme-transparent-header-meta":"default","adv-header-id-meta":"","stick-header-meta":"","header-above-stick-meta":"","header-main-stick-meta":"","header-below-stick-meta":"","astra-migrate-meta-layouts":"set","ast-page-background-enabled":"default","ast-page-background-meta":{"desktop":{"background-color":"var(--ast-global-color-4)","background-image":"","background-repeat":"repeat","background-position":"center center","background-size":"auto","background-attachment":"scroll","background-type":"","background-media":"","overlay-type":"","overlay-color":"","overlay-opacity":"","overlay-gradient":""},"tablet":{"background-color":"","background-image":"","background-repeat":"repeat","background-position":"center center","background-size":"auto","background-attachment":"scroll","background-type":"","background-media":"","overlay-type":"","overlay-color":"","overlay-opacity":"","overlay-gradient":""},"mobile":{"background-color":"","background-image":"","background-repeat":"repeat","background-position":"center center","background-size":"auto","background-attachment":"scroll","background-type":"","background-media":"","overlay-type":"","overlay-color":"","overlay-opacity":"","overlay-gradient":""}},"ast-content-background-meta":{"desktop":{"background-color":"var(--ast-global-color-5)","background-image":"","background-repeat":"repeat","background-position":"center center","background-size":"auto","background-attachment":"scroll","background-type":"","background-media":"","overlay-type":"","overlay-color":"","overlay-opacity":"","overlay-gradient":""},"tablet":{"background-color":"var(--ast-global-color-5)","background-image":"","background-repeat":"repeat","background-position":"center center","background-size":"auto","background-attachment":"scroll","background-type":"","background-media":"","overlay-type":"","overlay-color":"","overlay-opacity":"","overlay-gradient":""},"mobile":{"background-color":"var(--ast-global-color-5)","background-image":"","background-repeat":"repeat","background-position":"center center","background-size":"auto","background-attachment":"scroll","background-type":"","background-media":"","overlay-type":"","overlay-color":"","overlay-opacity":"","overlay-gradient":""}}},"product_brand":[],"product_cat":[83],"product_tag":[],"class_list":{"0":"post-14227","1":"product","2":"type-product","3":"status-publish","4":"has-post-thumbnail","6":"product_cat-pilas","7":"desktop-align-left","8":"tablet-align-left","9":"mobile-align-left","11":"first","12":"instock","13":"shipping-taxable","14":"product-type-simple"},"_links":{"self":[{"href":"https:\/\/www.gatorlamination.com\/es\/wp-json\/wp\/v2\/product\/14227","targetHints":{"allow":["GET"]}}],"collection":[{"href":"https:\/\/www.gatorlamination.com\/es\/wp-json\/wp\/v2\/product"}],"about":[{"href":"https:\/\/www.gatorlamination.com\/es\/wp-json\/wp\/v2\/types\/product"}],"replies":[{"embeddable":true,"href":"https:\/\/www.gatorlamination.com\/es\/wp-json\/wp\/v2\/comments?post=14227"}],"wp:featuredmedia":[{"embeddable":true,"href":"https:\/\/www.gatorlamination.com\/es\/wp-json\/wp\/v2\/media\/13508"}],"wp:attachment":[{"href":"https:\/\/www.gatorlamination.com\/es\/wp-json\/wp\/v2\/media?parent=14227"}],"wp:term":[{"taxonomy":"product_brand","embeddable":true,"href":"https:\/\/www.gatorlamination.com\/es\/wp-json\/wp\/v2\/product_brand?post=14227"},{"taxonomy":"product_cat","embeddable":true,"href":"https:\/\/www.gatorlamination.com\/es\/wp-json\/wp\/v2\/product_cat?post=14227"},{"taxonomy":"product_tag","embeddable":true,"href":"https:\/\/www.gatorlamination.com\/es\/wp-json\/wp\/v2\/product_tag?post=14227"}],"curies":[{"name":"wp","href":"https:\/\/api.w.org\/{rel}","templated":true}]}}