{"id":14184,"date":"2025-11-12T15:46:00","date_gmt":"2025-11-12T07:46:00","guid":{"rendered":"https:\/\/www.gatorlamination.com\/product\/nucleo-del-motor-de-cc\/"},"modified":"2025-11-27T10:52:50","modified_gmt":"2025-11-27T02:52:50","slug":"nucleo-del-motor-de-cc","status":"publish","type":"product","link":"https:\/\/www.gatorlamination.com\/es\/nucleo-del-motor-de-cc\/","title":{"rendered":"N\u00facleo del motor de CC"},"content":{"rendered":"<h2>Especificaciones t\u00e9cnicas<\/h2>\n<table>\n<tbody>\n<tr>\n<td>Par\u00e1metro<\/td>\n<td>Especificaci\u00f3n<\/td>\n<\/tr>\n<tr>\n<td>Material<\/td>\n<td>Acero al silicio \/ Aleaci\u00f3n de cobalto \/ Aleaci\u00f3n de n\u00edquel<\/td>\n<\/tr>\n<tr>\n<td>Espesor de la laminaci\u00f3n<\/td>\n<td>0,1\u20130,5 mm<\/td>\n<\/tr>\n<tr>\n<td>Di\u00e1metro exterior (estator)<\/td>\n<td>50\u2013500 mm<\/td>\n<\/tr>\n<tr>\n<td>\u0412\u043d\u0435\u0448\u043d\u0438\u0439 \u0434\u0438\u0430\u043c\u0435\u0442\u0440 (\u0440\u043e\u0442\u043e\u0440)<\/td>\n<td>40\u2013400 mm<\/td>\n<\/tr>\n<tr>\n<td>Altura de la pila<\/td>\n<td>Hasta 300 mm<\/td>\n<\/tr>\n<tr>\n<td>Proceso de fabricaci\u00f3n<\/td>\n<td>Estampado de alta velocidad\/corte por l\u00e1ser<\/td>\n<\/tr>\n<tr>\n<td>Recubrimiento aislante<\/td>\n<td>Opcional (Clase B\/F\/H)<\/td>\n<\/tr>\n<tr>\n<td>Aplicaciones<\/td>\n<td>Motores de CC con y sin escobillas<\/td>\n<\/tr>\n<\/tbody>\n<\/table>\n<h2>Personalizaci\u00f3n y servicio OEM<\/h2>\n<ul>\n<li>Dimensiones de n\u00facleo personalizadas y espesor de laminaci\u00f3n (0,1 mm\u20130,5 mm).<\/li>\n<li>Dise\u00f1o para configuraciones de motores de CC con o sin escobillas.<\/li>\n<li>Recubrimientos de aislamiento m\u00faltiples: Clase B, F o H.<\/li>\n<li>Opciones de producci\u00f3n de prototipos y lotes.<\/li>\n<li>Integraci\u00f3n completa: estampaci\u00f3n, apilado, bobinado y montaje del rotor.<\/li>\n<li>Selecci\u00f3n de materiales: acero al silicio, aleaci\u00f3n de n\u00edquel, aleaci\u00f3n de cobalto o aleaci\u00f3n a base de hierro.<\/li>\n<\/ul>\n<h2>Aplicaciones<\/h2>\n<ul>\n<li>Veh\u00edculos el\u00e9ctricos y scooters<\/li>\n<li>Rob\u00f3tica y servosistemas<\/li>\n<li>Automatizaci\u00f3n industrial y actuadores<\/li>\n<li>Ventiladores y bombas de HVAC<\/li>\n<li>Herramientas el\u00e9ctricas y electrodom\u00e9sticos<\/li>\n<\/ul>\n","protected":false},"excerpt":{"rendered":"<ul>\n<li><strong>Alto rendimiento magn\u00e9tico:<\/strong> la laminaci\u00f3n optimizada minimiza la p\u00e9rdida del n\u00facleo y mejora la densidad de torsi\u00f3n.<\/li>\n<li><strong>Ingenier\u00eda de precisi\u00f3n:<\/strong> un estricto control dimensional garantiza una rotaci\u00f3n suave del rotor y bajas vibraciones.<\/li>\n<li><strong>Opciones de materiales personalizados:<\/strong> Grados de acero al silicio dise\u00f1ados para cumplir con requisitos particulares de velocidad y voltaje.<\/li>\n<li><strong>Bajo nivel de ruido y calor:<\/strong> dise\u00f1o equilibrado para un funcionamiento silencioso y estable del motor de CC.<\/li>\n<li><strong>Rango de tama\u00f1o:<\/strong> di\u00e1metro exterior disponible de 40 a 500 mm.<\/li>\n<\/ul>\n","protected":false},"featured_media":13316,"comment_status":"closed","ping_status":"closed","template":"","meta":{"site-sidebar-layout":"default","site-content-layout":"","ast-site-content-layout":"default","site-content-style":"default","site-sidebar-style":"default","ast-global-header-display":"","ast-banner-title-visibility":"","ast-main-header-display":"","ast-hfb-above-header-display":"","ast-hfb-below-header-display":"","ast-hfb-mobile-header-display":"","site-post-title":"","ast-breadcrumbs-content":"","ast-featured-img":"","footer-sml-layout":"","theme-transparent-header-meta":"default","adv-header-id-meta":"","stick-header-meta":"","header-above-stick-meta":"","header-main-stick-meta":"","header-below-stick-meta":"","astra-migrate-meta-layouts":"set","ast-page-background-enabled":"default","ast-page-background-meta":{"desktop":{"background-color":"var(--ast-global-color-4)","background-image":"","background-repeat":"repeat","background-position":"center center","background-size":"auto","background-attachment":"scroll","background-type":"","background-media":"","overlay-type":"","overlay-color":"","overlay-opacity":"","overlay-gradient":""},"tablet":{"background-color":"","background-image":"","background-repeat":"repeat","background-position":"center center","background-size":"auto","background-attachment":"scroll","background-type":"","background-media":"","overlay-type":"","overlay-color":"","overlay-opacity":"","overlay-gradient":""},"mobile":{"background-color":"","background-image":"","background-repeat":"repeat","background-position":"center center","background-size":"auto","background-attachment":"scroll","background-type":"","background-media":"","overlay-type":"","overlay-color":"","overlay-opacity":"","overlay-gradient":""}},"ast-content-background-meta":{"desktop":{"background-color":"var(--ast-global-color-5)","background-image":"","background-repeat":"repeat","background-position":"center center","background-size":"auto","background-attachment":"scroll","background-type":"","background-media":"","overlay-type":"","overlay-color":"","overlay-opacity":"","overlay-gradient":""},"tablet":{"background-color":"var(--ast-global-color-5)","background-image":"","background-repeat":"repeat","background-position":"center center","background-size":"auto","background-attachment":"scroll","background-type":"","background-media":"","overlay-type":"","overlay-color":"","overlay-opacity":"","overlay-gradient":""},"mobile":{"background-color":"var(--ast-global-color-5)","background-image":"","background-repeat":"repeat","background-position":"center center","background-size":"auto","background-attachment":"scroll","background-type":"","background-media":"","overlay-type":"","overlay-color":"","overlay-opacity":"","overlay-gradient":""}}},"product_brand":[],"product_cat":[83],"product_tag":[],"class_list":{"0":"post-14184","1":"product","2":"type-product","3":"status-publish","4":"has-post-thumbnail","6":"product_cat-pilas","7":"desktop-align-left","8":"tablet-align-left","9":"mobile-align-left","11":"first","12":"instock","13":"shipping-taxable","14":"product-type-simple"},"_links":{"self":[{"href":"https:\/\/www.gatorlamination.com\/es\/wp-json\/wp\/v2\/product\/14184","targetHints":{"allow":["GET"]}}],"collection":[{"href":"https:\/\/www.gatorlamination.com\/es\/wp-json\/wp\/v2\/product"}],"about":[{"href":"https:\/\/www.gatorlamination.com\/es\/wp-json\/wp\/v2\/types\/product"}],"replies":[{"embeddable":true,"href":"https:\/\/www.gatorlamination.com\/es\/wp-json\/wp\/v2\/comments?post=14184"}],"wp:featuredmedia":[{"embeddable":true,"href":"https:\/\/www.gatorlamination.com\/es\/wp-json\/wp\/v2\/media\/13316"}],"wp:attachment":[{"href":"https:\/\/www.gatorlamination.com\/es\/wp-json\/wp\/v2\/media?parent=14184"}],"wp:term":[{"taxonomy":"product_brand","embeddable":true,"href":"https:\/\/www.gatorlamination.com\/es\/wp-json\/wp\/v2\/product_brand?post=14184"},{"taxonomy":"product_cat","embeddable":true,"href":"https:\/\/www.gatorlamination.com\/es\/wp-json\/wp\/v2\/product_cat?post=14184"},{"taxonomy":"product_tag","embeddable":true,"href":"https:\/\/www.gatorlamination.com\/es\/wp-json\/wp\/v2\/product_tag?post=14184"}],"curies":[{"name":"wp","href":"https:\/\/api.w.org\/{rel}","templated":true}]}}