{"id":14178,"date":"2025-11-12T14:36:20","date_gmt":"2025-11-12T06:36:20","guid":{"rendered":"https:\/\/www.gatorlamination.com\/product\/nucleo-del-motor-de-induccion\/"},"modified":"2025-11-27T10:00:33","modified_gmt":"2025-11-27T02:00:33","slug":"nucleo-del-motor-de-induccion","status":"publish","type":"product","link":"https:\/\/www.gatorlamination.com\/es\/nucleo-del-motor-de-induccion\/","title":{"rendered":"N\u00facleo del motor de inducci\u00f3n"},"content":{"rendered":"<h2>Especificaciones t\u00e9cnicas<\/h2>\n<table>\n<tbody>\n<tr>\n<td>Par\u00e1metro<\/td>\n<td>Especificaci\u00f3n<\/td>\n<\/tr>\n<tr>\n<td>Material<\/td>\n<td>Acero al silicio no orientado<\/td>\n<\/tr>\n<tr>\n<td>Espesor de la laminaci\u00f3n<\/td>\n<td>0.2\u20130.5 mil\u00edmetros<\/td>\n<\/tr>\n<tr>\n<td>Di\u00e1metro exterior (n\u00facleo del estator)<\/td>\n<td>50\u2013800 mil\u00edmetros<\/td>\n<\/tr>\n<tr>\n<td>Di\u00e1metro exterior (n\u00facleo del rotor)<\/td>\n<td>30\u2013700 mil\u00edmetros<\/td>\n<\/tr>\n<tr>\n<td>Altura de la pila<\/td>\n<td>10\u2013600 mil\u00edmetros<\/td>\n<\/tr>\n<tr>\n<td>Tipo de recubrimiento<\/td>\n<td>C-3, C-5 o personalizado<\/td>\n<\/tr>\n<tr>\n<td>Tolerancia a las rebabas<\/td>\n<td>\u22640.02 mm<\/td>\n<\/tr>\n<tr>\n<td>M\u00e9todo de ensamblaje<\/td>\n<td>Enclavamiento \/ Uni\u00f3n \/ Remache \/ Soldadura<\/td>\n<\/tr>\n<\/tbody>\n<\/table>\n<h2>Personalizaci\u00f3n y servicio OEM<\/h2>\n<ul>\n<li>Grado de laminaci\u00f3n y tipo de recubrimiento personalizados.<\/li>\n<li>Dise\u00f1o de n\u00famero de ranuras\/polos y \u00e1ngulo de inclinaci\u00f3n.<\/li>\n<li>Desarrollo de prototipos con corte l\u00e1ser.<\/li>\n<li>Ingenier\u00eda inversa a partir de muestras o dibujos.<\/li>\n<li>Soporte completo de DFM y documentaci\u00f3n PPAP.<\/li>\n<\/ul>\n<h2>Aplicaciones<\/h2>\n<ul>\n<li>Bombas y compresores industriales<\/li>\n<li>Motores y ventiladores HVAC<\/li>\n<li>M\u00e1quinas herramientas y transportadores<\/li>\n<li>Ascensores y montacargas<\/li>\n<li>Equipos agr\u00edcolas y mineros<\/li>\n<\/ul>\n","protected":false},"excerpt":{"rendered":"<ul>\n<li><strong>Tolerancias estrictas:<\/strong> el estampado de precisi\u00f3n\/corte por l\u00e1ser controla rebabas \u22640,02 mm para lograr consistencia.<\/li>\n<li><strong>Dise\u00f1o personalizable:<\/strong> opciones de ranura, poste, inclinaci\u00f3n y ventilaci\u00f3n seg\u00fan requisito.<\/li>\n<li><strong>Amplia gama de tama\u00f1os:<\/strong> Estator \u00d8 50\u2013800 mm, Rotor \u00d8 30\u2013700 mm.<\/li>\n<li><strong>Recubrimiento duradero:<\/strong> el aislamiento de alta temperatura mejora la estabilidad del rendimiento.<\/li>\n<li><strong>Producci\u00f3n flexible:<\/strong> admite tanto prototipos de lotes peque\u00f1os como producciones de gran volumen.<\/li>\n<\/ul>\n","protected":false},"featured_media":13308,"comment_status":"closed","ping_status":"closed","template":"","meta":{"site-sidebar-layout":"default","site-content-layout":"","ast-site-content-layout":"default","site-content-style":"default","site-sidebar-style":"default","ast-global-header-display":"","ast-banner-title-visibility":"","ast-main-header-display":"","ast-hfb-above-header-display":"","ast-hfb-below-header-display":"","ast-hfb-mobile-header-display":"","site-post-title":"","ast-breadcrumbs-content":"","ast-featured-img":"","footer-sml-layout":"","theme-transparent-header-meta":"default","adv-header-id-meta":"","stick-header-meta":"","header-above-stick-meta":"","header-main-stick-meta":"","header-below-stick-meta":"","astra-migrate-meta-layouts":"set","ast-page-background-enabled":"default","ast-page-background-meta":{"desktop":{"background-color":"var(--ast-global-color-4)","background-image":"","background-repeat":"repeat","background-position":"center center","background-size":"auto","background-attachment":"scroll","background-type":"","background-media":"","overlay-type":"","overlay-color":"","overlay-opacity":"","overlay-gradient":""},"tablet":{"background-color":"","background-image":"","background-repeat":"repeat","background-position":"center center","background-size":"auto","background-attachment":"scroll","background-type":"","background-media":"","overlay-type":"","overlay-color":"","overlay-opacity":"","overlay-gradient":""},"mobile":{"background-color":"","background-image":"","background-repeat":"repeat","background-position":"center center","background-size":"auto","background-attachment":"scroll","background-type":"","background-media":"","overlay-type":"","overlay-color":"","overlay-opacity":"","overlay-gradient":""}},"ast-content-background-meta":{"desktop":{"background-color":"var(--ast-global-color-5)","background-image":"","background-repeat":"repeat","background-position":"center center","background-size":"auto","background-attachment":"scroll","background-type":"","background-media":"","overlay-type":"","overlay-color":"","overlay-opacity":"","overlay-gradient":""},"tablet":{"background-color":"var(--ast-global-color-5)","background-image":"","background-repeat":"repeat","background-position":"center center","background-size":"auto","background-attachment":"scroll","background-type":"","background-media":"","overlay-type":"","overlay-color":"","overlay-opacity":"","overlay-gradient":""},"mobile":{"background-color":"var(--ast-global-color-5)","background-image":"","background-repeat":"repeat","background-position":"center center","background-size":"auto","background-attachment":"scroll","background-type":"","background-media":"","overlay-type":"","overlay-color":"","overlay-opacity":"","overlay-gradient":""}}},"product_brand":[],"product_cat":[83],"product_tag":[],"class_list":{"0":"post-14178","1":"product","2":"type-product","3":"status-publish","4":"has-post-thumbnail","6":"product_cat-pilas","7":"desktop-align-left","8":"tablet-align-left","9":"mobile-align-left","11":"first","12":"instock","13":"shipping-taxable","14":"product-type-simple"},"_links":{"self":[{"href":"https:\/\/www.gatorlamination.com\/es\/wp-json\/wp\/v2\/product\/14178","targetHints":{"allow":["GET"]}}],"collection":[{"href":"https:\/\/www.gatorlamination.com\/es\/wp-json\/wp\/v2\/product"}],"about":[{"href":"https:\/\/www.gatorlamination.com\/es\/wp-json\/wp\/v2\/types\/product"}],"replies":[{"embeddable":true,"href":"https:\/\/www.gatorlamination.com\/es\/wp-json\/wp\/v2\/comments?post=14178"}],"wp:featuredmedia":[{"embeddable":true,"href":"https:\/\/www.gatorlamination.com\/es\/wp-json\/wp\/v2\/media\/13308"}],"wp:attachment":[{"href":"https:\/\/www.gatorlamination.com\/es\/wp-json\/wp\/v2\/media?parent=14178"}],"wp:term":[{"taxonomy":"product_brand","embeddable":true,"href":"https:\/\/www.gatorlamination.com\/es\/wp-json\/wp\/v2\/product_brand?post=14178"},{"taxonomy":"product_cat","embeddable":true,"href":"https:\/\/www.gatorlamination.com\/es\/wp-json\/wp\/v2\/product_cat?post=14178"},{"taxonomy":"product_tag","embeddable":true,"href":"https:\/\/www.gatorlamination.com\/es\/wp-json\/wp\/v2\/product_tag?post=14178"}],"curies":[{"name":"wp","href":"https:\/\/api.w.org\/{rel}","templated":true}]}}