{"id":14054,"date":"2025-11-12T09:33:12","date_gmt":"2025-11-12T01:33:12","guid":{"rendered":"https:\/\/www.gatorlamination.com\/product\/laminacion-de-motor-lineal\/"},"modified":"2025-11-26T17:34:30","modified_gmt":"2025-11-26T09:34:30","slug":"laminacion-de-motor-lineal","status":"publish","type":"product","link":"https:\/\/www.gatorlamination.com\/es\/laminacion-de-motor-lineal\/","title":{"rendered":"Laminaci\u00f3n de motor lineal"},"content":{"rendered":"<h2>Especificaciones t\u00e9cnicas<\/h2>\n<table>\n<tbody>\n<tr>\n<td>Par\u00e1metro<\/td>\n<td>Especificaci\u00f3n<\/td>\n<\/tr>\n<tr>\n<td>Material<\/td>\n<td>Chapa de acero al silicio<\/td>\n<\/tr>\n<tr>\n<td>Rango de tallas<\/td>\n<td>150\u20131500 mil\u00edmetros<\/td>\n<\/tr>\n<tr>\n<td>Solicitud<\/td>\n<td>Servomotor, Reluctancia, Transporte, Hidr\u00e1ulico, Ascensor, Nueva Energ\u00eda<\/td>\n<\/tr>\n<tr>\n<td>Tipo<\/td>\n<td>Laminaci\u00f3n de estampado<\/td>\n<\/tr>\n<tr>\n<td>Uso<\/td>\n<td>Motor de CC y CA<\/td>\n<\/tr>\n<tr>\n<td>Certificaci\u00f3n<\/td>\n<td>ISO9001, IATF16949<\/td>\n<\/tr>\n<tr>\n<td>Proceso de fabricaci\u00f3n<\/td>\n<td>Estampado de precisi\u00f3n de alta velocidad<\/td>\n<\/tr>\n<\/tbody>\n<\/table>\n<h2>Personalizaci\u00f3n y servicio OEM<\/h2>\n<ul>\n<li><strong>Opciones dimensionales:<\/strong> Longitud 150 \u2013 1500 mm, ancho y espesor del n\u00facleo personalizables.<\/li>\n<li><strong>Selecci\u00f3n de revestimiento:<\/strong> Recubrimientos de aislamiento opcionales para una mayor durabilidad.<\/li>\n<li><strong>Grados de material:<\/strong> Disponible en varios grados de acero al silicio para satisfacer las necesidades de rendimiento magn\u00e9tico.<\/li>\n<li><strong>Tipos de punzonado:<\/strong> Admite estampado de ranura \u00fanica compuesto, de alta velocidad y de precisi\u00f3n.<\/li>\n<li><strong>Producci\u00f3n de prototipos y lotes:<\/strong> vol\u00famenes flexibles para I+D o producci\u00f3n en masa.<\/li>\n<li><strong>Soporte de ingenier\u00eda:<\/strong> asistencia con el dise\u00f1o de laminaci\u00f3n, control t\u00e9rmico y compatibilidad de ensamblajes.<\/li>\n<\/ul>\n<h2>Campos de aplicaci\u00f3n<\/h2>\n<ul>\n<li><strong>Servomotores:<\/strong> Sistemas de control de movimiento de alta precisi\u00f3n.<\/li>\n<li><strong>Sistemas de transporte:<\/strong> Soluciones de accionamiento lineal para dise\u00f1os ferroviarios o de levitaci\u00f3n magn\u00e9tica.<\/li>\n<li><strong>Accionamientos de ascensores:<\/strong> tracci\u00f3n eficiente y movimiento suave del ascensor.<\/li>\n<li><strong>Sistemas Hidr\u00e1ulicos:<\/strong> Posicionamiento preciso para automatizaci\u00f3n industrial.<\/li>\n<li><strong>Nuevos Equipos Energ\u00e9ticos:<\/strong> Motores de movimiento lineal energ\u00e9ticamente eficientes y sostenibles.<\/li>\n<\/ul>\n","protected":false},"excerpt":{"rendered":"<ul>\n<li><strong>Estructura simple:<\/strong> el dise\u00f1o aerodin\u00e1mico garantiza un f\u00e1cil montaje, mantenimiento y un rendimiento confiable.<\/li>\n<li><strong>Movimiento de alta velocidad:<\/strong> optimizado para un desplazamiento lineal eficiente, r\u00e1pido y suave.<\/li>\n<li><strong>Alta utilizaci\u00f3n del devanado primario:<\/strong> maximiza la eficiencia electromagn\u00e9tica y minimiza la p\u00e9rdida de energ\u00eda.<\/li>\n<li><strong>Fuerza magn\u00e9tica equilibrada:<\/strong> elimina la tensi\u00f3n magn\u00e9tica unilateral para mejorar la precisi\u00f3n y la estabilidad.<\/li>\n<li><strong>Sin efecto de borde lateral:<\/strong> garantiza una distribuci\u00f3n uniforme del campo magn\u00e9tico y un movimiento lineal constante.<\/li>\n<li><strong>F\u00e1cil ajuste y control:<\/strong> simplifica la instalaci\u00f3n, la calibraci\u00f3n y el ajuste operativo para diversas aplicaciones.<\/li>\n<\/ul>\n","protected":false},"featured_media":13387,"comment_status":"closed","ping_status":"closed","template":"","meta":{"site-sidebar-layout":"default","site-content-layout":"","ast-site-content-layout":"default","site-content-style":"default","site-sidebar-style":"default","ast-global-header-display":"","ast-banner-title-visibility":"","ast-main-header-display":"","ast-hfb-above-header-display":"","ast-hfb-below-header-display":"","ast-hfb-mobile-header-display":"","site-post-title":"","ast-breadcrumbs-content":"","ast-featured-img":"","footer-sml-layout":"","theme-transparent-header-meta":"default","adv-header-id-meta":"","stick-header-meta":"","header-above-stick-meta":"","header-main-stick-meta":"","header-below-stick-meta":"","astra-migrate-meta-layouts":"set","ast-page-background-enabled":"default","ast-page-background-meta":{"desktop":{"background-color":"var(--ast-global-color-4)","background-image":"","background-repeat":"repeat","background-position":"center center","background-size":"auto","background-attachment":"scroll","background-type":"","background-media":"","overlay-type":"","overlay-color":"","overlay-opacity":"","overlay-gradient":""},"tablet":{"background-color":"","background-image":"","background-repeat":"repeat","background-position":"center center","background-size":"auto","background-attachment":"scroll","background-type":"","background-media":"","overlay-type":"","overlay-color":"","overlay-opacity":"","overlay-gradient":""},"mobile":{"background-color":"","background-image":"","background-repeat":"repeat","background-position":"center center","background-size":"auto","background-attachment":"scroll","background-type":"","background-media":"","overlay-type":"","overlay-color":"","overlay-opacity":"","overlay-gradient":""}},"ast-content-background-meta":{"desktop":{"background-color":"var(--ast-global-color-5)","background-image":"","background-repeat":"repeat","background-position":"center center","background-size":"auto","background-attachment":"scroll","background-type":"","background-media":"","overlay-type":"","overlay-color":"","overlay-opacity":"","overlay-gradient":""},"tablet":{"background-color":"var(--ast-global-color-5)","background-image":"","background-repeat":"repeat","background-position":"center center","background-size":"auto","background-attachment":"scroll","background-type":"","background-media":"","overlay-type":"","overlay-color":"","overlay-opacity":"","overlay-gradient":""},"mobile":{"background-color":"var(--ast-global-color-5)","background-image":"","background-repeat":"repeat","background-position":"center center","background-size":"auto","background-attachment":"scroll","background-type":"","background-media":"","overlay-type":"","overlay-color":"","overlay-opacity":"","overlay-gradient":""}}},"product_brand":[],"product_cat":[77],"product_tag":[],"class_list":{"0":"post-14054","1":"product","2":"type-product","3":"status-publish","4":"has-post-thumbnail","6":"product_cat-laminacion","7":"desktop-align-left","8":"tablet-align-left","9":"mobile-align-left","11":"first","12":"instock","13":"shipping-taxable","14":"product-type-simple"},"_links":{"self":[{"href":"https:\/\/www.gatorlamination.com\/es\/wp-json\/wp\/v2\/product\/14054","targetHints":{"allow":["GET"]}}],"collection":[{"href":"https:\/\/www.gatorlamination.com\/es\/wp-json\/wp\/v2\/product"}],"about":[{"href":"https:\/\/www.gatorlamination.com\/es\/wp-json\/wp\/v2\/types\/product"}],"replies":[{"embeddable":true,"href":"https:\/\/www.gatorlamination.com\/es\/wp-json\/wp\/v2\/comments?post=14054"}],"wp:featuredmedia":[{"embeddable":true,"href":"https:\/\/www.gatorlamination.com\/es\/wp-json\/wp\/v2\/media\/13387"}],"wp:attachment":[{"href":"https:\/\/www.gatorlamination.com\/es\/wp-json\/wp\/v2\/media?parent=14054"}],"wp:term":[{"taxonomy":"product_brand","embeddable":true,"href":"https:\/\/www.gatorlamination.com\/es\/wp-json\/wp\/v2\/product_brand?post=14054"},{"taxonomy":"product_cat","embeddable":true,"href":"https:\/\/www.gatorlamination.com\/es\/wp-json\/wp\/v2\/product_cat?post=14054"},{"taxonomy":"product_tag","embeddable":true,"href":"https:\/\/www.gatorlamination.com\/es\/wp-json\/wp\/v2\/product_tag?post=14054"}],"curies":[{"name":"wp","href":"https:\/\/api.w.org\/{rel}","templated":true}]}}