{"id":14033,"date":"2025-11-10T14:03:31","date_gmt":"2025-11-10T06:03:31","guid":{"rendered":"https:\/\/www.gatorlamination.com\/product\/laminacion-del-estator-y-el-rotor-para-generadores-diesel\/"},"modified":"2025-11-26T17:47:35","modified_gmt":"2025-11-26T09:47:35","slug":"laminacion-del-estator-y-el-rotor-para-generadores-diesel","status":"publish","type":"product","link":"https:\/\/www.gatorlamination.com\/es\/laminacion-del-estator-y-el-rotor-para-generadores-diesel\/","title":{"rendered":"Laminaci\u00f3n del estator y el rotor para generadores di\u00e9sel"},"content":{"rendered":"<h2>Especificaciones t\u00e9cnicas<\/h2>\n<table>\n<tbody>\n<tr>\n<td>Par\u00e1metro<\/td>\n<td>Especificaci\u00f3n<\/td>\n<\/tr>\n<tr>\n<td>Material<\/td>\n<td>Chapa de acero al silicio<\/td>\n<\/tr>\n<tr>\n<td>Di\u00e1metro exterior (estator)<\/td>\n<td>Rango personalizado (mm)<\/td>\n<\/tr>\n<tr>\n<td>Di\u00e1metro exterior (rotor)<\/td>\n<td>Rango personalizado (mm)<\/td>\n<\/tr>\n<tr>\n<td>Espesor por laminaci\u00f3n<\/td>\n<td>0,35-0,5 mm<\/td>\n<\/tr>\n<tr>\n<td>Altura de la pila<\/td>\n<td>Hasta 400 mm<\/td>\n<\/tr>\n<tr>\n<td>Tipo de perforaci\u00f3n<\/td>\n<td>Compuesto \/ Alta velocidad \/ Una ranura<\/td>\n<\/tr>\n<tr>\n<td>Aplicaci\u00f3n<\/td>\n<td>Alternador de generador diesel<\/td>\n<\/tr>\n<tr>\n<td>Certificaci\u00f3n<\/td>\n<td>ISO9001, IATF16949<\/td>\n<\/tr>\n<tr>\n<td>Marca<\/td>\n<td>OEM Y ODM<\/td>\n<\/tr>\n<\/tbody>\n<\/table>\n<h2>Personalizaci\u00f3n y servicio OEM\/ODM<\/h2>\n<ul>\n<li>Dimensiones personalizadas y dise\u00f1os de matrices de punzonado seg\u00fan modelo de generador.<\/li>\n<li>Soporte OEM y ODM con servicios de co-ingenier\u00eda y creaci\u00f3n de prototipos.<\/li>\n<li>Desarrollo r\u00e1pido de moldes por parte del equipo de I+D interno.<\/li>\n<li>Compatible con generadores de motores de CA\/CC en aplicaciones industriales y comerciales.<\/li>\n<\/ul>\n<h2>Campos de aplicaci\u00f3n<\/h2>\n<ul>\n<li>Grupos electr\u00f3genos di\u00e9sel para instalaciones industriales y obras de construcci\u00f3n.<\/li>\n<li>Energ\u00eda de respaldo para hospitales, telecomunicaciones y centros de datos.<\/li>\n<li>Sistemas generadores marinos y de transporte.<\/li>\n<li>Unidades de potencia hidr\u00e1ulica y sistemas de respaldo de ascensores.<\/li>\n<li>Nuevos sistemas h\u00edbridos energ\u00e9ticos mediante integraci\u00f3n di\u00e9sel-el\u00e9ctrico.<\/li>\n<\/ul>\n","protected":false},"excerpt":{"rendered":"<ul>\n<li><strong>Alta eficiencia magn\u00e9tica: <\/strong> Las l\u00e1minas de acero al silicio optimizadas minimizan la p\u00e9rdida por corrientes par\u00e1sitas.<\/li>\n<li><strong>Precisi\u00f3n dimensional: <\/strong> Las tolerancias estrictas garantizan una distribuci\u00f3n estable del flujo magn\u00e9tico.<\/li>\n<li><strong>Aplicaci\u00f3n vers\u00e1til: <\/strong> adecuado para motores de CC y CA utilizados en sistemas de generadores di\u00e9sel.<\/li>\n<li><strong>Dise\u00f1o personalizado:<\/strong> Compatibilidad con matrices de punzonado compuestas, de alta velocidad y de ranura \u00fanica.<\/li>\n<li><strong>Fabricaci\u00f3n Flexible:<\/strong> Prensas de diferentes tonelajes para satisfacer modelos espec\u00edficos de generadores.<\/li>\n<li><strong>Protecci\u00f3n contra la corrosi\u00f3n:<\/strong> Los recubrimientos de aislamiento (C3, C5, C6) garantizan una durabilidad a largo plazo.<\/li>\n<\/ul>\n","protected":false},"featured_media":13182,"comment_status":"open","ping_status":"closed","template":"","meta":{"site-sidebar-layout":"default","site-content-layout":"","ast-site-content-layout":"default","site-content-style":"default","site-sidebar-style":"default","ast-global-header-display":"","ast-banner-title-visibility":"","ast-main-header-display":"","ast-hfb-above-header-display":"","ast-hfb-below-header-display":"","ast-hfb-mobile-header-display":"","site-post-title":"","ast-breadcrumbs-content":"","ast-featured-img":"","footer-sml-layout":"","theme-transparent-header-meta":"default","adv-header-id-meta":"","stick-header-meta":"","header-above-stick-meta":"","header-main-stick-meta":"","header-below-stick-meta":"","astra-migrate-meta-layouts":"set","ast-page-background-enabled":"default","ast-page-background-meta":{"desktop":{"background-color":"var(--ast-global-color-4)","background-image":"","background-repeat":"repeat","background-position":"center center","background-size":"auto","background-attachment":"scroll","background-type":"","background-media":"","overlay-type":"","overlay-color":"","overlay-opacity":"","overlay-gradient":""},"tablet":{"background-color":"","background-image":"","background-repeat":"repeat","background-position":"center center","background-size":"auto","background-attachment":"scroll","background-type":"","background-media":"","overlay-type":"","overlay-color":"","overlay-opacity":"","overlay-gradient":""},"mobile":{"background-color":"","background-image":"","background-repeat":"repeat","background-position":"center center","background-size":"auto","background-attachment":"scroll","background-type":"","background-media":"","overlay-type":"","overlay-color":"","overlay-opacity":"","overlay-gradient":""}},"ast-content-background-meta":{"desktop":{"background-color":"var(--ast-global-color-5)","background-image":"","background-repeat":"repeat","background-position":"center center","background-size":"auto","background-attachment":"scroll","background-type":"","background-media":"","overlay-type":"","overlay-color":"","overlay-opacity":"","overlay-gradient":""},"tablet":{"background-color":"var(--ast-global-color-5)","background-image":"","background-repeat":"repeat","background-position":"center center","background-size":"auto","background-attachment":"scroll","background-type":"","background-media":"","overlay-type":"","overlay-color":"","overlay-opacity":"","overlay-gradient":""},"mobile":{"background-color":"var(--ast-global-color-5)","background-image":"","background-repeat":"repeat","background-position":"center center","background-size":"auto","background-attachment":"scroll","background-type":"","background-media":"","overlay-type":"","overlay-color":"","overlay-opacity":"","overlay-gradient":""}}},"product_brand":[],"product_cat":[77],"product_tag":[],"class_list":{"0":"post-14033","1":"product","2":"type-product","3":"status-publish","4":"has-post-thumbnail","6":"product_cat-laminacion","7":"desktop-align-left","8":"tablet-align-left","9":"mobile-align-left","11":"first","12":"instock","13":"shipping-taxable","14":"product-type-simple"},"_links":{"self":[{"href":"https:\/\/www.gatorlamination.com\/es\/wp-json\/wp\/v2\/product\/14033","targetHints":{"allow":["GET"]}}],"collection":[{"href":"https:\/\/www.gatorlamination.com\/es\/wp-json\/wp\/v2\/product"}],"about":[{"href":"https:\/\/www.gatorlamination.com\/es\/wp-json\/wp\/v2\/types\/product"}],"replies":[{"embeddable":true,"href":"https:\/\/www.gatorlamination.com\/es\/wp-json\/wp\/v2\/comments?post=14033"}],"wp:featuredmedia":[{"embeddable":true,"href":"https:\/\/www.gatorlamination.com\/es\/wp-json\/wp\/v2\/media\/13182"}],"wp:attachment":[{"href":"https:\/\/www.gatorlamination.com\/es\/wp-json\/wp\/v2\/media?parent=14033"}],"wp:term":[{"taxonomy":"product_brand","embeddable":true,"href":"https:\/\/www.gatorlamination.com\/es\/wp-json\/wp\/v2\/product_brand?post=14033"},{"taxonomy":"product_cat","embeddable":true,"href":"https:\/\/www.gatorlamination.com\/es\/wp-json\/wp\/v2\/product_cat?post=14033"},{"taxonomy":"product_tag","embeddable":true,"href":"https:\/\/www.gatorlamination.com\/es\/wp-json\/wp\/v2\/product_tag?post=14033"}],"curies":[{"name":"wp","href":"https:\/\/api.w.org\/{rel}","templated":true}]}}