{"id":8663,"date":"2025-01-21T14:54:13","date_gmt":"2025-01-21T06:54:13","guid":{"rendered":"https:\/\/www.gatorlamination.com\/terminos-y-condiciones\/"},"modified":"2025-03-19T15:07:54","modified_gmt":"2025-03-19T07:07:54","slug":"terminos-y-condiciones","status":"publish","type":"page","link":"https:\/\/www.gatorlamination.com\/es\/terminos-y-condiciones\/","title":{"rendered":"T\u00e9rminos y condiciones"},"content":{"rendered":"<h2>Resumen<\/h2>\n<p>Este sitio web es operado por Gator Lamination. En todo el sitio, los t\u00e9rminos \u00abnosotros\u00bb, \u00abnos\u00bb y \u00abnuestro\u00bb se refieren a Gator Lamination. Gator Lamination ofrece este sitio web, incluyendo toda la informaci\u00f3n, herramientas y servicios disponibles en \u00e9l para usted, el usuario, sujeto a la aceptaci\u00f3n de todos los t\u00e9rminos, condiciones, pol\u00edticas y avisos aqu\u00ed establecidos.<\/p>\n<p>Al visitar nuestro sitio o comprar algo en nosotros, usted participa en nuestro \u00abServicio\u00bb y acepta los siguientes t\u00e9rminos y condiciones (\u00abT\u00e9rminos de Servicio\u00bb, \u00abT\u00e9rminos\u00bb), incluyendo los t\u00e9rminos y condiciones y pol\u00edticas adicionales a los que se hace referencia en este documento o que est\u00e1n disponibles mediante hiperv\u00ednculo. Estos T\u00e9rminos de Servicio se aplican a todos los usuarios del sitio, incluyendo, entre otros, a los usuarios que son navegadores, proveedores, clientes, comerciantes o contribuyentes de contenido.<\/p>\n<p>Lea atentamente estos T\u00e9rminos de Servicio antes de acceder o utilizar nuestro sitio web. Al acceder o utilizar cualquier parte del sitio, usted acepta estos T\u00e9rminos de Servicio. Si no acepta todos los t\u00e9rminos y condiciones de este acuerdo, no podr\u00e1 acceder al sitio web ni utilizar ninguno de los servicios. Si estos T\u00e9rminos de Servicio se consideran una oferta, su aceptaci\u00f3n se limita expresamente a estos T\u00e9rminos de Servicio.<\/p>\n<p>Cualquier nueva funci\u00f3n o herramienta que se a\u00f1ada a la tienda actual tambi\u00e9n estar\u00e1 sujeta a los T\u00e9rminos de Servicio. Puede consultar la versi\u00f3n m\u00e1s reciente de los T\u00e9rminos de Servicio en cualquier momento en esta p\u00e1gina. Nos reservamos el derecho de actualizar, modificar o sustituir cualquier parte de estos T\u00e9rminos de Servicio mediante la publicaci\u00f3n de actualizaciones o cambios en nuestro sitio web. Es su responsabilidad consultar esta p\u00e1gina peri\u00f3dicamente para comprobar si hay cambios. Su uso o acceso continuo al sitio web tras la publicaci\u00f3n de cualquier cambio constituye la aceptaci\u00f3n de dichos cambios.<\/p>\n<p>Nuestra tienda est\u00e1 alojada en Shopify Inc. Nos proporciona una plataforma de comercio electr\u00f3nico en l\u00ednea que nos permite venderle nuestros productos y servicios.<\/p>\n<h2>Secci\u00f3n 1 \u2013 T\u00e9rminos de la Tienda Online<\/h2>\n<p>Al aceptar estos T\u00e9rminos de Servicio, declaras ser mayor de edad en tu estado o provincia de residencia, o que eres mayor de edad en tu estado o provincia de residencia, y que nos has dado tu consentimiento para permitir que cualquiera de tus dependientes menores de edad use este sitio.<\/p>\n<p>No puedes usar nuestros productos con fines ilegales o no autorizados, ni puedes, al usar el Servicio, infringir ninguna ley de tu jurisdicci\u00f3n (incluyendo, entre otros, las leyes de derechos de autor).<br \/>\nNo debes transmitir gusanos, virus ni ning\u00fan c\u00f3digo de naturaleza destructiva.<\/p>\n<p>El incumplimiento o violaci\u00f3n de cualquiera de los T\u00e9rminos resultar\u00e1 en la cancelaci\u00f3n inmediata de tus Servicios.<\/p>\n<h2>Secci\u00f3n 2 \u2013 Condiciones Generales<\/h2>\n<p>Nos reservamos el derecho a rechazar la prestaci\u00f3n del servicio a cualquier persona, por cualquier motivo y en cualquier momento.<\/p>\n<p>Entiendes que tu contenido (sin incluir la informaci\u00f3n de tu tarjeta de cr\u00e9dito) puede transferirse sin cifrar e implicar (a) transmisiones a trav\u00e9s de varias redes; y (b) cambios para cumplir y adaptarse a los requisitos t\u00e9cnicos de conexi\u00f3n de redes o dispositivos. La informaci\u00f3n de la tarjeta de cr\u00e9dito siempre se cifra durante la transferencia a trav\u00e9s de las redes.<\/p>\n<p>Usted se compromete a no reproducir, duplicar, copiar, vender, revender ni explotar ninguna parte del Servicio, su uso, el acceso al Servicio ni ning\u00fan contacto en el sitio web a trav\u00e9s del cual se presta el servicio, sin nuestra autorizaci\u00f3n expresa por escrito.<\/p>\n<p>Los encabezados utilizados en este acuerdo se incluyen \u00fanicamente para su comodidad y no limitan ni afectan de ning\u00fan modo estos T\u00e9rminos.<\/p>\n<h2>Secci\u00f3n 3 \u2013 Exactitud, integridad y actualidad de la informaci\u00f3n<\/h2>\n<p>No nos responsabilizamos si la informaci\u00f3n disponible en este sitio no es precisa, completa o actual. El material de este sitio se proporciona \u00fanicamente con fines informativos generales y no debe utilizarse como \u00fanica base para tomar decisiones sin consultar fuentes de informaci\u00f3n primarias, m\u00e1s precisas, completas o actualizadas. Cualquier uso del material de este sitio es bajo su propio riesgo.<\/p>\n<p>Este sitio puede contener informaci\u00f3n hist\u00f3rica. Esta informaci\u00f3n hist\u00f3rica no es necesariamente actual y se proporciona \u00fanicamente como referencia. Nos reservamos el derecho de modificar el contenido de este sitio en cualquier momento, pero no tenemos la obligaci\u00f3n de actualizar la informaci\u00f3n del mismo. Usted acepta que es su responsabilidad supervisar los cambios en nuestro sitio.<\/p>\n<h2>Secci\u00f3n 4 \u2013 Modificaciones del servicio y precios<\/h2>\n<p>Los precios de nuestros productos est\u00e1n sujetos a cambios sin previo aviso.<\/p>\n<p>Nos reservamos el derecho de modificar o interrumpir el servicio (o cualquier parte o contenido del mismo) en cualquier momento sin previo aviso.<\/p>\n<p>No seremos responsables ante usted ni ante terceros por ninguna modificaci\u00f3n, cambio de precio, suspensi\u00f3n o interrupci\u00f3n del Servicio.<\/p>\n<h2>Secci\u00f3n 5 \u2013 Productos o Servicios (Si corresponde)<\/h2>\n<p>Algunos productos o servicios pueden estar disponibles exclusivamente en l\u00ednea a trav\u00e9s del sitio web. Estos productos o servicios pueden tener cantidades limitadas y estar sujetos a devoluci\u00f3n o cambio \u00fanicamente de acuerdo con nuestra Pol\u00edtica de Devoluciones.<\/p>\n<p>Nos hemos esforzado al m\u00e1ximo para mostrar con la mayor precisi\u00f3n posible los colores e im\u00e1genes de nuestros productos que aparecen en la tienda. No podemos garantizar que la visualizaci\u00f3n de los colores en el monitor de su computadora sea precisa.<\/p>\n<p>Nos reservamos el derecho, pero no estamos obligados, a limitar las ventas de nuestros productos o Servicios a cualquier persona, regi\u00f3n geogr\u00e1fica o jurisdicci\u00f3n. Podemos ejercer este derecho caso por caso. Nos reservamos el derecho a limitar las cantidades de cualquier producto o servicio que ofrecemos. Todas las descripciones o precios de los productos est\u00e1n sujetos a cambios en cualquier momento sin previo aviso, a nuestra entera discreci\u00f3n. Nos reservamos el derecho a discontinuar cualquier producto en cualquier momento. Cualquier oferta de producto o servicio realizada en este sitio ser\u00e1 nula donde est\u00e9 prohibida.<\/p>\n<p>No garantizamos que la calidad de los productos, servicios, informaci\u00f3n u otro material que usted compre u obtenga cumpla con sus expectativas, ni que se corrija cualquier error en el Servicio.<\/p>\n<h2>Secci\u00f3n 6 \u2013 Exactitud de la Informaci\u00f3n de Facturaci\u00f3n y Cuenta<\/h2>\n<p>Nos reservamos el derecho a rechazar cualquier pedido que nos realice. Podemos, a nuestra entera discreci\u00f3n, limitar o cancelar las cantidades compradas por persona, por hogar o por pedido. Estas restricciones pueden incluir pedidos realizados por o con la misma cuenta de cliente, la misma tarjeta de cr\u00e9dito o pedidos que utilicen la misma direcci\u00f3n de facturaci\u00f3n o env\u00edo. En caso de que modifiquemos o cancelemos un pedido, podemos intentar notificarle contactando con usted a trav\u00e9s del correo electr\u00f3nico, la direcci\u00f3n de facturaci\u00f3n o el n\u00famero de tel\u00e9fono que proporcion\u00f3 al realizar el pedido. Nos reservamos el derecho a limitar o prohibir los pedidos que, a nuestro exclusivo criterio, parezcan ser realizados por distribuidores, revendedores o comerciantes.<\/p>\n<p>Acepta proporcionar informaci\u00f3n de compra y de cuenta actual, completa y precisa para todas las compras realizadas en nuestra tienda. Acepta actualizar de inmediato su cuenta y dem\u00e1s informaci\u00f3n, incluyendo su direcci\u00f3n de correo electr\u00f3nico, n\u00fameros de tarjeta de cr\u00e9dito y fechas de vencimiento, para que podamos completar sus transacciones y contactarle cuando sea necesario.<\/p>\n<p>Para m\u00e1s detalles, consulte nuestra Pol\u00edtica de Devoluciones.<\/p>\n<h2>Secci\u00f3n 7 \u2013 Herramientas Opcionales<\/h2>\n<p>Podemos proporcionarle acceso a herramientas de terceros que no supervisamos ni sobre las que no tenemos control ni participaci\u00f3n. Usted reconoce y acepta que proporcionamos acceso a dichas herramientas \u00abtal cual\u00bb y \u00abseg\u00fan disponibilidad\u00bb, sin garant\u00edas, representaciones ni condiciones de ning\u00fan tipo y sin ning\u00fan tipo de respaldo. No asumiremos ninguna responsabilidad derivada o relacionada con el uso que usted haga de las herramientas opcionales de terceros.<\/p>\n<p>El uso que usted haga de las herramientas opcionales que se ofrecen a trav\u00e9s del sitio web se realiza bajo su propio riesgo y discreci\u00f3n, y debe asegurarse de conocer y aprobar los t\u00e9rminos bajo los cuales las herramientas son proporcionadas por el\/los proveedor(es) externo(s) correspondiente(s).<\/p>\n<p>Tambi\u00e9n podr\u00edamos, en el futuro, ofrecer nuevos servicios o funciones a trav\u00e9s del sitio web (incluyendo el lanzamiento de nuevas herramientas y recursos). Dichas nuevas funciones o servicios tambi\u00e9n estar\u00e1n sujetos a estos T\u00e9rminos de Servicio.<\/p>\n<h2>Secci\u00f3n 8 \u2013 Enlaces de Terceros<\/h2>\n<p>Ciertos contenidos, productos y servicios disponibles a trav\u00e9s de nuestro Servicio pueden incluir materiales de terceros.<\/p>\n<p>Los enlaces de terceros en este sitio pueden dirigirle a sitios web de terceros que no est\u00e1n afiliados a nosotros. No nos responsabilizamos de examinar ni evaluar el contenido ni su exactitud, y no garantizamos ni asumimos ninguna responsabilidad por los materiales o sitios web de terceros, ni por ning\u00fan otro material, producto o servicio de terceros.<\/p>\n<p>No nos responsabilizamos de ning\u00fan da\u00f1o o perjuicio relacionado con la compra o el uso de bienes, servicios, recursos, contenido o cualquier otra transacci\u00f3n realizada en relaci\u00f3n con sitios web de terceros. Revise detenidamente las pol\u00edticas y pr\u00e1cticas del tercero y aseg\u00farese de comprenderlas antes de realizar cualquier transacci\u00f3n. Las quejas, reclamaciones, inquietudes o preguntas sobre productos de terceros deben dirigirse directamente a dicho tercero.<\/p>\n<h2>Secci\u00f3n 9 \u2013 Comentarios, opiniones y otras aportaciones de los usuarios<\/h2>\n<p>Si, a petici\u00f3n nuestra, env\u00eda aportaciones espec\u00edficas (por ejemplo, participaciones en concursos) o, sin que se lo pidamos, env\u00eda ideas creativas, sugerencias, propuestas, planes u otros materiales, ya sea en l\u00ednea, por correo electr\u00f3nico, por correo postal o de otro modo (en adelante, \u00abcomentarios\u00bb), acepta que podamos, en cualquier momento y sin restricciones, editar, copiar, publicar, distribuir, traducir o utilizar de cualquier otro modo en cualquier medio los comentarios que nos env\u00ede. No tenemos ni tendremos ninguna obligaci\u00f3n<\/p>\n<p>(1) de mantener la confidencialidad de los comentarios; (2) de pagar una compensaci\u00f3n por los comentarios; ni (3) de responder a los comentarios.<\/p>\n<p>Podemos, pero no tenemos la obligaci\u00f3n de, supervisar, editar o eliminar contenido que, a nuestra entera discreci\u00f3n, consideremos ilegal, ofensivo, amenazante, calumnioso, difamatorio, pornogr\u00e1fico, obsceno o de cualquier otra forma objetable, o que infrinja la propiedad intelectual de terceros o estas Condiciones del Servicio.<\/p>\n<p>Aceptas que tus comentarios no violar\u00e1n ning\u00fan derecho de terceros, incluyendo derechos de autor, marca registrada, privacidad, personalidad u otros derechos personales o de propiedad. Asimismo, aceptas que tus comentarios no contendr\u00e1n material difamatorio, ilegal, abusivo u obsceno, ni virus inform\u00e1ticos ni ning\u00fan otro malware que pueda afectar de alguna manera el funcionamiento del Servicio o de cualquier sitio web relacionado. No puedes usar una direcci\u00f3n de correo electr\u00f3nico falsa, fingir ser otra persona ni enga\u00f1arnos a nosotros ni a terceros sobre el origen de tus comentarios. Eres el \u00fanico responsable de los comentarios que realices y de su exactitud. No nos hacemos responsables de los comentarios publicados por ti ni por terceros.<\/p>\n<h2>Secci\u00f3n 10 \u2013 Informaci\u00f3n Personal<\/h2>\n<p>El env\u00edo de informaci\u00f3n personal a trav\u00e9s de la tienda se rige por nuestra Pol\u00edtica de Privacidad. Para consultar nuestra Pol\u00edtica de Privacidad, visite:<\/p>\n<h2>Secci\u00f3n 11 \u2013 Errores, Inexactitudes y Omisiones<\/h2>\n<p>En ocasiones, puede haber informaci\u00f3n en nuestro sitio web o en el Servicio que contenga errores tipogr\u00e1ficos, inexactitudes u omisiones relacionadas con las descripciones de los productos, precios, promociones, ofertas, gastos de env\u00edo, tiempos de tr\u00e1nsito y disponibilidad. Nos reservamos el derecho de corregir cualquier error, inexactitud u omisi\u00f3n, as\u00ed como de cambiar o actualizar la informaci\u00f3n o cancelar pedidos si alguna informaci\u00f3n del Servicio o de cualquier sitio web relacionado es inexacta en cualquier momento y sin previo aviso.<\/p>\n<p>No asumimos ninguna obligaci\u00f3n de actualizar, modificar o aclarar la informaci\u00f3n del Servicio o de cualquier sitio web relacionado, incluyendo, entre otros, la informaci\u00f3n de precios, salvo que lo exija la ley. Ninguna fecha de actualizaci\u00f3n o actualizaci\u00f3n especificada en el Servicio o en cualquier sitio web relacionado debe interpretarse como una modificaci\u00f3n o actualizaci\u00f3n de toda la informaci\u00f3n del Servicio o de cualquier sitio web relacionado.<\/p>\n<h2>Secci\u00f3n 12 \u2013 Usos Prohibidos<\/h2>\n<p>Adem\u00e1s de otras prohibiciones establecidas en los T\u00e9rminos de Servicio, se le proh\u00edbe usar el sitio o su contenido:<\/p>\n<ol>\n<li>(a) con fines il\u00edcitos;<\/li>\n<li>(b) para incitar a otros a realizar o participar en actos il\u00edcitos;<\/li>\n<li>(c) para violar cualquier normativa, norma, ley o ordenanza local internacional, federal, provincial o estatal;<\/li>\n<li>(d) para infringir o violar nuestros derechos de propiedad intelectual o los derechos de propiedad intelectual de terceros;<\/li>\n<li>(e) para acosar, abusar, insultar, da\u00f1ar, difamar, calumniar, menospreciar, intimidar o discriminar por motivos de g\u00e9nero, orientaci\u00f3n sexual, religi\u00f3n, etnia, raza, edad, nacionalidad o discapacidad;<\/li>\n<li>(f) para enviar informaci\u00f3n falsa o enga\u00f1osa;<\/li>\n<li>(g) para cargar o transmitir virus o cualquier otro tipo de c\u00f3digo malicioso que se utilice o pueda utilizarse de cualquier forma que afecte la funcionalidad o el funcionamiento del Servicio o de cualquier sitio web relacionado, otros sitios web o Internet;<\/li>\n<li>(h) recopilar o rastrear informaci\u00f3n personal de terceros;<\/li>\n<li>(i) enviar spam, phishing, pharm, pretexto, ara\u00f1ar, rastrear o extraer informaci\u00f3n;<\/li>\n<li>(j) con cualquier prop\u00f3sito obsceno o inmoral;<\/li>\n<li>(k) con cualquier prop\u00f3sito obsceno o inmoral;<\/li>\n<li>(l) interferir o eludir las funciones de seguridad del Servicio o de cualquier sitio web relacionado, otros sitios web o internet. Nos reservamos el derecho de suspender su uso del Servicio o de cualquier sitio web relacionado por infringir cualquiera de los usos prohibidos.<\/li>\n<\/ol>\n<h2>Secci\u00f3n 13 \u2013 Exenci\u00f3n de Garant\u00edas; Limitaci\u00f3n de Responsabilidad<\/h2>\n<p>No garantizamos ni aseguramos que su uso de nuestro servicio sea ininterrumpido, puntual, seguro o libre de errores. No garantizamos que los resultados que se obtengan del uso del servicio sean precisos ni fiables.<\/p>\n<p>Usted acepta que, ocasionalmente, podremos retirar el servicio por tiempo indefinido o cancelarlo en cualquier momento, sin previo aviso.<\/p>\n<p>En ning\u00fan caso Gator Lamination, nuestros directores, funcionarios, empleados, afiliados, agentes, contratistas, pasantes, proveedores, proveedores de servicios o licenciatarios ser\u00e1n responsables de ninguna lesi\u00f3n, p\u00e9rdida, reclamaci\u00f3n o cualquier da\u00f1o directo, indirecto, incidental, punitivo, especial o consecuente de cualquier tipo, incluyendo, sin limitaci\u00f3n, lucro cesante, p\u00e9rdida de ingresos, p\u00e9rdida de ahorros, p\u00e9rdida de datos, costos de reemplazo o cualquier da\u00f1o similar, ya sea por contrato, agravio (incluyendo negligencia), responsabilidad estricta o de otro tipo, que surja de su uso de cualquiera de los servicios o productos adquiridos utilizando el servicio, o de cualquier otra reclamaci\u00f3n relacionada de alguna manera con su uso del servicio o cualquier producto, incluyendo, pero no limitado a, cualquier error u omisi\u00f3n en cualquier contenido, o cualquier p\u00e9rdida o da\u00f1o de cualquier tipo incurrido como resultado del uso del servicio o de cualquier contenido (o producto) publicado, transmitido o puesto a disposici\u00f3n a trav\u00e9s del servicio, incluso si se informa de su posibilidad. Dado que algunos estados o jurisdicciones no permiten la exclusi\u00f3n o limitaci\u00f3n de responsabilidad por da\u00f1os consecuentes o incidentales, en dichos estados o jurisdicciones, nuestra responsabilidad se limitar\u00e1 al m\u00e1ximo permitido por la ley.<\/p>\n<h2>Secci\u00f3n 14 \u2013 Indemnizaci\u00f3n<\/h2>\n<p>Usted acepta indemnizar, defender y eximir de responsabilidad a Gator Lamination y a nuestra empresa matriz, subsidiarias, afiliadas, socios, funcionarios, directores, agentes, contratistas, licenciatarios, proveedores de servicios, subcontratistas, proveedores, becarios y empleados, ante cualquier reclamaci\u00f3n o demanda, incluidos los honorarios razonables de abogados, presentada por un tercero debido a, o como consecuencia de, su incumplimiento de estos T\u00e9rminos de Servicio o de los documentos que incorporan por referencia, o la violaci\u00f3n de cualquier ley o de los derechos de un tercero.<\/p>\n<h2>Secci\u00f3n 15 \u2013 Divisibilidad<\/h2>\n<p>En caso de que alguna disposici\u00f3n de estos T\u00e9rminos de Servicio se considere ilegal, nula o inaplicable, dicha disposici\u00f3n ser\u00e1, no obstante, aplicable en la m\u00e1xima medida permitida por la legislaci\u00f3n aplicable, y la parte inaplicable se considerar\u00e1 separada de estos T\u00e9rminos de Servicio. Esta decisi\u00f3n no afectar\u00e1 la validez ni la aplicabilidad de las dem\u00e1s disposiciones restantes.<\/p>\n<h2>Secci\u00f3n 16 \u2013 Terminaci\u00f3n<\/h2>\n<p>Las obligaciones y responsabilidades de las partes incurridas antes de la fecha de terminaci\u00f3n sobrevivir\u00e1n a la terminaci\u00f3n de este acuerdo a todos los efectos.<\/p>\n<p>Estos T\u00e9rminos de Servicio permanecer\u00e1n vigentes a menos que usted o nosotros los rescindamos. Puede rescindir estos T\u00e9rminos de Servicio en cualquier momento notific\u00e1ndonos que ya no desea utilizar nuestros Servicios o cuando deje de usar nuestro sitio web. Si, a nuestro exclusivo criterio, usted incumple, o sospechamos que ha incumplido, alg\u00fan t\u00e9rmino o disposici\u00f3n de estos T\u00e9rminos de Servicio, tambi\u00e9n podremos rescindir este acuerdo en cualquier momento sin previo aviso, y usted seguir\u00e1 siendo responsable de todos los importes adeudados hasta la fecha de terminaci\u00f3n inclusive. y\/o, en consecuencia, podemos denegarle el acceso a nuestros Servicios (o a cualquier parte de ellos).<\/p>\n<h2>Secci\u00f3n 17 \u2013 Acuerdo completo<\/h2>\n<p>El hecho de que no ejerzamos o hagamos cumplir cualquier derecho o disposici\u00f3n de estos T\u00e9rminos de Servicio no constituir\u00e1 una renuncia a dicho derecho o disposici\u00f3n.<\/p>\n<p>Estos T\u00e9rminos de Servicio y cualquier pol\u00edtica o norma operativa publicada por nosotros en este sitio o en relaci\u00f3n con el Servicio constituyen el acuerdo completo y el entendimiento entre usted y nosotros y rigen su uso del Servicio, reemplazando cualquier acuerdo, comunicaci\u00f3n o propuesta anterior o actual, ya sea oral o escrita, entre usted y nosotros (incluidas, entre otras, las versiones anteriores de los T\u00e9rminos de Servicio).<\/p>\n<p>Cualquier ambig\u00fcedad en la interpretaci\u00f3n de estos T\u00e9rminos de Servicio no se interpretar\u00e1 en contra del grupo redactor.<\/p>\n<h2>Secci\u00f3n 18 \u2013 Ley aplicable<\/h2>\n<p>Estos T\u00e9rminos de Servicio y cualquier acuerdo independiente mediante el cual le proporcionemos Servicios se regir\u00e1n e interpretar\u00e1n de conformidad con las leyes de China.<\/p>\n<h2>Secci\u00f3n 19 \u2013 Cambios a los T\u00e9rminos de Servicio<\/h2>\n<p>Puede consultar la versi\u00f3n m\u00e1s reciente de los T\u00e9rminos de Servicio en cualquier momento en esta p\u00e1gina.<\/p>\n<p>Nos reservamos el derecho, a nuestra entera discreci\u00f3n, de actualizar, modificar o reemplazar cualquier parte de estos T\u00e9rminos de Servicio mediante la publicaci\u00f3n de actualizaciones y cambios en nuestro sitio web. Es su responsabilidad consultar nuestro sitio web peri\u00f3dicamente para estar al tanto de los cambios.<\/p>\n<p>Su uso o acceso continuo a nuestro sitio web o al Servicio tras la publicaci\u00f3n de cualquier cambio en estos T\u00e9rminos de Servicio constituye la aceptaci\u00f3n de dichos cambios.<\/p>\n","protected":false},"excerpt":{"rendered":"<p>Resumen Este sitio web es operado por Gator Lamination. En todo el sitio, los t\u00e9rminos \u00abnosotros\u00bb, \u00abnos\u00bb y \u00abnuestro\u00bb se [&hellip;]<\/p>\n","protected":false},"author":1,"featured_media":0,"parent":0,"menu_order":0,"comment_status":"closed","ping_status":"closed","template":"","meta":{"site-sidebar-layout":"default","site-content-layout":"","ast-site-content-layout":"default","site-content-style":"default","site-sidebar-style":"default","ast-global-header-display":"","ast-banner-title-visibility":"","ast-main-header-display":"","ast-hfb-above-header-display":"","ast-hfb-below-header-display":"","ast-hfb-mobile-header-display":"disabled","site-post-title":"disabled","ast-breadcrumbs-content":"","ast-featured-img":"","footer-sml-layout":"","theme-transparent-header-meta":"default","adv-header-id-meta":"","stick-header-meta":"","header-above-stick-meta":"","header-main-stick-meta":"","header-below-stick-meta":"","astra-migrate-meta-layouts":"set","ast-page-background-enabled":"default","ast-page-background-meta":{"desktop":{"background-color":"var(--ast-global-color-4)","background-image":"","background-repeat":"repeat","background-position":"center center","background-size":"auto","background-attachment":"scroll","background-type":"","background-media":"","overlay-type":"","overlay-color":"","overlay-opacity":"","overlay-gradient":""},"tablet":{"background-color":"","background-image":"","background-repeat":"repeat","background-position":"center center","background-size":"auto","background-attachment":"scroll","background-type":"","background-media":"","overlay-type":"","overlay-color":"","overlay-opacity":"","overlay-gradient":""},"mobile":{"background-color":"","background-image":"","background-repeat":"repeat","background-position":"center center","background-size":"auto","background-attachment":"scroll","background-type":"","background-media":"","overlay-type":"","overlay-color":"","overlay-opacity":"","overlay-gradient":""}},"ast-content-background-meta":{"desktop":{"background-color":"var(--ast-global-color-5)","background-image":"","background-repeat":"repeat","background-position":"center center","background-size":"auto","background-attachment":"scroll","background-type":"","background-media":"","overlay-type":"","overlay-color":"","overlay-opacity":"","overlay-gradient":""},"tablet":{"background-color":"var(--ast-global-color-5)","background-image":"","background-repeat":"repeat","background-position":"center center","background-size":"auto","background-attachment":"scroll","background-type":"","background-media":"","overlay-type":"","overlay-color":"","overlay-opacity":"","overlay-gradient":""},"mobile":{"background-color":"var(--ast-global-color-5)","background-image":"","background-repeat":"repeat","background-position":"center center","background-size":"auto","background-attachment":"scroll","background-type":"","background-media":"","overlay-type":"","overlay-color":"","overlay-opacity":"","overlay-gradient":""}},"footnotes":""},"class_list":["post-8663","page","type-page","status-publish","hentry"],"_links":{"self":[{"href":"https:\/\/www.gatorlamination.com\/es\/wp-json\/wp\/v2\/pages\/8663","targetHints":{"allow":["GET"]}}],"collection":[{"href":"https:\/\/www.gatorlamination.com\/es\/wp-json\/wp\/v2\/pages"}],"about":[{"href":"https:\/\/www.gatorlamination.com\/es\/wp-json\/wp\/v2\/types\/page"}],"author":[{"embeddable":true,"href":"https:\/\/www.gatorlamination.com\/es\/wp-json\/wp\/v2\/users\/1"}],"replies":[{"embeddable":true,"href":"https:\/\/www.gatorlamination.com\/es\/wp-json\/wp\/v2\/comments?post=8663"}],"version-history":[{"count":2,"href":"https:\/\/www.gatorlamination.com\/es\/wp-json\/wp\/v2\/pages\/8663\/revisions"}],"predecessor-version":[{"id":8665,"href":"https:\/\/www.gatorlamination.com\/es\/wp-json\/wp\/v2\/pages\/8663\/revisions\/8665"}],"wp:attachment":[{"href":"https:\/\/www.gatorlamination.com\/es\/wp-json\/wp\/v2\/media?parent=8663"}],"curies":[{"name":"wp","href":"https:\/\/api.w.org\/{rel}","templated":true}]}}