{"id":8660,"date":"2025-01-21T15:23:58","date_gmt":"2025-01-21T07:23:58","guid":{"rendered":"https:\/\/www.gatorlamination.com\/politica-de-privacidad\/"},"modified":"2025-03-19T14:53:53","modified_gmt":"2025-03-19T06:53:53","slug":"politica-de-privacidad","status":"publish","type":"page","link":"https:\/\/www.gatorlamination.com\/es\/politica-de-privacidad\/","title":{"rendered":"pol\u00edtica de privacidad"},"content":{"rendered":"<p>\u00a1Bienvenido a Gator Lamination! Si visita nuestra tienda, acepta autom\u00e1ticamente todos estos t\u00e9rminos y condiciones. Lea atentamente toda la informaci\u00f3n sobre nuestras directrices, t\u00e9rminos y acuerdos.<\/p>\n<p>Es fundamental cuidar la informaci\u00f3n, ya que vivimos en una sociedad de la informaci\u00f3n y no se puede subestimar la forma en que se usar\u00e1 y compartir\u00e1.<\/p>\n<p>La confianza es fundamental para la amistad y agradecemos su decisi\u00f3n de elegir nuestra tienda. Le brindamos acceso completo a diferentes tipos de informaci\u00f3n sobre su cuenta.<\/p>\n<p>Adem\u00e1s, tenga en cuenta que nuestro sitio web contiene numerosas marcas comerciales que pueden pertenecer tanto a nuestra empresa como a terceros.<\/p>\n<p>Se proh\u00edbe el uso de logotipos, \u00edconos y nombres de servicios de cualquier forma que pueda causar confusi\u00f3n entre nuestros clientes y se considerar\u00e1 una violaci\u00f3n de la ley de derechos de autor.<br \/>\nNos reservamos el derecho de modificar estos t\u00e9rminos y condiciones en cualquier momento sin previo aviso.<\/p>\n<p>Al utilizar este sitio web, acepta los t\u00e9rminos de la versi\u00f3n m\u00e1s reciente de esta Pol\u00edtica de Privacidad. Lea nuestros T\u00e9rminos de Uso para comprender las normas generales sobre el uso de este sitio web. Salvo lo dispuesto en otras cl\u00e1usulas de exenci\u00f3n de responsabilidad, pol\u00edticas, Condiciones de uso u otros avisos de este sitio web, esta Pol\u00edtica de Privacidad y las Condiciones de uso constituyen el acuerdo completo entre usted y gatorlamination.com con respecto al uso de este sitio web. Es posible que est\u00e9 sujeto a t\u00e9rminos adicionales que puedan aplicarse al acceder a servicios o materiales espec\u00edficos en ciertas \u00e1reas de este sitio web o al seguir un enlace desde este sitio web.<\/p>\n<h2>Introducci\u00f3n<\/h2>\n<p>La informaci\u00f3n que recibimos y c\u00f3mo la utilizamos depende de lo que haga al visitar nuestro sitio web. Recopilamos y utilizamos su informaci\u00f3n no personal (informaci\u00f3n que no le identifica personalmente) de forma diferente a su informaci\u00f3n personal.<\/p>\n<p>\u00bfQu\u00e9 es la informaci\u00f3n no personal?<\/p>\n<p>La informaci\u00f3n no personal es la informaci\u00f3n que recopilamos a trav\u00e9s de este sitio web y que no nos identifica como persona f\u00edsica. Puede incluir informaci\u00f3n como la siguiente:<\/p>\n<ol>\n<li>(a) el tipo de navegador web que utiliza (por ejemplo, Netscape Navigator o Internet Explorer).<\/li>\n<li>(b) el nombre del dominio desde el que accede a Internet.<\/li>\n<li>(c) la direcci\u00f3n de internet del sitio web desde el que accedi\u00f3 directamente al nuestro.<\/li>\n<li>(d) la fecha y hora de acceso a nuestro sitio web.<\/li>\n<li>(e) las p\u00e1ginas que ha visitado en nuestro sitio web.<\/li>\n<li>(f) los t\u00e9rminos de b\u00fasqueda que utiliza.<\/li>\n<li>(g) los enlaces en los que hace clic.<\/li>\n<li>(h) informaci\u00f3n personal que se ha convertido en no personal o anonimizada (es decir, informaci\u00f3n que ya no refleja ni hace referencia a un usuario individualmente identificable).<\/li>\n<\/ol>\n<p>Si visita nuestro sitio web para leer o descargar informaci\u00f3n, como informaci\u00f3n sobre una condici\u00f3n de salud o sobre uno de nuestros productos, podr\u00edamos recopilar cierta informaci\u00f3n no personal sobre usted de su computadora. Esta informaci\u00f3n se recopila del navegador web de su computadora: si solo lee o descarga informaci\u00f3n en nuestro sitio web, no recopilamos ni conocemos su nombre, direcci\u00f3n de correo electr\u00f3nico, domicilio ni ninguna otra informaci\u00f3n personal sobre usted. Podr\u00edamos colocar un archivo de texto llamado cookie en los archivos del navegador de su computadora cuando nos visita. La cookie podr\u00eda almacenarse en el disco duro de su computadora. La informaci\u00f3n que recopilamos mediante cookies no es personal. Siempre puede rechazar nuestras cookies si su navegador lo permite, pero algunas partes de nuestro sitio web podr\u00edan no funcionar correctamente si lo hace. No permitiremos que terceros, salvo las empresas que contratamos para realizar servicios o funciones en nuestro nombre, instalen cookies en nuestro sitio web.<\/p>\n<h2>\u00bfQu\u00e9 hace gatorlamination.com con la informaci\u00f3n no personal?<\/h2>\n<p>Dado que la informaci\u00f3n no personal no puede identificarle ni vincularse con usted de ninguna manera, no existen restricciones sobre c\u00f3mo podemos usarla o compartirla. Siempre buscamos maneras de brindarle un mejor servicio y mejorar este sitio web. Utilizaremos su informaci\u00f3n no personal para que este sitio web sea m\u00e1s \u00fatil para los visitantes. Tambi\u00e9n la utilizaremos para otros fines comerciales. Por ejemplo, podemos utilizar informaci\u00f3n no personal o informaci\u00f3n no personal agregada para:<\/p>\n<ol>\n<li>(a) crear informes para uso interno para desarrollar programas, productos, servicios o contenido.<\/li>\n<li>(b) personalizar la informaci\u00f3n o los servicios que le interesan.<\/li>\n<li>(c) compartirla o venderla a terceros.<\/li>\n<li>(d) proporcionar estad\u00edsticas de tr\u00e1fico y tasas de respuesta agregadas a terceros.<\/li>\n<\/ol>\n<h2>\u00bfQu\u00e9 es la informaci\u00f3n personal?<\/h2>\n<p>La informaci\u00f3n personal es la informaci\u00f3n que recopilamos a trav\u00e9s de este sitio web y que podemos utilizar para identificarle espec\u00edficamente, como:<\/p>\n<ol>\n<li>(a) nombre<\/li>\n<li>(b) n\u00famero de tel\u00e9fono<\/li>\n<li>(c) direcci\u00f3n de correo electr\u00f3nico<\/li>\n<li>(d) n\u00famero de serie del dispositivo m\u00e9dico<\/li>\n<li>(e) informaci\u00f3n personal de salud<\/li>\n<li>(f) fecha de nacimiento<\/li>\n<\/ol>\n<p>En algunas secciones de este sitio web, puede enviarnos informaci\u00f3n personal, optar por recibir informaci\u00f3n espec\u00edfica o participar en una actividad. Por ejemplo, puede completar un formulario de registro, una encuesta o un formulario de correo electr\u00f3nico, y puede optar por recibir material educativo sobre nuestros productos y terapias.<\/p>\n<p>Tambi\u00e9n puede optar por permitirnos personalizar sus visitas al sitio web, en cuyo caso le solicitaremos cierta informaci\u00f3n personal para que sus visitas a nuestro sitio web le resulten m\u00e1s \u00fatiles. Al combinar esta informaci\u00f3n con la informaci\u00f3n no personal que recopilamos a trav\u00e9s de las cookies (descrita anteriormente), podremos saber que ya ha visitado nuestro sitio web y personalizar su acceso, por ejemplo, inform\u00e1ndole sobre nuevas funciones que puedan ser de su inter\u00e9s.<\/p>\n<p>\u00bfC\u00f3mo gatorlamination.com conserva y utiliza su informaci\u00f3n personal?<\/p>\n<p>Podemos conservar y utilizar la informaci\u00f3n personal que recopilamos a trav\u00e9s de este sitio web para proporcionarle acceso. Adem\u00e1s, podemos conservar y utilizar su informaci\u00f3n personal:<\/p>\n<ol>\n<li>(a) Para responder a sus solicitudes.<\/li>\n<li>(b) Para personalizar su acceso a nuestro sitio web, por ejemplo, inform\u00e1ndole sobre nuevas funciones que puedan ser de su inter\u00e9s.<\/li>\n<li>(c) Para crear registros, incluyendo registros de su informaci\u00f3n personal.<\/li>\n<li>(d) Para contactarle con informaci\u00f3n que pueda ser de su inter\u00e9s, incluyendo informaci\u00f3n sobre ensayos cl\u00ednicos y sobre productos y servicios nuestros y de terceros.<\/li>\n<li>(e) Para fines anal\u00edticos y para investigar, desarrollar y mejorar programas, productos, servicios y contenido.<\/li>\n<li>(f) eliminar sus identificadores personales (su nombre, direcci\u00f3n de correo electr\u00f3nico, n\u00famero de la Seguridad Social, etc.). En este caso, ya no se le identificar\u00e1 como una persona \u00fanica. Una vez que hayamos eliminado<\/li>\n<li>(g) la informaci\u00f3n identificada, esta se considerar\u00e1 informaci\u00f3n no personal y podremos tratarla como tal.<\/li>\n<li>(h) hacer cumplir esta Declaraci\u00f3n de Privacidad y otras normas sobre el uso de este sitio web.<\/li>\n<li>(i) Para proteger nuestros derechos o propiedad.<\/li>\n<li>(j) Para proteger la salud, seguridad o bienestar de alguien.<\/li>\n<li>(k) Para cumplir con una ley o reglamento, una orden judicial u otros procesos legales.<\/li>\n<\/ol>\n<p>No contamos con un m\u00e9todo para revisar la informaci\u00f3n personal o no personal recopilada a trav\u00e9s de este sitio.<\/p>\n<h2>\u00bfComparte gatorlamination.com informaci\u00f3n personal con terceros?<\/h2>\n<p>gatorlamination.com no compartir\u00e1 su informaci\u00f3n personal recopilada en este sitio web con terceros sin su permiso, salvo que se indique lo contrario en esta Declaraci\u00f3n de Privacidad.<\/p>\n<p>En el curso normal de nuestras operaciones, podr\u00edamos compartir informaci\u00f3n personal con empresas que contratamos para que presten servicios o funciones en nuestro nombre. En todos los casos en que compartamos su informaci\u00f3n personal con un tercero, no le autorizaremos a conservar, divulgar ni utilizar su informaci\u00f3n con otros, excepto para prestar los servicios que les solicitamos. No venderemos, intercambiaremos ni publicaremos su informaci\u00f3n personal, excepto en caso de venta, fusi\u00f3n, disoluci\u00f3n o adquisici\u00f3n corporativa.<\/p>\n<p>Podr\u00edamos vernos legalmente obligados a divulgar su informaci\u00f3n personal en respuesta a una orden judicial, citaci\u00f3n, orden de registro, ley o reglamento. Podr\u00edamos cooperar con las autoridades policiales en la investigaci\u00f3n y el procesamiento de los visitantes del sitio web que infrinjan nuestras normas o incurran en comportamientos perjudiciales para otros visitantes (o ilegales).<\/p>\n<h2>\u00bfQu\u00e9 sucede con la privacidad en otros sitios web?<\/h2>\n<p>Este sitio web puede contener enlaces a otros sitios web. Algunos de estos sitios web pueden ser operados por Gator Lamination y otros por terceros. Proporcionamos los enlaces para su comodidad, pero no revisamos, controlamos ni supervisamos las pr\u00e1cticas de privacidad de los sitios web operados por terceros. Esta Declaraci\u00f3n de Privacidad no se aplica a ning\u00fan otro sitio web, ni siquiera a los dem\u00e1s sitios web de gatorlamination.com. No nos responsabilizamos del rendimiento de los sitios web operados por terceros ni de sus relaciones comerciales con ellos. Por lo tanto, cada vez que abandone este sitio web, le recomendamos que revise las pr\u00e1cticas de privacidad de cada sitio web y saque sus propias conclusiones sobre la idoneidad de dichas pr\u00e1cticas. \u00bfSe comunica gatorlamination.com directamente con los visitantes de este sitio web?<\/p>\n<p>Podemos contactarle peri\u00f3dicamente por correo electr\u00f3nico, correo postal o tel\u00e9fono si usted acepta dicho contacto para proporcionarle informaci\u00f3n sobre programas, productos, servicios y contenido que puedan ser de su inter\u00e9s. Adem\u00e1s, algunas funciones de este sitio web le permiten comunicarse con nosotros mediante un formulario en l\u00ednea. Si su comunicaci\u00f3n requiere una respuesta, le enviaremos una por correo electr\u00f3nico. La respuesta o confirmaci\u00f3n por correo electr\u00f3nico puede incluir su informaci\u00f3n personal, incluyendo informaci\u00f3n personal sobre su salud, nombre, direcci\u00f3n, etc. No podemos garantizar que los correos electr\u00f3nicos que le enviamos est\u00e9n protegidos contra interceptaciones no autorizadas.<\/p>\n<h2>\u00bfQu\u00e9 hay de la seguridad del sitio web?<\/h2>\n<p>La seguridad es muy importante para nosotros. Tambi\u00e9n entendemos que la seguridad es importante para usted. Tomamos medidas razonables para proteger su informaci\u00f3n personal contra p\u00e9rdida, uso indebido y acceso, divulgaci\u00f3n, alteraci\u00f3n o destrucci\u00f3n no autorizados. Tenga en cuenta que ninguna transmisi\u00f3n por Internet es 100% segura ni est\u00e1 libre de errores. En particular, el correo electr\u00f3nico enviado hacia o desde este sitio puede no ser seguro y, por lo tanto, debe tener especial cuidado al decidir qu\u00e9 informaci\u00f3n nos env\u00eda por correo electr\u00f3nico.<\/p>\n","protected":false},"excerpt":{"rendered":"<p>\u00a1Bienvenido a Gator Lamination! Si visita nuestra tienda, acepta autom\u00e1ticamente todos estos t\u00e9rminos y condiciones. Lea atentamente toda la informaci\u00f3n [&hellip;]<\/p>\n","protected":false},"author":1,"featured_media":0,"parent":0,"menu_order":0,"comment_status":"closed","ping_status":"closed","template":"","meta":{"site-sidebar-layout":"default","site-content-layout":"","ast-site-content-layout":"default","site-content-style":"default","site-sidebar-style":"default","ast-global-header-display":"","ast-banner-title-visibility":"","ast-main-header-display":"","ast-hfb-above-header-display":"","ast-hfb-below-header-display":"","ast-hfb-mobile-header-display":"disabled","site-post-title":"disabled","ast-breadcrumbs-content":"","ast-featured-img":"","footer-sml-layout":"","theme-transparent-header-meta":"default","adv-header-id-meta":"","stick-header-meta":"","header-above-stick-meta":"","header-main-stick-meta":"","header-below-stick-meta":"","astra-migrate-meta-layouts":"set","ast-page-background-enabled":"default","ast-page-background-meta":{"desktop":{"background-color":"var(--ast-global-color-4)","background-image":"","background-repeat":"repeat","background-position":"center center","background-size":"auto","background-attachment":"scroll","background-type":"","background-media":"","overlay-type":"","overlay-color":"","overlay-opacity":"","overlay-gradient":""},"tablet":{"background-color":"","background-image":"","background-repeat":"repeat","background-position":"center center","background-size":"auto","background-attachment":"scroll","background-type":"","background-media":"","overlay-type":"","overlay-color":"","overlay-opacity":"","overlay-gradient":""},"mobile":{"background-color":"","background-image":"","background-repeat":"repeat","background-position":"center center","background-size":"auto","background-attachment":"scroll","background-type":"","background-media":"","overlay-type":"","overlay-color":"","overlay-opacity":"","overlay-gradient":""}},"ast-content-background-meta":{"desktop":{"background-color":"var(--ast-global-color-5)","background-image":"","background-repeat":"repeat","background-position":"center center","background-size":"auto","background-attachment":"scroll","background-type":"","background-media":"","overlay-type":"","overlay-color":"","overlay-opacity":"","overlay-gradient":""},"tablet":{"background-color":"var(--ast-global-color-5)","background-image":"","background-repeat":"repeat","background-position":"center center","background-size":"auto","background-attachment":"scroll","background-type":"","background-media":"","overlay-type":"","overlay-color":"","overlay-opacity":"","overlay-gradient":""},"mobile":{"background-color":"var(--ast-global-color-5)","background-image":"","background-repeat":"repeat","background-position":"center center","background-size":"auto","background-attachment":"scroll","background-type":"","background-media":"","overlay-type":"","overlay-color":"","overlay-opacity":"","overlay-gradient":""}},"footnotes":""},"class_list":["post-8660","page","type-page","status-publish","hentry"],"_links":{"self":[{"href":"https:\/\/www.gatorlamination.com\/es\/wp-json\/wp\/v2\/pages\/8660","targetHints":{"allow":["GET"]}}],"collection":[{"href":"https:\/\/www.gatorlamination.com\/es\/wp-json\/wp\/v2\/pages"}],"about":[{"href":"https:\/\/www.gatorlamination.com\/es\/wp-json\/wp\/v2\/types\/page"}],"author":[{"embeddable":true,"href":"https:\/\/www.gatorlamination.com\/es\/wp-json\/wp\/v2\/users\/1"}],"replies":[{"embeddable":true,"href":"https:\/\/www.gatorlamination.com\/es\/wp-json\/wp\/v2\/comments?post=8660"}],"version-history":[{"count":2,"href":"https:\/\/www.gatorlamination.com\/es\/wp-json\/wp\/v2\/pages\/8660\/revisions"}],"predecessor-version":[{"id":8662,"href":"https:\/\/www.gatorlamination.com\/es\/wp-json\/wp\/v2\/pages\/8660\/revisions\/8662"}],"wp:attachment":[{"href":"https:\/\/www.gatorlamination.com\/es\/wp-json\/wp\/v2\/media?parent=8660"}],"curies":[{"name":"wp","href":"https:\/\/api.w.org\/{rel}","templated":true}]}}