{"id":14221,"date":"2025-11-13T18:00:19","date_gmt":"2025-11-13T10:00:19","guid":{"rendered":"https:\/\/www.gatorlamination.com\/product\/statorkern-fuer-gleichstrommotor\/"},"modified":"2025-11-27T16:27:39","modified_gmt":"2025-11-27T08:27:39","slug":"statorkern-fuer-gleichstrommotor","status":"publish","type":"product","link":"https:\/\/www.gatorlamination.com\/de\/statorkern-fuer-gleichstrommotor\/","title":{"rendered":"Statorkern f\u00fcr Gleichstrommotor"},"content":{"rendered":"<h2>Technische Spezifikationen<\/h2>\n<table>\n<tbody>\n<tr>\n<td>Parameter<\/td>\n<td>Spezifikation<\/td>\n<\/tr>\n<tr>\n<td>Material<\/td>\n<td>Siliziumstahl \/ Nickellegierung \/ Kobaltlegierung<\/td>\n<\/tr>\n<tr>\n<td>Laminierungsdicke<\/td>\n<td>0.1 \u2013 0.5 mm<\/td>\n<\/tr>\n<tr>\n<td>Au\u00dfendurchmesserbereich<\/td>\n<td>30 \u2013 600 mm<\/td>\n<\/tr>\n<tr>\n<td>Kerntyp<\/td>\n<td>Joch \/ Geschlitzt \/ Vollring<\/td>\n<\/tr>\n<tr>\n<td>Stapelh\u00f6he<\/td>\n<td>Anpassbar<\/td>\n<\/tr>\n<tr>\n<td>Kernverlust<\/td>\n<td>\u2264 2,4 W\/kg bei 50 Hz<\/td>\n<\/tr>\n<tr>\n<td>Betriebstemperatur<\/td>\n<td>\u201340 \u00b0C ~ +180 \u00b0C<\/td>\n<\/tr>\n<tr>\n<td>Herstellungsverfahren<\/td>\n<td>Folgeverbundstanzen \/ Laserschneiden \/ Kleben<\/td>\n<\/tr>\n<tr>\n<td>Anwendungen<\/td>\n<td>EV-Motoren \/ Industrielle Gleichstromantriebe \/ Robotik \/ Aktuatoren<\/td>\n<\/tr>\n<\/tbody>\n<\/table>\n<h2>Anpassungs- und OEM-Service<\/h2>\n<ul>\n<li>Passen Sie Au\u00dfen- und Innendurchmesser an spezifische Gleichstrommotorkonstruktionen an.<\/li>\n<li>Sie haben die Wahl zwischen Joch-, Schlitz- oder Vollringkernkonfigurationen.<\/li>\n<li>W\u00e4hlen Sie die Blechdicke und die Materialg\u00fcte f\u00fcr die gew\u00fcnschte magnetische St\u00e4rke.<\/li>\n<li>Bieten Sie mehrere Isolierbeschichtungen f\u00fcr verschiedene Spannungsklassen an.<\/li>\n<li>Bieten Sie Optionen f\u00fcr geklebte, geschwei\u00dfte oder genietete Stapel an.<\/li>\n<li>OEM-Branding, Laserbeschriftung und Exportverpackung sind verf\u00fcgbar.<\/li>\n<\/ul>\n<h2>Anwendungsgebiete<\/h2>\n<ul>\n<li>Elektrofahrzeuge und Hybrid-Gleichstromantriebsmotoren.<\/li>\n<li>Industrielle Gleichstromantriebe und Elektrowerkzeuge.<\/li>\n<li>Robotik und Aktuatoren f\u00fcr die Bewegungssteuerung.<\/li>\n<li>Steuerungssysteme f\u00fcr erneuerbare Energien.<\/li>\n<li>Batteriebetriebene Maschinen und tragbare Ger\u00e4te.<\/li>\n<\/ul>\n","protected":false},"excerpt":{"rendered":"<ul>\n<li><strong>Hochgeschwindigkeitsstanzen: <\/strong> Einsatz von SCHULER- oder AIDA-Pressen f\u00fcr eine gleichm\u00e4\u00dfige Zahngeometrie und enge Rundlaufgenauigkeit.<\/li>\n<li><strong>Gratkontrolle:<\/strong> \u2264 0,02 mm, um ein reibungsloses Einf\u00fchren der Wicklung und geringe Vibrationen zu gew\u00e4hrleisten.<\/li>\n<li><strong>Laminierungsausrichtung:<\/strong> Lasergest\u00fctztes Stapeln f\u00fcr gleichm\u00e4\u00dfige Feldverteilung und Formstabilit\u00e4t.<\/li>\n<li><strong>Kleben und Vernieten:<\/strong> Verst\u00e4rkte Konstruktion, geeignet f\u00fcr kompakte DC-Geh\u00e4use.<\/li>\n<\/ul>\n","protected":false},"featured_media":13505,"comment_status":"closed","ping_status":"closed","template":"","meta":{"site-sidebar-layout":"default","site-content-layout":"","ast-site-content-layout":"default","site-content-style":"default","site-sidebar-style":"default","ast-global-header-display":"","ast-banner-title-visibility":"","ast-main-header-display":"","ast-hfb-above-header-display":"","ast-hfb-below-header-display":"","ast-hfb-mobile-header-display":"","site-post-title":"","ast-breadcrumbs-content":"","ast-featured-img":"","footer-sml-layout":"","theme-transparent-header-meta":"default","adv-header-id-meta":"","stick-header-meta":"","header-above-stick-meta":"","header-main-stick-meta":"","header-below-stick-meta":"","astra-migrate-meta-layouts":"set","ast-page-background-enabled":"default","ast-page-background-meta":{"desktop":{"background-color":"var(--ast-global-color-4)","background-image":"","background-repeat":"repeat","background-position":"center center","background-size":"auto","background-attachment":"scroll","background-type":"","background-media":"","overlay-type":"","overlay-color":"","overlay-opacity":"","overlay-gradient":""},"tablet":{"background-color":"","background-image":"","background-repeat":"repeat","background-position":"center center","background-size":"auto","background-attachment":"scroll","background-type":"","background-media":"","overlay-type":"","overlay-color":"","overlay-opacity":"","overlay-gradient":""},"mobile":{"background-color":"","background-image":"","background-repeat":"repeat","background-position":"center center","background-size":"auto","background-attachment":"scroll","background-type":"","background-media":"","overlay-type":"","overlay-color":"","overlay-opacity":"","overlay-gradient":""}},"ast-content-background-meta":{"desktop":{"background-color":"var(--ast-global-color-5)","background-image":"","background-repeat":"repeat","background-position":"center center","background-size":"auto","background-attachment":"scroll","background-type":"","background-media":"","overlay-type":"","overlay-color":"","overlay-opacity":"","overlay-gradient":""},"tablet":{"background-color":"var(--ast-global-color-5)","background-image":"","background-repeat":"repeat","background-position":"center center","background-size":"auto","background-attachment":"scroll","background-type":"","background-media":"","overlay-type":"","overlay-color":"","overlay-opacity":"","overlay-gradient":""},"mobile":{"background-color":"var(--ast-global-color-5)","background-image":"","background-repeat":"repeat","background-position":"center center","background-size":"auto","background-attachment":"scroll","background-type":"","background-media":"","overlay-type":"","overlay-color":"","overlay-opacity":"","overlay-gradient":""}}},"product_brand":[],"product_cat":[81],"product_tag":[],"class_list":{"0":"post-14221","1":"product","2":"type-product","3":"status-publish","4":"has-post-thumbnail","6":"product_cat-stapel","7":"desktop-align-left","8":"tablet-align-left","9":"mobile-align-left","11":"first","12":"instock","13":"shipping-taxable","14":"product-type-simple"},"_links":{"self":[{"href":"https:\/\/www.gatorlamination.com\/de\/wp-json\/wp\/v2\/product\/14221","targetHints":{"allow":["GET"]}}],"collection":[{"href":"https:\/\/www.gatorlamination.com\/de\/wp-json\/wp\/v2\/product"}],"about":[{"href":"https:\/\/www.gatorlamination.com\/de\/wp-json\/wp\/v2\/types\/product"}],"replies":[{"embeddable":true,"href":"https:\/\/www.gatorlamination.com\/de\/wp-json\/wp\/v2\/comments?post=14221"}],"wp:featuredmedia":[{"embeddable":true,"href":"https:\/\/www.gatorlamination.com\/de\/wp-json\/wp\/v2\/media\/13505"}],"wp:attachment":[{"href":"https:\/\/www.gatorlamination.com\/de\/wp-json\/wp\/v2\/media?parent=14221"}],"wp:term":[{"taxonomy":"product_brand","embeddable":true,"href":"https:\/\/www.gatorlamination.com\/de\/wp-json\/wp\/v2\/product_brand?post=14221"},{"taxonomy":"product_cat","embeddable":true,"href":"https:\/\/www.gatorlamination.com\/de\/wp-json\/wp\/v2\/product_cat?post=14221"},{"taxonomy":"product_tag","embeddable":true,"href":"https:\/\/www.gatorlamination.com\/de\/wp-json\/wp\/v2\/product_tag?post=14221"}],"curies":[{"name":"wp","href":"https:\/\/api.w.org\/{rel}","templated":true}]}}