{"id":14187,"date":"2025-11-12T16:56:57","date_gmt":"2025-11-12T08:56:57","guid":{"rendered":"https:\/\/www.gatorlamination.com\/product\/bldc-motorkern\/"},"modified":"2025-11-27T11:58:28","modified_gmt":"2025-11-27T03:58:28","slug":"bldc-motorkern","status":"publish","type":"product","link":"https:\/\/www.gatorlamination.com\/de\/bldc-motorkern\/","title":{"rendered":"BLDC-Motorkern"},"content":{"rendered":"<h2>Technische Spezifikationen<\/h2>\n<table>\n<tbody>\n<tr>\n<td>Parameter<\/td>\n<td>Spezifikation<\/td>\n<\/tr>\n<tr>\n<td>Au\u00dfendurchmesserbereich (Stator)<\/td>\n<td>30 mm \u2013 500 mm<\/td>\n<\/tr>\n<tr>\n<td>Au\u00dfendurchmesserbereich (Rotor)<\/td>\n<td>20 mm \u2013 480 mm<\/td>\n<\/tr>\n<tr>\n<td>Stapelh\u00f6henbereich<\/td>\n<td>10 mm \u2013 200 mm<\/td>\n<\/tr>\n<tr>\n<td>Material<\/td>\n<td>Hochwertiger Siliziumstahl (0,1 mm\u20130,5 mm Dicke)<\/td>\n<\/tr>\n<tr>\n<td>Laminierungsverfahren<\/td>\n<td>Pr\u00e4zisionsstanzen \/ Laserschneiden<\/td>\n<\/tr>\n<tr>\n<td>Isolierbeschichtung<\/td>\n<td>Epoxidbeschichtung der Klasse F \/ Klasse H<\/td>\n<\/tr>\n<tr>\n<td>Grat-Niveau<\/td>\n<td>\u2264 0.02 mm<\/td>\n<\/tr>\n<tr>\n<td>Magnetischer Wirkungsgrad<\/td>\n<td>&gt; 97 % Flussausnutzung<\/td>\n<\/tr>\n<tr>\n<td>Montageart<\/td>\n<td>Verriegelter\/geschwei\u00dfter\/genieteter Stapel<\/td>\n<\/tr>\n<tr>\n<td>Anwendungen<\/td>\n<td>BLDC-Motoren f\u00fcr Robotik, Drohnen, Elektrofahrzeuge, HLK-Anlagen und Werkzeuge<\/td>\n<\/tr>\n<\/tbody>\n<\/table>\n<h2>Anpassungs- und OEM-Service<\/h2>\n<ul>\n<li>BLDC-Stator- und Rotorkerne werden nach Kundenzeichnungen gefertigt.<\/li>\n<li>Auswahl des Materials, der Beschichtung und der Laminierungsdicke.<\/li>\n<li>Rotor mit Permanentmagnet-Nutbearbeitung.<\/li>\n<li>Anpassung der Statorwicklungsnuten (Runddraht \/ Flachdraht).<\/li>\n<li>Unterst\u00fctzung f\u00fcr Einzelprototypen und Serienproduktion.<\/li>\n<li>Umfassender Service in den Bereichen Design, Produktion und Pr\u00fcfung.<\/li>\n<\/ul>\n<h2>Anwendungen<\/h2>\n<ul>\n<li><strong>Automobilindustrie:<\/strong> Antriebsstrang f\u00fcr Elektrofahrzeuge, E-Bikes, Gebl\u00e4semotoren f\u00fcr Klimaanlagen.<\/li>\n<li><strong>Industrieautomation:<\/strong> Servoantriebe, CNC-Systeme, F\u00f6rderb\u00e4nder.<\/li>\n<li><strong>Unterhaltungselektronik:<\/strong> L\u00fcfter, Staubsauger.<\/li>\n<li><strong>Robotik &amp; Drohnen:<\/strong> Kompakte Hochleistungsantriebssysteme.<\/li>\n<\/ul>\n","protected":false},"excerpt":{"rendered":"<ul>\n<li><strong>Breites Gr\u00f6\u00dfenspektrum:<\/strong> Stator \u00d8 30\u2013500 mm, Rotor \u00d8 20\u2013480 mm.<\/li>\n<li><strong>Kompakt und leicht:<\/strong> Die optimierte Blechdicke reduziert die Motorgr\u00f6\u00dfe bei gleichbleibendem Drehmoment.<\/li>\n<li><strong>Ger\u00e4uscharmer Betrieb:<\/strong> Pr\u00e4zise Stapelung gew\u00e4hrleistet eine gleichm\u00e4\u00dfige elektromagnetische Rotation.<\/li>\n<li><strong>Oberfl\u00e4chenbeschichtung:<\/strong> Organische oder anorganische Isolierschichten zur Vermeidung von Kurzschlussverlusten.<\/li>\n<li><strong>Kundenspezifisches Design:<\/strong> Ma\u00dfgeschneiderte Abmessungen und Magnetschlitze f\u00fcr diverse BLDC-Konfigurationen.<\/li>\n<\/ul>\n","protected":false},"featured_media":13321,"comment_status":"closed","ping_status":"closed","template":"","meta":{"site-sidebar-layout":"default","site-content-layout":"","ast-site-content-layout":"default","site-content-style":"default","site-sidebar-style":"default","ast-global-header-display":"","ast-banner-title-visibility":"","ast-main-header-display":"","ast-hfb-above-header-display":"","ast-hfb-below-header-display":"","ast-hfb-mobile-header-display":"","site-post-title":"","ast-breadcrumbs-content":"","ast-featured-img":"","footer-sml-layout":"","theme-transparent-header-meta":"default","adv-header-id-meta":"","stick-header-meta":"","header-above-stick-meta":"","header-main-stick-meta":"","header-below-stick-meta":"","astra-migrate-meta-layouts":"set","ast-page-background-enabled":"default","ast-page-background-meta":{"desktop":{"background-color":"var(--ast-global-color-4)","background-image":"","background-repeat":"repeat","background-position":"center center","background-size":"auto","background-attachment":"scroll","background-type":"","background-media":"","overlay-type":"","overlay-color":"","overlay-opacity":"","overlay-gradient":""},"tablet":{"background-color":"","background-image":"","background-repeat":"repeat","background-position":"center center","background-size":"auto","background-attachment":"scroll","background-type":"","background-media":"","overlay-type":"","overlay-color":"","overlay-opacity":"","overlay-gradient":""},"mobile":{"background-color":"","background-image":"","background-repeat":"repeat","background-position":"center center","background-size":"auto","background-attachment":"scroll","background-type":"","background-media":"","overlay-type":"","overlay-color":"","overlay-opacity":"","overlay-gradient":""}},"ast-content-background-meta":{"desktop":{"background-color":"var(--ast-global-color-5)","background-image":"","background-repeat":"repeat","background-position":"center center","background-size":"auto","background-attachment":"scroll","background-type":"","background-media":"","overlay-type":"","overlay-color":"","overlay-opacity":"","overlay-gradient":""},"tablet":{"background-color":"var(--ast-global-color-5)","background-image":"","background-repeat":"repeat","background-position":"center center","background-size":"auto","background-attachment":"scroll","background-type":"","background-media":"","overlay-type":"","overlay-color":"","overlay-opacity":"","overlay-gradient":""},"mobile":{"background-color":"var(--ast-global-color-5)","background-image":"","background-repeat":"repeat","background-position":"center center","background-size":"auto","background-attachment":"scroll","background-type":"","background-media":"","overlay-type":"","overlay-color":"","overlay-opacity":"","overlay-gradient":""}}},"product_brand":[],"product_cat":[81],"product_tag":[],"class_list":{"0":"post-14187","1":"product","2":"type-product","3":"status-publish","4":"has-post-thumbnail","6":"product_cat-stapel","7":"desktop-align-left","8":"tablet-align-left","9":"mobile-align-left","11":"first","12":"instock","13":"shipping-taxable","14":"product-type-simple"},"_links":{"self":[{"href":"https:\/\/www.gatorlamination.com\/de\/wp-json\/wp\/v2\/product\/14187","targetHints":{"allow":["GET"]}}],"collection":[{"href":"https:\/\/www.gatorlamination.com\/de\/wp-json\/wp\/v2\/product"}],"about":[{"href":"https:\/\/www.gatorlamination.com\/de\/wp-json\/wp\/v2\/types\/product"}],"replies":[{"embeddable":true,"href":"https:\/\/www.gatorlamination.com\/de\/wp-json\/wp\/v2\/comments?post=14187"}],"wp:featuredmedia":[{"embeddable":true,"href":"https:\/\/www.gatorlamination.com\/de\/wp-json\/wp\/v2\/media\/13321"}],"wp:attachment":[{"href":"https:\/\/www.gatorlamination.com\/de\/wp-json\/wp\/v2\/media?parent=14187"}],"wp:term":[{"taxonomy":"product_brand","embeddable":true,"href":"https:\/\/www.gatorlamination.com\/de\/wp-json\/wp\/v2\/product_brand?post=14187"},{"taxonomy":"product_cat","embeddable":true,"href":"https:\/\/www.gatorlamination.com\/de\/wp-json\/wp\/v2\/product_cat?post=14187"},{"taxonomy":"product_tag","embeddable":true,"href":"https:\/\/www.gatorlamination.com\/de\/wp-json\/wp\/v2\/product_tag?post=14187"}],"curies":[{"name":"wp","href":"https:\/\/api.w.org\/{rel}","templated":true}]}}