{"id":14181,"date":"2025-11-12T15:46:00","date_gmt":"2025-11-12T07:46:00","guid":{"rendered":"https:\/\/www.gatorlamination.com\/product\/gleichstrommotorkern\/"},"modified":"2025-11-27T10:51:46","modified_gmt":"2025-11-27T02:51:46","slug":"gleichstrommotorkern","status":"publish","type":"product","link":"https:\/\/www.gatorlamination.com\/de\/gleichstrommotorkern\/","title":{"rendered":"Gleichstrommotorkern"},"content":{"rendered":"<h2>Technische Spezifikationen<\/h2>\n<table>\n<tbody>\n<tr>\n<td>Parameter<\/td>\n<td>Spezifikation<\/td>\n<\/tr>\n<tr>\n<td>Material<\/td>\n<td>Siliziumstahl \/ Kobaltlegierung \/ Nickellegierung<\/td>\n<\/tr>\n<tr>\n<td>Laminierungsdicke<\/td>\n<td>0.1\u20130.5 mm<\/td>\n<\/tr>\n<tr>\n<td>Au\u00dfendurchmesser (Stator)<\/td>\n<td>50\u2013500 mm<\/td>\n<\/tr>\n<tr>\n<td>Au\u00dfendurchmesser (Rotor)<\/td>\n<td>40\u2013400 mm<\/td>\n<\/tr>\n<tr>\n<td>Stapelh\u00f6he<\/td>\n<td>Bis zu 300 mm<\/td>\n<\/tr>\n<tr>\n<td>Herstellungsprozess<\/td>\n<td>Hochgeschwindigkeitsstanzen\/Laserschneiden<\/td>\n<\/tr>\n<tr>\n<td>Isolierbeschichtung<\/td>\n<td>Optional (Klasse B\/F\/H)<\/td>\n<\/tr>\n<tr>\n<td>Anwendungen<\/td>\n<td>B\u00fcrsten- und b\u00fcrstenlose Gleichstrommotoren<\/td>\n<\/tr>\n<\/tbody>\n<\/table>\n<h2>Anpassungs- und OEM-Service<\/h2>\n<ul>\n<li>Kundenspezifische Kernabmessungen und Laminierungsdicke (0,1 mm\u20130,5 mm).<\/li>\n<li>Auslegung f\u00fcr Gleichstrommotoren mit B\u00fcrsten oder b\u00fcrstenlosen Motoren.<\/li>\n<li>Mehrere Isolierbeschichtungen: Klasse B, F oder H.<\/li>\n<li>Optionen f\u00fcr Prototypen- und Serienfertigung.<\/li>\n<li>Vollst\u00e4ndige Integration: Stanzen, Stapeln, Wickeln und Rotormontage.<\/li>\n<li>Materialauswahl: Siliziumstahl, Nickellegierung, Kobaltlegierung oder Eisenlegierung.<\/li>\n<\/ul>\n<h2>Anwendungen<\/h2>\n<ul>\n<li>Elektrofahrzeuge und -roller<\/li>\n<li>Robotik und Servosysteme<\/li>\n<li>Industrielle Automatisierung und Aktoren<\/li>\n<li>L\u00fcfter und Pumpen f\u00fcr Heizungs-, L\u00fcftungs- und Klimaanlagen<\/li>\n<li>Elektrowerkzeuge und Haushaltsger\u00e4te<\/li>\n<\/ul>\n","protected":false},"excerpt":{"rendered":"<ul>\n<li><strong>Hohe magnetische Leistungsf\u00e4higkeit:<\/strong> Die optimierte Laminierung minimiert die Kernverluste und erh\u00f6ht die Drehmomentdichte.<\/li>\n<li><strong>Pr\u00e4zisionstechnik:<\/strong> Enge Ma\u00dfhaltigkeit gew\u00e4hrleistet eine gleichm\u00e4\u00dfige Rotorrotation und geringe Vibrationen.<\/li>\n<li><strong>Kundenspezifische Materialoptionen:<\/strong> Siliziumstahlsorten, die auf die Erf\u00fcllung bestimmter Drehzahl- und Spannungsanforderungen ausgelegt sind.<\/li>\n<li><strong>Ger\u00e4uscharm und w\u00e4rmearm:<\/strong> Ausgewogenes Design f\u00fcr einen leisen und stabilen Betrieb des Gleichstrommotors.<\/li>\n<li><strong>Gr\u00f6\u00dfenbereich:<\/strong> Verf\u00fcgbare Au\u00dfendurchmesser: 40\u2013500 mm.<\/li>\n<\/ul>\n","protected":false},"featured_media":13313,"comment_status":"closed","ping_status":"closed","template":"","meta":{"site-sidebar-layout":"default","site-content-layout":"","ast-site-content-layout":"default","site-content-style":"default","site-sidebar-style":"default","ast-global-header-display":"","ast-banner-title-visibility":"","ast-main-header-display":"","ast-hfb-above-header-display":"","ast-hfb-below-header-display":"","ast-hfb-mobile-header-display":"","site-post-title":"","ast-breadcrumbs-content":"","ast-featured-img":"","footer-sml-layout":"","theme-transparent-header-meta":"default","adv-header-id-meta":"","stick-header-meta":"","header-above-stick-meta":"","header-main-stick-meta":"","header-below-stick-meta":"","astra-migrate-meta-layouts":"set","ast-page-background-enabled":"default","ast-page-background-meta":{"desktop":{"background-color":"var(--ast-global-color-4)","background-image":"","background-repeat":"repeat","background-position":"center center","background-size":"auto","background-attachment":"scroll","background-type":"","background-media":"","overlay-type":"","overlay-color":"","overlay-opacity":"","overlay-gradient":""},"tablet":{"background-color":"","background-image":"","background-repeat":"repeat","background-position":"center center","background-size":"auto","background-attachment":"scroll","background-type":"","background-media":"","overlay-type":"","overlay-color":"","overlay-opacity":"","overlay-gradient":""},"mobile":{"background-color":"","background-image":"","background-repeat":"repeat","background-position":"center center","background-size":"auto","background-attachment":"scroll","background-type":"","background-media":"","overlay-type":"","overlay-color":"","overlay-opacity":"","overlay-gradient":""}},"ast-content-background-meta":{"desktop":{"background-color":"var(--ast-global-color-5)","background-image":"","background-repeat":"repeat","background-position":"center center","background-size":"auto","background-attachment":"scroll","background-type":"","background-media":"","overlay-type":"","overlay-color":"","overlay-opacity":"","overlay-gradient":""},"tablet":{"background-color":"var(--ast-global-color-5)","background-image":"","background-repeat":"repeat","background-position":"center center","background-size":"auto","background-attachment":"scroll","background-type":"","background-media":"","overlay-type":"","overlay-color":"","overlay-opacity":"","overlay-gradient":""},"mobile":{"background-color":"var(--ast-global-color-5)","background-image":"","background-repeat":"repeat","background-position":"center center","background-size":"auto","background-attachment":"scroll","background-type":"","background-media":"","overlay-type":"","overlay-color":"","overlay-opacity":"","overlay-gradient":""}}},"product_brand":[],"product_cat":[81],"product_tag":[],"class_list":{"0":"post-14181","1":"product","2":"type-product","3":"status-publish","4":"has-post-thumbnail","6":"product_cat-stapel","7":"desktop-align-left","8":"tablet-align-left","9":"mobile-align-left","11":"first","12":"instock","13":"shipping-taxable","14":"product-type-simple"},"_links":{"self":[{"href":"https:\/\/www.gatorlamination.com\/de\/wp-json\/wp\/v2\/product\/14181","targetHints":{"allow":["GET"]}}],"collection":[{"href":"https:\/\/www.gatorlamination.com\/de\/wp-json\/wp\/v2\/product"}],"about":[{"href":"https:\/\/www.gatorlamination.com\/de\/wp-json\/wp\/v2\/types\/product"}],"replies":[{"embeddable":true,"href":"https:\/\/www.gatorlamination.com\/de\/wp-json\/wp\/v2\/comments?post=14181"}],"wp:featuredmedia":[{"embeddable":true,"href":"https:\/\/www.gatorlamination.com\/de\/wp-json\/wp\/v2\/media\/13313"}],"wp:attachment":[{"href":"https:\/\/www.gatorlamination.com\/de\/wp-json\/wp\/v2\/media?parent=14181"}],"wp:term":[{"taxonomy":"product_brand","embeddable":true,"href":"https:\/\/www.gatorlamination.com\/de\/wp-json\/wp\/v2\/product_brand?post=14181"},{"taxonomy":"product_cat","embeddable":true,"href":"https:\/\/www.gatorlamination.com\/de\/wp-json\/wp\/v2\/product_cat?post=14181"},{"taxonomy":"product_tag","embeddable":true,"href":"https:\/\/www.gatorlamination.com\/de\/wp-json\/wp\/v2\/product_tag?post=14181"}],"curies":[{"name":"wp","href":"https:\/\/api.w.org\/{rel}","templated":true}]}}