{"id":14051,"date":"2025-11-12T09:33:12","date_gmt":"2025-11-12T01:33:12","guid":{"rendered":"https:\/\/www.gatorlamination.com\/product\/linearmotor-laminierung\/"},"modified":"2025-11-26T17:33:11","modified_gmt":"2025-11-26T09:33:11","slug":"linearmotor-laminierung","status":"publish","type":"product","link":"https:\/\/www.gatorlamination.com\/de\/linearmotor-laminierung\/","title":{"rendered":"Linearmotor-Laminierung"},"content":{"rendered":"<h2>Technische Spezifikationen<\/h2>\n<table>\n<tbody>\n<tr>\n<td>Parameter<\/td>\n<td>Spezifikation<\/td>\n<\/tr>\n<tr>\n<td>Material<\/td>\n<td>Silizium-Stahlblech<\/td>\n<\/tr>\n<tr>\n<td>Gr\u00f6\u00dfenbereich<\/td>\n<td>150\u20131500 mm<\/td>\n<\/tr>\n<tr>\n<td>Anwendung<\/td>\n<td>Servo, Reluktanz, Transport, Hydraulik, Aufzug, Neue Energie<\/td>\n<\/tr>\n<tr>\n<td>Typ<\/td>\n<td>Stanzlaminierung<\/td>\n<\/tr>\n<tr>\n<td>Verwendung<\/td>\n<td>Gleichstrom- und Wechselstrommotor<\/td>\n<\/tr>\n<tr>\n<td>Zertifizierung<\/td>\n<td>ISO9001, IATF16949<\/td>\n<\/tr>\n<tr>\n<td>Herstellungsprozess<\/td>\n<td>Hochgeschwindigkeits-Pr\u00e4zisionsstanzen<\/td>\n<\/tr>\n<\/tbody>\n<\/table>\n<h2>Anpassungs- und OEM-Service<\/h2>\n<ul>\n<li><strong>Abmessungen:<\/strong> L\u00e4nge 150 \u2013 1500 mm, Kernbreite und -dicke individuell anpassbar.<\/li>\n<li><strong>Beschichtungsauswahl:<\/strong> Optionale Isolierbeschichtungen f\u00fcr erh\u00f6hte Haltbarkeit.<\/li>\n<li><strong>Materialg\u00fcten:<\/strong> Erh\u00e4ltlich in verschiedenen Siliziumstahlg\u00fcten, um den Anforderungen an die magnetische Leistung gerecht zu werden.<\/li>\n<li><strong>Stanzarten:<\/strong> Unterst\u00fctzung f\u00fcr Verbund-, Hochgeschwindigkeits- und Pr\u00e4zisions-Einzelschlitzstanzen.<\/li>\n<li><strong>Prototypen- und Serienfertigung:<\/strong> Flexible Produktionsmengen f\u00fcr Forschung und Entwicklung oder Massenproduktion.<\/li>\n<li><strong>Technische Unterst\u00fctzung:<\/strong> Unterst\u00fctzung bei der Laminierungsgestaltung, der W\u00e4rmeregulierung und der Montagekompatibilit\u00e4t.<\/li>\n<\/ul>\n<h2>Anwendungsgebiete<\/h2>\n<ul>\n<li><strong>Servomotoren:<\/strong> Hochpr\u00e4zise Bewegungssteuerungssysteme.<\/li>\n<li><strong>Transportsysteme:<\/strong> Lineare Antriebsl\u00f6sungen f\u00fcr Schienen- oder Magnetschwebebahnen.<\/li>\n<li><strong>Aufzugsantriebe:<\/strong> Effiziente Traktion und sanfte Hubbewegung.<\/li>\n<li><strong>Hydrauliksysteme:<\/strong> Pr\u00e4zise Positionierung f\u00fcr die industrielle Automatisierung.<\/li>\n<li><strong>Neue Energieausr\u00fcstung:<\/strong> Energieeffiziente und nachhaltige Linearmotoren.<\/li>\n<\/ul>\n","protected":false},"excerpt":{"rendered":"<ul>\n<li><strong>Einfache Struktur:<\/strong> Das stromlinienf\u00f6rmige Design gew\u00e4hrleistet einfache Montage, Wartung und zuverl\u00e4ssige Leistung.<\/li>\n<li><strong>Hochgeschwindigkeitsbewegung:<\/strong> Optimiert f\u00fcr effiziente, schnelle und gleichm\u00e4\u00dfige lineare Verschiebung.<\/li>\n<li><strong>Hohe Prim\u00e4rwicklungsausnutzung:<\/strong> Maximiert die elektromagnetische Effizienz bei gleichzeitiger Minimierung des Energieverlusts.<\/li>\n<li><strong>Ausgeglichene Magnetkraft:<\/strong> Eliminiert einseitige Magnetspannung und verbessert so Pr\u00e4zision und Stabilit\u00e4t.<\/li>\n<li><strong>Kein seitlicher Randeffekt:<\/strong> Gew\u00e4hrleistet eine gleichm\u00e4\u00dfige Magnetfeldverteilung und eine konsistente lineare Bewegung.<\/li>\n<li><strong>Einfache Einstellung und Steuerung: <\/strong> Vereinfacht Installation, Kalibrierung und Betriebseinstellung f\u00fcr verschiedene Anwendungen.<\/li>\n<\/ul>\n","protected":false},"featured_media":13384,"comment_status":"closed","ping_status":"closed","template":"","meta":{"site-sidebar-layout":"default","site-content-layout":"","ast-site-content-layout":"default","site-content-style":"default","site-sidebar-style":"default","ast-global-header-display":"","ast-banner-title-visibility":"","ast-main-header-display":"","ast-hfb-above-header-display":"","ast-hfb-below-header-display":"","ast-hfb-mobile-header-display":"","site-post-title":"","ast-breadcrumbs-content":"","ast-featured-img":"","footer-sml-layout":"","theme-transparent-header-meta":"default","adv-header-id-meta":"","stick-header-meta":"","header-above-stick-meta":"","header-main-stick-meta":"","header-below-stick-meta":"","astra-migrate-meta-layouts":"set","ast-page-background-enabled":"default","ast-page-background-meta":{"desktop":{"background-color":"var(--ast-global-color-4)","background-image":"","background-repeat":"repeat","background-position":"center center","background-size":"auto","background-attachment":"scroll","background-type":"","background-media":"","overlay-type":"","overlay-color":"","overlay-opacity":"","overlay-gradient":""},"tablet":{"background-color":"","background-image":"","background-repeat":"repeat","background-position":"center center","background-size":"auto","background-attachment":"scroll","background-type":"","background-media":"","overlay-type":"","overlay-color":"","overlay-opacity":"","overlay-gradient":""},"mobile":{"background-color":"","background-image":"","background-repeat":"repeat","background-position":"center center","background-size":"auto","background-attachment":"scroll","background-type":"","background-media":"","overlay-type":"","overlay-color":"","overlay-opacity":"","overlay-gradient":""}},"ast-content-background-meta":{"desktop":{"background-color":"var(--ast-global-color-5)","background-image":"","background-repeat":"repeat","background-position":"center center","background-size":"auto","background-attachment":"scroll","background-type":"","background-media":"","overlay-type":"","overlay-color":"","overlay-opacity":"","overlay-gradient":""},"tablet":{"background-color":"var(--ast-global-color-5)","background-image":"","background-repeat":"repeat","background-position":"center center","background-size":"auto","background-attachment":"scroll","background-type":"","background-media":"","overlay-type":"","overlay-color":"","overlay-opacity":"","overlay-gradient":""},"mobile":{"background-color":"var(--ast-global-color-5)","background-image":"","background-repeat":"repeat","background-position":"center center","background-size":"auto","background-attachment":"scroll","background-type":"","background-media":"","overlay-type":"","overlay-color":"","overlay-opacity":"","overlay-gradient":""}}},"product_brand":[],"product_cat":[74],"product_tag":[],"class_list":{"0":"post-14051","1":"product","2":"type-product","3":"status-publish","4":"has-post-thumbnail","6":"product_cat-laminierung","7":"desktop-align-left","8":"tablet-align-left","9":"mobile-align-left","11":"first","12":"instock","13":"shipping-taxable","14":"product-type-simple"},"_links":{"self":[{"href":"https:\/\/www.gatorlamination.com\/de\/wp-json\/wp\/v2\/product\/14051","targetHints":{"allow":["GET"]}}],"collection":[{"href":"https:\/\/www.gatorlamination.com\/de\/wp-json\/wp\/v2\/product"}],"about":[{"href":"https:\/\/www.gatorlamination.com\/de\/wp-json\/wp\/v2\/types\/product"}],"replies":[{"embeddable":true,"href":"https:\/\/www.gatorlamination.com\/de\/wp-json\/wp\/v2\/comments?post=14051"}],"wp:featuredmedia":[{"embeddable":true,"href":"https:\/\/www.gatorlamination.com\/de\/wp-json\/wp\/v2\/media\/13384"}],"wp:attachment":[{"href":"https:\/\/www.gatorlamination.com\/de\/wp-json\/wp\/v2\/media?parent=14051"}],"wp:term":[{"taxonomy":"product_brand","embeddable":true,"href":"https:\/\/www.gatorlamination.com\/de\/wp-json\/wp\/v2\/product_brand?post=14051"},{"taxonomy":"product_cat","embeddable":true,"href":"https:\/\/www.gatorlamination.com\/de\/wp-json\/wp\/v2\/product_cat?post=14051"},{"taxonomy":"product_tag","embeddable":true,"href":"https:\/\/www.gatorlamination.com\/de\/wp-json\/wp\/v2\/product_tag?post=14051"}],"curies":[{"name":"wp","href":"https:\/\/api.w.org\/{rel}","templated":true}]}}