{"id":14045,"date":"2025-11-11T13:43:02","date_gmt":"2025-11-11T05:43:02","guid":{"rendered":"https:\/\/www.gatorlamination.com\/product\/segmentierte-statorbleche-fuer-windenergie\/"},"modified":"2025-11-26T17:36:09","modified_gmt":"2025-11-26T09:36:09","slug":"segmentierte-statorbleche-fuer-windenergie","status":"publish","type":"product","link":"https:\/\/www.gatorlamination.com\/de\/segmentierte-statorbleche-fuer-windenergie\/","title":{"rendered":"Segmentierte Statorbleche f\u00fcr Windenergie"},"content":{"rendered":"<h2>Technische Spezifikationen<\/h2>\n<table>\n<tbody>\n<tr>\n<td>Parameter<\/td>\n<td>Spezifikation<\/td>\n<\/tr>\n<tr>\n<td>Herkunftsort<\/td>\n<td>Jiangsu, China<\/td>\n<\/tr>\n<tr>\n<td>Markenname<\/td>\n<td>OEM &amp; ODM<\/td>\n<\/tr>\n<tr>\n<td>Material<\/td>\n<td>Silizium-Stahlblech<\/td>\n<\/tr>\n<tr>\n<td>Gr\u00f6\u00dfenbereich (Stator)<\/td>\n<td>180\u20138000 mm<\/td>\n<\/tr>\n<tr>\n<td>Gratsh\u00f6he<\/td>\n<td>\u2264 0,02\u20130,05 mm (gradabh\u00e4ngig)<\/td>\n<\/tr>\n<tr>\n<td>Segmentwinkelabweichung<\/td>\n<td>\u2264 \u00b10,05\u00b0 (werkzeugabh\u00e4ngig)<\/td>\n<\/tr>\n<tr>\n<td>Schlitzneigungsfehler<\/td>\n<td>\u2264 \u00b10.03\u20130.05 mm<\/td>\n<\/tr>\n<tr>\n<td>Rundheit (zusammengebaut)<\/td>\n<td>Projektspezifisch pro Durchmesser<\/td>\n<\/tr>\n<tr>\n<td>Zertifizierung<\/td>\n<td>ISO9001, IATF16949<\/td>\n<\/tr>\n<tr>\n<td>Anwendung<\/td>\n<td>Windenergie (an Land\/auf See, bei schwachem Wind, in gro\u00dfer H\u00f6he)<\/td>\n<\/tr>\n<\/tbody>\n<\/table>\n<h2>Anpassungs- und OEM-Service<\/h2>\n<ul>\n<li><strong>Anpassung der Statorgr\u00f6\u00dfe:<\/strong> Bereich von 180\u20138000 mm, anpassbar an verschiedene Windkraftanlagenkonstruktionen.<\/li>\n<li><strong>Materialoptionen:<\/strong> Mehrere Siliziumstahlsorten stehen zur Effizienzoptimierung zur Verf\u00fcgung.<\/li>\n<li><strong>Segmentdesign:<\/strong> Ma\u00dfgeschneiderte Segmentgeometrie f\u00fcr Montagegenauigkeit und Leistungsstabilit\u00e4t.<\/li>\n<li><strong>Stanzprozess:<\/strong> Unterst\u00fctzung f\u00fcr Verbund-, Hochgeschwindigkeits- und Segmentstanztechnologien.<\/li>\n<li><strong>Prototypenentwicklung &amp; Serienproduktion:<\/strong> Schneller Entwicklungszyklus vom Muster bis zur Gro\u00dfserienfertigung.<\/li>\n<li><strong>Zusammenarbeit im Ingenieurwesen:<\/strong> Unterst\u00fctzung bei der Generatorkonstruktion, magnetischen Optimierung und Struktur-Simulation.<\/li>\n<\/ul>\n<h2>Anwendungsgebiete<\/h2>\n<ul>\n<li>Einfache Windkraftgeneratoren<\/li>\n<li>Windkraftanlagen in gro\u00dfer H\u00f6he und bei niedrigen Windgeschwindigkeiten<\/li>\n<li>Offshore-Windkraftanlagen<\/li>\n<li>Doppelt gespeiste Asynchrongeneratoren<\/li>\n<li>Mittelschnelllaufende und direkt angetriebene Generatoren<\/li>\n<\/ul>\n","protected":false},"excerpt":{"rendered":"<ul>\n<li><strong>Hohe Effizienz:<\/strong> Verlustarmer Siliziumstahl gew\u00e4hrleistet optimale Energieumwandlung und Generatorleistung.<\/li>\n<li><strong>Hervorragende Zuverl\u00e4ssigkeit:<\/strong> Die robuste Laminierungsstruktur h\u00e4lt hohen Drehmoment- und Vibrationsbelastungen stand.<\/li>\n<li><strong>Vielseitige Kompatibilit\u00e4t:<\/strong> Unterst\u00fctzt DFIG-, Mittelgeschwindigkeits- und Direktantriebsgeneratoren.<\/li>\n<li><strong>Anpassungsf\u00e4higkeit an verschiedene Umweltbedingungen:<\/strong> Funktioniert zuverl\u00e4ssig in flachen, windarmen, hochgelegenen und Offshore-Umgebungen.<\/li>\n<li><strong>Gr\u00f6\u00dfenbereich:<\/strong> Die Statorsegmentdurchmesser sind von 180 mm bis 8000 mm erh\u00e4ltlich und k\u00f6nnen an verschiedene Generatorplattformen angepasst werden.<\/li>\n<\/ul>\n","protected":false},"featured_media":13276,"comment_status":"closed","ping_status":"closed","template":"","meta":{"site-sidebar-layout":"default","site-content-layout":"","ast-site-content-layout":"default","site-content-style":"default","site-sidebar-style":"default","ast-global-header-display":"","ast-banner-title-visibility":"","ast-main-header-display":"","ast-hfb-above-header-display":"","ast-hfb-below-header-display":"","ast-hfb-mobile-header-display":"","site-post-title":"","ast-breadcrumbs-content":"","ast-featured-img":"","footer-sml-layout":"","theme-transparent-header-meta":"default","adv-header-id-meta":"","stick-header-meta":"","header-above-stick-meta":"","header-main-stick-meta":"","header-below-stick-meta":"","astra-migrate-meta-layouts":"set","ast-page-background-enabled":"default","ast-page-background-meta":{"desktop":{"background-color":"var(--ast-global-color-4)","background-image":"","background-repeat":"repeat","background-position":"center center","background-size":"auto","background-attachment":"scroll","background-type":"","background-media":"","overlay-type":"","overlay-color":"","overlay-opacity":"","overlay-gradient":""},"tablet":{"background-color":"","background-image":"","background-repeat":"repeat","background-position":"center center","background-size":"auto","background-attachment":"scroll","background-type":"","background-media":"","overlay-type":"","overlay-color":"","overlay-opacity":"","overlay-gradient":""},"mobile":{"background-color":"","background-image":"","background-repeat":"repeat","background-position":"center center","background-size":"auto","background-attachment":"scroll","background-type":"","background-media":"","overlay-type":"","overlay-color":"","overlay-opacity":"","overlay-gradient":""}},"ast-content-background-meta":{"desktop":{"background-color":"var(--ast-global-color-5)","background-image":"","background-repeat":"repeat","background-position":"center center","background-size":"auto","background-attachment":"scroll","background-type":"","background-media":"","overlay-type":"","overlay-color":"","overlay-opacity":"","overlay-gradient":""},"tablet":{"background-color":"var(--ast-global-color-5)","background-image":"","background-repeat":"repeat","background-position":"center center","background-size":"auto","background-attachment":"scroll","background-type":"","background-media":"","overlay-type":"","overlay-color":"","overlay-opacity":"","overlay-gradient":""},"mobile":{"background-color":"var(--ast-global-color-5)","background-image":"","background-repeat":"repeat","background-position":"center center","background-size":"auto","background-attachment":"scroll","background-type":"","background-media":"","overlay-type":"","overlay-color":"","overlay-opacity":"","overlay-gradient":""}}},"product_brand":[],"product_cat":[74],"product_tag":[],"class_list":{"0":"post-14045","1":"product","2":"type-product","3":"status-publish","4":"has-post-thumbnail","6":"product_cat-laminierung","7":"desktop-align-left","8":"tablet-align-left","9":"mobile-align-left","11":"first","12":"instock","13":"shipping-taxable","14":"product-type-simple"},"_links":{"self":[{"href":"https:\/\/www.gatorlamination.com\/de\/wp-json\/wp\/v2\/product\/14045","targetHints":{"allow":["GET"]}}],"collection":[{"href":"https:\/\/www.gatorlamination.com\/de\/wp-json\/wp\/v2\/product"}],"about":[{"href":"https:\/\/www.gatorlamination.com\/de\/wp-json\/wp\/v2\/types\/product"}],"replies":[{"embeddable":true,"href":"https:\/\/www.gatorlamination.com\/de\/wp-json\/wp\/v2\/comments?post=14045"}],"wp:featuredmedia":[{"embeddable":true,"href":"https:\/\/www.gatorlamination.com\/de\/wp-json\/wp\/v2\/media\/13276"}],"wp:attachment":[{"href":"https:\/\/www.gatorlamination.com\/de\/wp-json\/wp\/v2\/media?parent=14045"}],"wp:term":[{"taxonomy":"product_brand","embeddable":true,"href":"https:\/\/www.gatorlamination.com\/de\/wp-json\/wp\/v2\/product_brand?post=14045"},{"taxonomy":"product_cat","embeddable":true,"href":"https:\/\/www.gatorlamination.com\/de\/wp-json\/wp\/v2\/product_cat?post=14045"},{"taxonomy":"product_tag","embeddable":true,"href":"https:\/\/www.gatorlamination.com\/de\/wp-json\/wp\/v2\/product_tag?post=14045"}],"curies":[{"name":"wp","href":"https:\/\/api.w.org\/{rel}","templated":true}]}}